{"id":55977,"date":"2024-02-15T11:40:43","date_gmt":"2024-02-15T11:40:43","guid":{"rendered":"https:\/\/chessgamesemporium.com\/?post_type=product&#038;p=55977"},"modified":"2024-02-15T11:52:56","modified_gmt":"2024-02-15T11:52:56","slug":"poker-kovcek-s-300-zetoni","status":"publish","type":"product","link":"https:\/\/chessgamesemporium.com\/es\/shop\/druzabne-igre\/poker-kovcek-s-300-zetoni\/","title":{"rendered":"Malet\u00edn de p\u00f3ker con 300 fichas"},"content":{"rendered":"<p>El p\u00f3ker es, en realidad, un juego muy sencillo. Los jugadores realizan sus apuestas en varias rondas, y gana quien obtenga la combinaci\u00f3n de cartas de mayor puntuaci\u00f3n. Aunque existen cientos de variantes, la mayor\u00eda sigue las mismas reglas generales.<\/p>\n<p>Contenido:<br \/>\n3 fichas de jugador, 2 llaves, 2 barajas de cartas, 5 dados, 300 fichas de p\u00f3ker de casino con pegatinas l\u00e1ser, 11,5 g, \u00d8 39 mm, 3,3 mm de grosor, estuche de aluminio.<\/p>\n<p>Dimensiones: 390 x 210 x 70 mm<\/p>\n<p>\u00a1Advertencia! \u00a1No apto para ni\u00f1os menores de 3 a\u00f1os debido a las piezas peque\u00f1as! Peligro de asfixia.<\/p>","protected":false},"excerpt":{"rendered":"<p>Poker je v bistvu zelo preprosta igra. Igralci pla\u010dajo svoje stave v ve\u010d krogih, ki jih na koncu osvoji igralec z najvi\u0161jo kombinacijo kart. \u010ceprav obstaja na stotine razli\u010dic igranja, ve\u010dina sledi istemu na\u010dinu igre. Vsebina: 3 igralni \u017eetoni, 2 klju\u010da, 2 kompleta igralnih kart, 5\u00a0 kock, 300 casino poker \u017eetonov z lasersko nalepko, 11,5 [&hellip;]<\/p>","protected":false},"featured_media":55980,"comment_status":"open","ping_status":"closed","template":"","meta":{"_seopress_robots_primary_cat":"none","_seopress_titles_title":"","_seopress_titles_desc":"","_seopress_robots_index":""},"product_brand":[],"product_cat":[677],"product_tag":[],"class_list":{"0":"post-55977","1":"product","2":"type-product","3":"status-publish","4":"has-post-thumbnail","6":"product_cat-druzabne-igre","8":"entry","9":"has-media","11":"first","12":"instock","13":"taxable","14":"shipping-taxable","15":"purchasable","16":"product-type-simple","17":"has-product-nav","18":"col","19":"span_1_of_4","20":"owp-content-center","21":"item-entry","22":"owp-thumbs-layout-horizontal","23":"owp-btn-normal","24":"owp-tabs-layout-section"},"wcpa_form_fields":null,"_links":{"self":[{"href":"https:\/\/chessgamesemporium.com\/es\/wp-json\/wp\/v2\/product\/55977","targetHints":{"allow":["GET"]}}],"collection":[{"href":"https:\/\/chessgamesemporium.com\/es\/wp-json\/wp\/v2\/product"}],"about":[{"href":"https:\/\/chessgamesemporium.com\/es\/wp-json\/wp\/v2\/types\/product"}],"replies":[{"embeddable":true,"href":"https:\/\/chessgamesemporium.com\/es\/wp-json\/wp\/v2\/comments?post=55977"}],"version-history":[{"count":0,"href":"https:\/\/chessgamesemporium.com\/es\/wp-json\/wp\/v2\/product\/55977\/revisions"}],"wp:featuredmedia":[{"embeddable":true,"href":"https:\/\/chessgamesemporium.com\/es\/wp-json\/wp\/v2\/media\/55980"}],"wp:attachment":[{"href":"https:\/\/chessgamesemporium.com\/es\/wp-json\/wp\/v2\/media?parent=55977"}],"wp:term":[{"taxonomy":"product_brand","embeddable":true,"href":"https:\/\/chessgamesemporium.com\/es\/wp-json\/wp\/v2\/product_brand?post=55977"},{"taxonomy":"product_cat","embeddable":true,"href":"https:\/\/chessgamesemporium.com\/es\/wp-json\/wp\/v2\/product_cat?post=55977"},{"taxonomy":"product_tag","embeddable":true,"href":"https:\/\/chessgamesemporium.com\/es\/wp-json\/wp\/v2\/product_tag?post=55977"}],"curies":[{"name":"wp","href":"https:\/\/api.w.org\/{rel}","templated":true}]}}