{"id":56853,"date":"2024-04-15T10:19:20","date_gmt":"2024-04-15T10:19:20","guid":{"rendered":"https:\/\/chessgamesemporium.com\/?post_type=product&#038;p=56853"},"modified":"2026-05-03T08:31:37","modified_gmt":"2026-05-03T08:31:37","slug":"plasticne-sahovske-figure-staunton-obtezene","status":"publish","type":"product","link":"https:\/\/chessgamesemporium.com\/es\/shop\/sahovske-figure\/plasticne-figure\/plasticne-sahovske-figure-staunton-obtezene\/","title":{"rendered":"PIEZAS DE AJEDREZ DE PL\u00c1STICO STAUNTON CON PESO"},"content":{"rendered":"<div class=\"cge-desc-tabs\" data-cge-tabs=\"\">\n<div class=\"cge-desc-tab-buttons\">\n<button class=\"active\" type=\"button\" data-tab=\"opis\">Descripci\u00f3n<\/button><br \/>\n<button type=\"button\" data-tab=\"specifikacije\">Especificaciones:<\/button><br \/>\n<button type=\"button\" data-tab=\"primernost\">Adecuado para<\/button>\n<\/div>\n<p><!-- OPIS --><\/p>\n<div class=\"cge-desc-tab-panel active\" data-panel=\"opis\">\n<p>Las piezas de ajedrez STAUNTON con triple peso ofrecen una estabilidad extrema y una sensaci\u00f3n de juego m\u00e1s profesional. El peso adicional aumenta el equilibrio, algo que aprecian tanto los jugadores experimentados como los principiantes.<\/p>\n<p>Las bases de fieltro permiten movimientos suaves y silenciosos, a la vez que protegen el tablero de ara\u00f1azos. Este juego ofrece un excelente equilibrio entre precio y calidad, lo que lo convierte en una de las mejores opciones para escuelas, clubes y particulares que buscan un equipo serio pero asequible.<\/p>\n<p class=\"cge-seo\">Las piezas de ajedrez Staunton de pl\u00e1stico son una de las opciones m\u00e1s populares para entrenamiento, clubes de ajedrez y uso dom\u00e9stico, ya que combinan durabilidad, estabilidad y un precio asequible en un solo conjunto.<\/p>\n<p class=\"cge-warning\">\u00a1Advertencia! \u00a1No apto para ni\u00f1os menores de 3 a\u00f1os debido a las piezas peque\u00f1as! Peligro de asfixia.<\/p>\n<\/div>\n<p><!-- SPECIFIKACIJE --><\/p>\n<div class=\"cge-desc-tab-panel\" data-panel=\"specifikacije\">\n<div class=\"cge-spec-list\">\n<div><b>Base:<\/b> con fieltro<\/div>\n<div><b>Con peso<\/b> Triplemente lastradas<\/div>\n<div><b>Material:<\/b> Pl\u00e1stico<\/div>\n<div><b>Color:<\/b> Blanco y negro<\/div>\n<div><b>Adecuadas para tablero:<\/b> Tama\u00f1o de casilla 50 mm a 58 mm<\/div>\n<\/div>\n<p class=\"cge-spec-heading\">Dimensiones: (altura | ancho de la base)<\/p>\n<div class=\"cge-dimensions\">\n<div><b>Rey:<\/b> 9,5 cm (3.75 in) | 3,7 cm (1.45 in)<\/div>\n<div><b>Reina:<\/b> 7,5 cm (2.95 in) | 3,6 cm (1.40 in)<\/div>\n<div><b>Torre:<\/b> 4,6 cm (1.80 in) | 3,2 cm (1.25 in)<\/div>\n<div><b>Alfil:<\/b> 6,5 cm (2.55 in) | 3,1 cm (1.20 in)<\/div>\n<div><b>Caballo:<\/b> 5,8 cm (2.30 in) | 3,2 cm (1.25 in)<\/div>\n<div><b>Pe\u00f3n:<\/b> 4,5 cm (1.75 in) | 2,7 cm (1.05 in)<\/div>\n<\/div>\n<\/div>\n<p><!-- PRIMERNOST --><\/p>\n<div class=\"cge-desc-tab-panel\" data-panel=\"primernost\">\n<div class=\"cge-check-list\">\n<div>\u2713 Escuelas y clubes de ajedrez<\/div>\n<div>\u2713 Clubes y torneos de ajedrez<\/div>\n<div>\u2713 uso dom\u00e9stico<\/div>\n<div>\u2713 Jugadores que buscan piezas m\u00e1s pesadas y estables<\/div>\n<\/div>\n<\/div>\n<\/div>","protected":false},"excerpt":{"rendered":"<p>Opis Specifikacije Primernost Trojno obte\u017eene \u0161ahovske figure STAUNTON nudijo izjemno stabilnost in profesionalnej\u0161i ob\u010dutek pri igri. Dodatna masa v notranjosti figur pripomore k bolj\u0161i uravnote\u017eenosti, kar cenijo tako izku\u0161eni igralci kot tudi za\u010detniki. Filc pod figurami omogo\u010da tiho in gladko premikanje, obenem pa \u0161\u010diti \u0161ahovnico pred praskami. Gre za cenovno ugoden komplet s presenetljivo dobrim [&hellip;]<\/p>","protected":false},"featured_media":56871,"comment_status":"open","ping_status":"closed","template":"","meta":{"_seopress_robots_primary_cat":"none","_seopress_titles_title":"\u0160ahovske figure Staunton \u2013 plasti\u010dne, obte\u017eene | \u0160ahovska trgovina Muba","_seopress_titles_desc":"Obte\u017eene in podlo\u017eene \u0161ahovske figure Staunton za stabilno in tiho igro. Mo\u017een dokup dodatnih kraljic za promocije. Klasi\u010den dizajn za natan\u010dno igranje.","_seopress_robots_index":""},"product_brand":[],"product_cat":[511,521],"product_tag":[595],"class_list":{"0":"post-56853","1":"product","2":"type-product","3":"status-publish","4":"has-post-thumbnail","6":"product_cat-sahovske-figure","7":"product_cat-plasticne-figure","8":"product_tag-95mm","9":"wcpa_has_options","11":"entry","12":"has-media","14":"first","15":"instock","16":"taxable","17":"shipping-taxable","18":"purchasable","19":"product-type-simple","20":"has-product-nav","21":"col","22":"span_1_of_4","23":"owp-content-center","24":"item-entry","25":"owp-thumbs-layout-horizontal","26":"owp-btn-normal","27":"owp-tabs-layout-section"},"wcpa_form_fields":{"rules":{"pric_overide_base_price":false,"pric_overide_base_price_if_gt_zero":false,"pric_overide_base_price_fully":false,"pric_cal_option_once":false,"pric_use_as_fee":false,"bind_quantity":false,"quantity_bind_formula":false},"fields":[{"type":"checkbox-group","elementId":"wcpa-checkbox-group-1707738535577","label":"Dodatek","enablePrice":true,"priceOptions":"fixed_for_all","pricingType":"fixed","price":"5","name":"checkbox-group-1707738535577","other_text":"Other","cl_rule":"show","col":6,"values":[{"label":"Dodatni kraljici (bela in \u010drna)","value":"5.00 Eur","price":"","pimage":"","pimage_id":"","pthumb":""}],"relations":false,"form_id":55845,"form_rules":{"pric_cal_option_once":false,"exclude_from_discount":false,"pric_use_as_fee":false,"fee_label":"Fee","render_after_acb":false,"disp_hide_options_price":false}}]},"_links":{"self":[{"href":"https:\/\/chessgamesemporium.com\/es\/wp-json\/wp\/v2\/product\/56853","targetHints":{"allow":["GET"]}}],"collection":[{"href":"https:\/\/chessgamesemporium.com\/es\/wp-json\/wp\/v2\/product"}],"about":[{"href":"https:\/\/chessgamesemporium.com\/es\/wp-json\/wp\/v2\/types\/product"}],"replies":[{"embeddable":true,"href":"https:\/\/chessgamesemporium.com\/es\/wp-json\/wp\/v2\/comments?post=56853"}],"version-history":[{"count":3,"href":"https:\/\/chessgamesemporium.com\/es\/wp-json\/wp\/v2\/product\/56853\/revisions"}],"predecessor-version":[{"id":64409,"href":"https:\/\/chessgamesemporium.com\/es\/wp-json\/wp\/v2\/product\/56853\/revisions\/64409"}],"wp:featuredmedia":[{"embeddable":true,"href":"https:\/\/chessgamesemporium.com\/es\/wp-json\/wp\/v2\/media\/56871"}],"wp:attachment":[{"href":"https:\/\/chessgamesemporium.com\/es\/wp-json\/wp\/v2\/media?parent=56853"}],"wp:term":[{"taxonomy":"product_brand","embeddable":true,"href":"https:\/\/chessgamesemporium.com\/es\/wp-json\/wp\/v2\/product_brand?post=56853"},{"taxonomy":"product_cat","embeddable":true,"href":"https:\/\/chessgamesemporium.com\/es\/wp-json\/wp\/v2\/product_cat?post=56853"},{"taxonomy":"product_tag","embeddable":true,"href":"https:\/\/chessgamesemporium.com\/es\/wp-json\/wp\/v2\/product_tag?post=56853"}],"curies":[{"name":"wp","href":"https:\/\/api.w.org\/{rel}","templated":true}]}}