{"id":57122,"date":"2024-05-28T10:16:17","date_gmt":"2024-05-28T10:16:17","guid":{"rendered":"https:\/\/chessgamesemporium.com\/?post_type=product&#038;p=57122"},"modified":"2026-03-16T11:54:52","modified_gmt":"2026-03-16T11:54:52","slug":"dvoretskys-endgame-manual","status":"publish","type":"product","link":"https:\/\/chessgamesemporium.com\/es\/shop\/libros-ajedrez\/finales-ajedrez\/dvoretskys-endgame-manual\/","title":{"rendered":"DVORETSKY&#8217;S ENDGAME MANUAL"},"content":{"rendered":"<p>Avtor: Mark Dvoretsky<br \/>\nLeto izdaje: 2025<br \/>\nIdioma: Ingl\u00e9s<br \/>\n\u0160t. strani: 440<br \/>\nFormat: 25,2 x 17,7 cm<br \/>\nEncuadernaci\u00f3n: tapa blanda<\/p>\n<p>Ko se je leta 2003 pojavila prva izdaja Endgame manual, so jo tako za\u010detniki kot mojstri takoj prepoznali kot eno najbolj\u0161ih knjig, ki so bile kdajkoli objavljene o kon\u010dnicah. Pove\u010dana in prenovljena peta izdaja je bolj\u0161a kot kadarkoli prej!<\/p>\n<p>Takole je v predgovoru k peti izdaji povedal Vladimir Kramnik, 14. svetovni prvak:<\/p>\n<p>\u201dMenim, da je Dvoretskyjev Endgame manual absolutno obvezen za vsakega \u0161ahovskega profesionalca in ni\u010d manj pomemben tudi za klubskega igralca \u2026 To knjigo vedno priporo\u010dam \u2026 Menim, da je ena najbolj\u0161ih \u0161ahovskih knjig, izdanih v zadnjem \u010dasu, in zelo sem zadovoljen z novo izbolj\u0161ano izdajo &#8230;&#8221;<\/p>\n<p>Nem\u0161ki velemojster Karsten M\u00fcller, splo\u0161no priznan kot eden najbolj\u0161ih teoretikov kon\u010dnic na svetu, je skrbno posodobil peto izdajo s pomo\u010djo ameri\u0161kega velemojstra Alexa Fishbeina. Ohranjena je neverjetna u\u010dna vrednost vaj, modro besedilo, uporabljeno v prvih \u0161tirih izdajah, pa je zamenjano z besedilom s svetlo sivim ozadjem.<\/p>\n<p>Mnogi menijo, da je Mark Dvoretsky glavni \u0161ahovski u\u010ditelj na\u0161e dobe. Njegova dela o sredi\u0161njici in kon\u010dnici so postavila standard, po katerem se merijo druge \u0161ahovske knjige.<\/p>\n<p>Nisi prepri\u010dan, ali je ta knjiga prava za tvoj nivo?<br \/>\nLee nuestra gu\u00eda <a href=\"https:\/\/chessgamesemporium.com\/es\/kako-izbrati-pravo-sahovsko-knjigo-za-napredovanje\/\">kako izbrati pravo \u0161ahovsko knjigo za napredovanje.<\/a><\/p>","protected":false},"excerpt":{"rendered":"<p>Avtor: Mark Dvoretsky Leto izdaje: 2025 Jezik: Angle\u0161ki \u0160t. strani: 440 Format: 25,2 x 17,7 cm Platnice: mehke Ko se je leta 2003 pojavila prva izdaja Endgame manual, so jo tako za\u010detniki kot mojstri takoj prepoznali kot eno najbolj\u0161ih knjig, ki so bile kdajkoli objavljene o kon\u010dnicah. Pove\u010dana in prenovljena peta izdaja je bolj\u0161a kot [&hellip;]<\/p>","protected":false},"featured_media":62699,"comment_status":"open","ping_status":"closed","template":"","meta":{"_seopress_robots_primary_cat":"none","_seopress_titles_title":"","_seopress_titles_desc":"","_seopress_robots_index":""},"product_brand":[],"product_cat":[609,512,194],"product_tag":[],"class_list":{"0":"post-57122","1":"product","2":"type-product","3":"status-publish","4":"has-post-thumbnail","6":"product_cat-koncnice","7":"product_cat-sahovske-knjige","8":"product_cat-vsi-izdelki","9":"pa_avtor-mark-dvoretsky","10":"pa_leto-izdaje-1034","11":"pa_nivo-knjige-napredni","12":"pa_stran-oboje-nevtralno","13":"pa_tip-knjige-koncnice","14":"pa_zalozba-russell-enterprises","16":"entry","17":"has-media","19":"first","20":"instock","21":"taxable","22":"shipping-taxable","23":"purchasable","24":"product-type-simple","25":"has-product-nav","26":"col","27":"span_1_of_4","28":"owp-content-center","29":"item-entry","30":"owp-thumbs-layout-horizontal","31":"owp-btn-normal","32":"owp-tabs-layout-section","33":"has-no-thumbnails"},"wcpa_form_fields":null,"_links":{"self":[{"href":"https:\/\/chessgamesemporium.com\/es\/wp-json\/wp\/v2\/product\/57122","targetHints":{"allow":["GET"]}}],"collection":[{"href":"https:\/\/chessgamesemporium.com\/es\/wp-json\/wp\/v2\/product"}],"about":[{"href":"https:\/\/chessgamesemporium.com\/es\/wp-json\/wp\/v2\/types\/product"}],"replies":[{"embeddable":true,"href":"https:\/\/chessgamesemporium.com\/es\/wp-json\/wp\/v2\/comments?post=57122"}],"version-history":[{"count":0,"href":"https:\/\/chessgamesemporium.com\/es\/wp-json\/wp\/v2\/product\/57122\/revisions"}],"wp:featuredmedia":[{"embeddable":true,"href":"https:\/\/chessgamesemporium.com\/es\/wp-json\/wp\/v2\/media\/62699"}],"wp:attachment":[{"href":"https:\/\/chessgamesemporium.com\/es\/wp-json\/wp\/v2\/media?parent=57122"}],"wp:term":[{"taxonomy":"product_brand","embeddable":true,"href":"https:\/\/chessgamesemporium.com\/es\/wp-json\/wp\/v2\/product_brand?post=57122"},{"taxonomy":"product_cat","embeddable":true,"href":"https:\/\/chessgamesemporium.com\/es\/wp-json\/wp\/v2\/product_cat?post=57122"},{"taxonomy":"product_tag","embeddable":true,"href":"https:\/\/chessgamesemporium.com\/es\/wp-json\/wp\/v2\/product_tag?post=57122"}],"curies":[{"name":"wp","href":"https:\/\/api.w.org\/{rel}","templated":true}]}}