{"id":57791,"date":"2024-09-03T09:25:42","date_gmt":"2024-09-03T09:25:42","guid":{"rendered":"https:\/\/chessgamesemporium.com\/?post_type=product&#038;p=57791"},"modified":"2026-03-12T07:53:51","modified_gmt":"2026-03-12T07:53:51","slug":"key-elements-of-chess-tactics","status":"publish","type":"product","link":"https:\/\/chessgamesemporium.com\/es\/shop\/libros-ajedrez\/estrategia-y-tactica\/key-elements-of-chess-tactics\/","title":{"rendered":"Key Elements of Chess Tactics"},"content":{"rendered":"<p>Avtor: Georgy Lisitsin<br \/>\nLeto izdaje: 2024<br \/>\nIdioma: Ingl\u00e9s<br \/>\nPages : 392<br \/>\nFormato: 24 \u00d7 17 cm<\/p>\n<p>Georgy Lisitsin (1909-72) je bil znamenit sovjetski mojster, teoretik in pisatelj. Leta 1958 je objavil svoje najbolj ambiciozno delo, z naslovom Strategy and Tactics of Chess, ki je postalo eden izmed najlegendarnej\u0161ih priro\u010dnikov sovjetske \u0161ole \u0161aham in nedvoumno ena od knjig, ki je mladega Bobbyja Fischerja motivirala, da se nau\u010di ruskega jezika.<\/p>\n<div class=\"elementor-element elementor-element-ac961a3 internallinks wd-single-content elementor-widget elementor-widget-wd_single_product_content\" data-id=\"ac961a3\" data-element_type=\"widget\" data-widget_type=\"wd_single_product_content.default\">\n<div class=\"elementor-widget-container\">\n<p>Lisitsin je strategijo in taktiko razdelil na njune klju\u010dne elemente, da lahko \u0161ahisti vseh stopenj sistemati\u010dno u\u010denje, kjer se nau\u010dijo iz skrbno izbranih delov iger in \u0161tudij. Key Elements of Chess Tactics in pripadajo\u010da knjiga Key Elements of Chess Strategy sta prva celotna angle\u0161ka prevoda Lisitsinovih klasik.<\/p>\n<p>V Key Elements of Chess tactics Lisitsin prika\u017ee klju\u010dne takti\u010dne concepte kot so vezave, odkriti napadi in \u0161ahi, deflekcija, in mnogi drugi. Knjiga zgradi osnove, nato pa nadaljuje na bolj kompleksne in lep\u0161e takti\u010dne teme.<\/p>\n<\/div>\n<\/div>","protected":false},"excerpt":{"rendered":"<p><a href=\"https:\/\/chessgamesemporium.com\/wp-content\/uploads\/2024\/09\/KeyElementsofChessTacticsExcerpt.pdf\">Extracto en PDF<\/a><\/p>","protected":false},"featured_media":57795,"comment_status":"open","ping_status":"closed","template":"","meta":{"_seopress_robots_primary_cat":"none","_seopress_titles_title":"","_seopress_titles_desc":"%%post_content%%","_seopress_robots_index":""},"product_brand":[],"product_cat":[512,608],"product_tag":[],"class_list":{"0":"post-57791","1":"product","2":"type-product","3":"status-publish","4":"has-post-thumbnail","6":"product_cat-sahovske-knjige","7":"product_cat-strategija-in-taktika","8":"pa_avtor-georgy-lisitsin","9":"pa_leto-izdaje-1023","10":"pa_nivo-knjige-srednji","11":"pa_stran-oboje-nevtralno","12":"pa_tip-knjige-taktika","13":"pa_zalozba-quality-chess","15":"entry","16":"has-media","18":"first","19":"instock","20":"taxable","21":"shipping-taxable","22":"purchasable","23":"product-type-variable","24":"has-product-nav","25":"col","26":"span_1_of_4","27":"owp-content-center","28":"item-entry","29":"owp-thumbs-layout-horizontal","30":"owp-btn-normal","31":"owp-tabs-layout-section","32":"has-no-thumbnails"},"wcpa_form_fields":null,"_links":{"self":[{"href":"https:\/\/chessgamesemporium.com\/es\/wp-json\/wp\/v2\/product\/57791","targetHints":{"allow":["GET"]}}],"collection":[{"href":"https:\/\/chessgamesemporium.com\/es\/wp-json\/wp\/v2\/product"}],"about":[{"href":"https:\/\/chessgamesemporium.com\/es\/wp-json\/wp\/v2\/types\/product"}],"replies":[{"embeddable":true,"href":"https:\/\/chessgamesemporium.com\/es\/wp-json\/wp\/v2\/comments?post=57791"}],"version-history":[{"count":0,"href":"https:\/\/chessgamesemporium.com\/es\/wp-json\/wp\/v2\/product\/57791\/revisions"}],"wp:featuredmedia":[{"embeddable":true,"href":"https:\/\/chessgamesemporium.com\/es\/wp-json\/wp\/v2\/media\/57795"}],"wp:attachment":[{"href":"https:\/\/chessgamesemporium.com\/es\/wp-json\/wp\/v2\/media?parent=57791"}],"wp:term":[{"taxonomy":"product_brand","embeddable":true,"href":"https:\/\/chessgamesemporium.com\/es\/wp-json\/wp\/v2\/product_brand?post=57791"},{"taxonomy":"product_cat","embeddable":true,"href":"https:\/\/chessgamesemporium.com\/es\/wp-json\/wp\/v2\/product_cat?post=57791"},{"taxonomy":"product_tag","embeddable":true,"href":"https:\/\/chessgamesemporium.com\/es\/wp-json\/wp\/v2\/product_tag?post=57791"}],"curies":[{"name":"wp","href":"https:\/\/api.w.org\/{rel}","templated":true}]}}