{"id":58899,"date":"2024-12-11T09:59:58","date_gmt":"2024-12-11T09:59:58","guid":{"rendered":"https:\/\/chessgamesemporium.com\/?post_type=product&#038;p=58899"},"modified":"2026-03-20T10:49:09","modified_gmt":"2026-03-20T10:49:09","slug":"beating-the-queens-gambit-indian-style","status":"publish","type":"product","link":"https:\/\/chessgamesemporium.com\/es\/shop\/libros-ajedrez\/aperturas-ajedrez\/beating-the-queens-gambit-indian-style\/","title":{"rendered":"Beating the Queen\u2019s Gambit \u2013 Indian Style!"},"content":{"rendered":"<p>Avtor: Renier Castellanos<br \/>\nLeto izdaje: 2024<br \/>\nIdioma: Ingl\u00e9s<br \/>\n\u0160t. strani: 312<br \/>\nFormat: 24,0 x 17,0 cm<br \/>\nEncuadernaci\u00f3n: tapa blanda<\/p>\n<p>Ta knjiga zagovarja vrstni red potez 1.d4 Sf6 2.c4 e6 3.Sf3 d5 za \u010drne \u2013 s 3.Nc3 Lb4 je bilo obravnavano v sestrski knjigi Playing the Nimzo-Indian. S tem, ko \u010drni \u010daka, da se skaka\u010d pojavi na f3, preden preide na damin gambit, zmanj\u0161a mo\u017enosti belih.<\/p>\n<p>\u0160panski velemojster Renier Castellanos zaklju\u010duje svoj vrhunski repertoar za \u010drne proti 1.d4, z Dunajsko varianto (4.Nc3 dxc4) in Katalonko (4.g3 dxc4) kot najve\u010dji temi. Ta knjiga nudi tudi temeljita navodila proti vsem belim pomembnim alternativam pri potezah 2-4.<\/p>\n<p>S premi\u0161ljenimi razlagami, podkrepljenimi z natan\u010dno analizo, Beating the Queen&#8217;s Gambit \u2013 Indian Style! nudi vse, kar potrebujete za obvladovanje variant 1.d4 Nf6, kjer se beli izogiba Nimzo-Indijski obrambi.<\/p>","protected":false},"excerpt":{"rendered":"<p><a href=\"https:\/\/chessgamesemporium.com\/wp-content\/uploads\/2024\/12\/Beating-the-QG-Indian-Style-085-Excerpt.pdf\" target=\"_blank\" rel=\"noopener\">Extracto en PDF<\/a><\/p>","protected":false},"featured_media":58904,"comment_status":"open","ping_status":"closed","template":"","meta":{"_seopress_robots_primary_cat":"none","_seopress_titles_title":"","_seopress_titles_desc":"","_seopress_robots_index":""},"product_brand":[],"product_cat":[605,512],"product_tag":[],"class_list":{"0":"post-58899","1":"product","2":"type-product","3":"status-publish","4":"has-post-thumbnail","6":"product_cat-otvoritve","7":"product_cat-sahovske-knjige","8":"pa_avtor-renier-castellanos","9":"pa_leto-izdaje-1023","10":"pa_nivo-knjige-napredni","11":"pa_otvoritev-tema-damin-gambit","12":"pa_otvoritev-tema-damina-indijka","13":"pa_otvoritev-tema-nimzo-indijka","14":"pa_stran-oboje-nevtralno","15":"pa_tip-knjige-otvoritve","16":"pa_zalozba-quality-chess","18":"entry","19":"has-media","21":"first","22":"instock","23":"taxable","24":"shipping-taxable","25":"purchasable","26":"product-type-simple","27":"has-product-nav","28":"col","29":"span_1_of_4","30":"owp-content-center","31":"item-entry","32":"owp-thumbs-layout-horizontal","33":"owp-btn-normal","34":"owp-tabs-layout-section","35":"has-no-thumbnails"},"wcpa_form_fields":null,"_links":{"self":[{"href":"https:\/\/chessgamesemporium.com\/es\/wp-json\/wp\/v2\/product\/58899","targetHints":{"allow":["GET"]}}],"collection":[{"href":"https:\/\/chessgamesemporium.com\/es\/wp-json\/wp\/v2\/product"}],"about":[{"href":"https:\/\/chessgamesemporium.com\/es\/wp-json\/wp\/v2\/types\/product"}],"replies":[{"embeddable":true,"href":"https:\/\/chessgamesemporium.com\/es\/wp-json\/wp\/v2\/comments?post=58899"}],"version-history":[{"count":0,"href":"https:\/\/chessgamesemporium.com\/es\/wp-json\/wp\/v2\/product\/58899\/revisions"}],"wp:featuredmedia":[{"embeddable":true,"href":"https:\/\/chessgamesemporium.com\/es\/wp-json\/wp\/v2\/media\/58904"}],"wp:attachment":[{"href":"https:\/\/chessgamesemporium.com\/es\/wp-json\/wp\/v2\/media?parent=58899"}],"wp:term":[{"taxonomy":"product_brand","embeddable":true,"href":"https:\/\/chessgamesemporium.com\/es\/wp-json\/wp\/v2\/product_brand?post=58899"},{"taxonomy":"product_cat","embeddable":true,"href":"https:\/\/chessgamesemporium.com\/es\/wp-json\/wp\/v2\/product_cat?post=58899"},{"taxonomy":"product_tag","embeddable":true,"href":"https:\/\/chessgamesemporium.com\/es\/wp-json\/wp\/v2\/product_tag?post=58899"}],"curies":[{"name":"wp","href":"https:\/\/api.w.org\/{rel}","templated":true}]}}