{"id":59901,"date":"2025-03-25T11:07:37","date_gmt":"2025-03-25T11:07:37","guid":{"rendered":"https:\/\/chessgamesemporium.com\/?post_type=product&#038;p=59901"},"modified":"2026-03-08T15:31:45","modified_gmt":"2026-03-08T15:31:45","slug":"chess-opening-repertoire-accelerated-dragon","status":"publish","type":"product","link":"https:\/\/chessgamesemporium.com\/es\/shop\/libros-ajedrez\/aperturas-ajedrez\/chess-opening-repertoire-accelerated-dragon\/","title":{"rendered":"Chess Opening Repertoire: Accelerated Dragon"},"content":{"rendered":"<p>Avtor: Nigel Davies<br \/>\nLeto izdaje: 2025<br \/>\nIdioma: Ingl\u00e9s<br \/>\n\u0160t. strani: 320<br \/>\nFormato: 24 \u00d7 17 cm<br \/>\nEncuadernaci\u00f3n: tapa blanda<\/p>\n<p>Pospe\u0161ena Zmajevka (1. e4 c5 2. Nf3 Nc6 3. d4 cxd4 4. Nxd4 g6) je pritegnila pozornost mnogih ustvarjalnih igralcev.<br \/>\nV preteklosti sta to varianto igrala tudi Tigran Petrosjan in Bent Larsen, med sodobnimi navdu\u0161enci pa najdemo dominantnega igralca te dobe Magnusa Carlsena, pa tudi Viswanathana Ananda, Veselina Topalova, Vasilija Ivan\u010duka, Jana-Krzysztofa Dudo in mnoge druge.<\/p>\n<p>Otvoritev je zna\u010dilna po hitrem fijanketu \u010drnopoljnega lovca na g7.<br \/>\nJe bli\u017enji sorodnik &#8220;klasi\u010dnega&#8221; Zmaja (1. e4 c5 2. Nf3 d6 3. d4 cxd4 4. Nxd4 Nf6 5. Nc3 g6), vendar z eno klju\u010dno razliko \u2013 \u010drni zavla\u010duje z igranjem kmeta na d6, kar povzro\u010da dodatne zaplete. \u010ce beli ne odreagira natan\u010dno, ima \u010drni pogosto prilo\u017enost, da odigra\u00a0 d7-d5 v enem zamahu. Ta preboj lahko deluje kot eksplozija bombe, saj beli polo\u017eaj hitro razpade.<\/p>\n<p>Tradicionalni razlog, zakaj se na pospe\u0161eni Zmaj pogosto gleda s kan\u010dkom dvoma, je mo\u017enost, da beli z 5. c4 vzpostavi Maroczyjevo strukturo \u2013 potencialno mo\u010dno omejitev \u010drne igre.<br \/>\nVendar obstajajo u\u010dinkoviti na\u010dini, kako se temu na\u010drtu upreti, ki so v knjigi podrobno analizirani.<\/p>\n<p>\u2714 Mo\u010dna in agresivna varianta, kjer so &#8220;naravne&#8221; poteze lahko usodne za belega.<br \/>\n\u2714 Celovit repertoar za \u010drnega proti 1. e4.<br \/>\n\u2714 Metoda vpra\u0161anj in odgovorov neprestano preverja bral\u010devo razumevanje.<\/p>","protected":false},"excerpt":{"rendered":"<p><a href=\"https:\/\/chessgamesemporium.com\/wp-content\/uploads\/2025\/03\/8983.pdf\" target=\"_blank\" rel=\"noopener\">Extracto en PDF<\/a><\/p>","protected":false},"featured_media":59854,"comment_status":"open","ping_status":"closed","template":"","meta":{"_seopress_robots_primary_cat":"none","_seopress_titles_title":"","_seopress_titles_desc":"","_seopress_robots_index":""},"product_brand":[],"product_cat":[605,512],"product_tag":[],"class_list":{"0":"post-59901","1":"product","2":"type-product","3":"status-publish","4":"has-post-thumbnail","6":"product_cat-otvoritve","7":"product_cat-sahovske-knjige","8":"pa_avtor-nigel-davies","9":"pa_glavna-linija-1-e4-c5-2-nf3-nc6-3-d4","10":"pa_leto-izdaje-1034","11":"pa_nivo-knjige-napredni","12":"pa_nivo-knjige-srednji","13":"pa_otvoritev-tema-accelerated-dragon","14":"pa_otvoritev-tema-sicilijanska-obramba","15":"pa_stran-crni","16":"pa_tip-knjige-otvoritve","17":"pa_zalozba-popular-chess","19":"entry","20":"has-media","22":"first","23":"instock","24":"taxable","25":"shipping-taxable","26":"purchasable","27":"product-type-simple","28":"has-product-nav","29":"col","30":"span_1_of_4","31":"owp-content-center","32":"item-entry","33":"owp-thumbs-layout-horizontal","34":"owp-btn-normal","35":"owp-tabs-layout-section","36":"has-no-thumbnails"},"wcpa_form_fields":null,"_links":{"self":[{"href":"https:\/\/chessgamesemporium.com\/es\/wp-json\/wp\/v2\/product\/59901","targetHints":{"allow":["GET"]}}],"collection":[{"href":"https:\/\/chessgamesemporium.com\/es\/wp-json\/wp\/v2\/product"}],"about":[{"href":"https:\/\/chessgamesemporium.com\/es\/wp-json\/wp\/v2\/types\/product"}],"replies":[{"embeddable":true,"href":"https:\/\/chessgamesemporium.com\/es\/wp-json\/wp\/v2\/comments?post=59901"}],"version-history":[{"count":0,"href":"https:\/\/chessgamesemporium.com\/es\/wp-json\/wp\/v2\/product\/59901\/revisions"}],"wp:featuredmedia":[{"embeddable":true,"href":"https:\/\/chessgamesemporium.com\/es\/wp-json\/wp\/v2\/media\/59854"}],"wp:attachment":[{"href":"https:\/\/chessgamesemporium.com\/es\/wp-json\/wp\/v2\/media?parent=59901"}],"wp:term":[{"taxonomy":"product_brand","embeddable":true,"href":"https:\/\/chessgamesemporium.com\/es\/wp-json\/wp\/v2\/product_brand?post=59901"},{"taxonomy":"product_cat","embeddable":true,"href":"https:\/\/chessgamesemporium.com\/es\/wp-json\/wp\/v2\/product_cat?post=59901"},{"taxonomy":"product_tag","embeddable":true,"href":"https:\/\/chessgamesemporium.com\/es\/wp-json\/wp\/v2\/product_tag?post=59901"}],"curies":[{"name":"wp","href":"https:\/\/api.w.org\/{rel}","templated":true}]}}