{"id":59915,"date":"2025-03-25T11:38:58","date_gmt":"2025-03-25T11:38:58","guid":{"rendered":"https:\/\/chessgamesemporium.com\/?post_type=product&#038;p=59915"},"modified":"2026-03-12T07:58:15","modified_gmt":"2026-03-12T07:58:15","slug":"mastering-chess-exchanges","status":"publish","type":"product","link":"https:\/\/chessgamesemporium.com\/es\/shop\/libros-ajedrez\/estrategia-y-tactica\/mastering-chess-exchanges\/","title":{"rendered":"Mastering Chess Exchanges"},"content":{"rendered":"<p>Avtor: Jacob Aagaard, Renier Castellanos<br \/>\nLeto izdaje: 2025<br \/>\nIdioma: Ingl\u00e9s<br \/>\n\u0160t. strani: 368<br \/>\nFormato: 24 \u00d7 17 cm<br \/>\nEncuadernaci\u00f3n: tapa blanda<\/p>\n<p>Le malo knjig se je ukvarjalo s temo menjav v \u0161ahu, zaradi \u010desar ta pomemben del \u0161ahovske strategije ostaja skrivnost za ve\u010dino igralcev.<br \/>\nV knjigi Obvladovanje \u0161ahovskih menjav velemojstra Jacob Aagaard in Renier Castellanos raz\u010dlenita to temo na jasne koncepte, kot so preference figur, napetost, slabosti, barvni kompleksi, varnost kralja in kon\u010dnice. S pomo\u010djo izbranih primerov osvetlita klju\u010dne ideje. Nato ima bralec prilo\u017enost, da svoje razumevanje pretvori v prakti\u010dno znanje s 365 pou\u010dnimi vajami, ki so predstavljene v inovativnem formatu z ve\u010d mo\u017enimi odgovori, zasnovanem tako, da usmeri pozornost na mo\u017ene menjave.<\/p>\n<p>Nisi prepri\u010dan, ali je ta knjiga prava za tvoj nivo?<br \/>\nLee nuestra gu\u00eda <a href=\"https:\/\/chessgamesemporium.com\/es\/kako-izbrati-pravo-sahovsko-knjigo-za-napredovanje\/\">kako izbrati pravo \u0161ahovsko knjigo za napredovanje.<\/a><\/p>","protected":false},"excerpt":{"rendered":"<p><a href=\"https:\/\/chessgamesemporium.com\/wp-content\/uploads\/2025\/03\/82119.pdf\" target=\"_blank\" rel=\"noopener\">Extracto en PDF<\/a><\/p>","protected":false},"featured_media":59857,"comment_status":"open","ping_status":"closed","template":"","meta":{"_seopress_robots_primary_cat":"none","_seopress_titles_title":"","_seopress_titles_desc":"","_seopress_robots_index":""},"product_brand":[],"product_cat":[608,512],"product_tag":[],"class_list":{"0":"post-59915","1":"product","2":"type-product","3":"status-publish","4":"has-post-thumbnail","6":"product_cat-strategija-in-taktika","7":"product_cat-sahovske-knjige","8":"pa_avtor-jacob-aagaard","9":"pa_avtor-renier-castellanos","10":"pa_leto-izdaje-1034","11":"pa_nivo-knjige-srednji","12":"pa_stran-oboje-nevtralno","13":"pa_tip-knjige-srednja-igra-strategija","14":"pa_zalozba-quality-chess","16":"entry","17":"has-media","19":"first","20":"instock","21":"taxable","22":"shipping-taxable","23":"purchasable","24":"product-type-simple","25":"has-product-nav","26":"col","27":"span_1_of_4","28":"owp-content-center","29":"item-entry","30":"owp-thumbs-layout-horizontal","31":"owp-btn-normal","32":"owp-tabs-layout-section","33":"has-no-thumbnails"},"wcpa_form_fields":null,"_links":{"self":[{"href":"https:\/\/chessgamesemporium.com\/es\/wp-json\/wp\/v2\/product\/59915","targetHints":{"allow":["GET"]}}],"collection":[{"href":"https:\/\/chessgamesemporium.com\/es\/wp-json\/wp\/v2\/product"}],"about":[{"href":"https:\/\/chessgamesemporium.com\/es\/wp-json\/wp\/v2\/types\/product"}],"replies":[{"embeddable":true,"href":"https:\/\/chessgamesemporium.com\/es\/wp-json\/wp\/v2\/comments?post=59915"}],"version-history":[{"count":0,"href":"https:\/\/chessgamesemporium.com\/es\/wp-json\/wp\/v2\/product\/59915\/revisions"}],"wp:featuredmedia":[{"embeddable":true,"href":"https:\/\/chessgamesemporium.com\/es\/wp-json\/wp\/v2\/media\/59857"}],"wp:attachment":[{"href":"https:\/\/chessgamesemporium.com\/es\/wp-json\/wp\/v2\/media?parent=59915"}],"wp:term":[{"taxonomy":"product_brand","embeddable":true,"href":"https:\/\/chessgamesemporium.com\/es\/wp-json\/wp\/v2\/product_brand?post=59915"},{"taxonomy":"product_cat","embeddable":true,"href":"https:\/\/chessgamesemporium.com\/es\/wp-json\/wp\/v2\/product_cat?post=59915"},{"taxonomy":"product_tag","embeddable":true,"href":"https:\/\/chessgamesemporium.com\/es\/wp-json\/wp\/v2\/product_tag?post=59915"}],"curies":[{"name":"wp","href":"https:\/\/api.w.org\/{rel}","templated":true}]}}