{"id":60555,"date":"2025-08-27T09:32:29","date_gmt":"2025-08-27T09:32:29","guid":{"rendered":"https:\/\/chessgamesemporium.com\/?post_type=product&#038;p=60555"},"modified":"2026-03-09T11:16:59","modified_gmt":"2026-03-09T11:16:59","slug":"maximize-your-chess-potential","status":"publish","type":"product","link":"https:\/\/chessgamesemporium.com\/es\/shop\/libros-ajedrez\/estrategia-y-tactica\/maximize-your-chess-potential\/","title":{"rendered":"Maximize Your Chess Potential!"},"content":{"rendered":"<p>Avtor: Dan Heisman<br \/>\nLeto izdaje: 2025<br \/>\nIdioma: Ingl\u00e9s<br \/>\n\u0160t. strani: 304<br \/>\nFormato: 24 \u00d7 17 cm<br \/>\nEncuadernaci\u00f3n: tapa blanda<\/p>\n<p>Dan Heisman u\u010di \u0161ah \u017ee ve\u010d kot 50 let, s polnim delovnim \u010dasom pa se temu posve\u010da od leta 1996. Zato zelo dobro ve, kak\u0161ni nasveti dejansko pomagajo igralcem napredovati. Ta knjiga je destilat teh nasvetov.<\/p>\n<p>Temelji na njegovi rubriki na X (prej Twitter) \u00bbChess tip of the day\u00ab, ki izhaja \u017ee od leta 2009 in vsebuje ve\u010d kot 4000 nasvetov. Najkoristnej\u0161i nasveti so bili izbrani in zdru\u017eeni v 164 napotkov, ki vklju\u010dujejo dodatno uporabno gradivo \u2013 od ponazorilnih zgodb do \u0161tevilnih diagramov z u\u010dnimi primeri igre.<\/p>\n<p>Ti nasveti osvetljujejo in obravnavajo najpogostej\u0161e te\u017eave, s katerimi se soo\u010dajo \u0161ahovski navdu\u0161enci vseh ravni. Hkrati ponujajo na\u010dine, kako te te\u017eave omiliti ali se jim celo povsem izogniti, ter s tem izbolj\u0161ati igro in se u\u010dinkoviteje u\u010diti \u0161aha. Usmerjeni so predvsem k splo\u0161nemu napredku, ne pa k re\u0161evanju posameznih polo\u017eajev.<\/p>\n<p>Obravnavane teme vklju\u010dujejo: splo\u0161no izbolj\u0161anje, miselne procese, psihologijo, taktiko, varnost, pozicijske koncepte, strategijo, otvoritve in kon\u010dnice.<\/p>","protected":false},"excerpt":{"rendered":"<p><a href=\"https:\/\/chessgamesemporium.com\/wp-content\/uploads\/2025\/08\/81008.pdf\" target=\"_blank\" rel=\"noopener\">Extracto en PDF<\/a><\/p>","protected":false},"featured_media":60559,"comment_status":"open","ping_status":"closed","template":"","meta":{"_seopress_robots_primary_cat":"none","_seopress_titles_title":"","_seopress_titles_desc":"","_seopress_robots_index":""},"product_brand":[],"product_cat":[512,608],"product_tag":[],"class_list":{"0":"post-60555","1":"product","2":"type-product","3":"status-publish","4":"has-post-thumbnail","6":"product_cat-sahovske-knjige","7":"product_cat-strategija-in-taktika","8":"pa_avtor-dan-heisman","9":"pa_leto-izdaje-1034","10":"pa_nivo-knjige-srednji","11":"pa_stran-oboje-nevtralno","12":"pa_tip-knjige-srednja-igra-strategija","13":"pa_zalozba-popular-chess","15":"entry","16":"has-media","18":"first","19":"instock","20":"taxable","21":"shipping-taxable","22":"purchasable","23":"product-type-simple","24":"has-product-nav","25":"col","26":"span_1_of_4","27":"owp-content-center","28":"item-entry","29":"owp-thumbs-layout-horizontal","30":"owp-btn-normal","31":"owp-tabs-layout-section","32":"has-no-thumbnails"},"wcpa_form_fields":null,"_links":{"self":[{"href":"https:\/\/chessgamesemporium.com\/es\/wp-json\/wp\/v2\/product\/60555","targetHints":{"allow":["GET"]}}],"collection":[{"href":"https:\/\/chessgamesemporium.com\/es\/wp-json\/wp\/v2\/product"}],"about":[{"href":"https:\/\/chessgamesemporium.com\/es\/wp-json\/wp\/v2\/types\/product"}],"replies":[{"embeddable":true,"href":"https:\/\/chessgamesemporium.com\/es\/wp-json\/wp\/v2\/comments?post=60555"}],"version-history":[{"count":0,"href":"https:\/\/chessgamesemporium.com\/es\/wp-json\/wp\/v2\/product\/60555\/revisions"}],"wp:featuredmedia":[{"embeddable":true,"href":"https:\/\/chessgamesemporium.com\/es\/wp-json\/wp\/v2\/media\/60559"}],"wp:attachment":[{"href":"https:\/\/chessgamesemporium.com\/es\/wp-json\/wp\/v2\/media?parent=60555"}],"wp:term":[{"taxonomy":"product_brand","embeddable":true,"href":"https:\/\/chessgamesemporium.com\/es\/wp-json\/wp\/v2\/product_brand?post=60555"},{"taxonomy":"product_cat","embeddable":true,"href":"https:\/\/chessgamesemporium.com\/es\/wp-json\/wp\/v2\/product_cat?post=60555"},{"taxonomy":"product_tag","embeddable":true,"href":"https:\/\/chessgamesemporium.com\/es\/wp-json\/wp\/v2\/product_tag?post=60555"}],"curies":[{"name":"wp","href":"https:\/\/api.w.org\/{rel}","templated":true}]}}