{"id":60574,"date":"2025-09-01T08:37:47","date_gmt":"2025-09-01T08:37:47","guid":{"rendered":"https:\/\/chessgamesemporium.com\/?post_type=product&#038;p=60574"},"modified":"2026-03-12T08:06:59","modified_gmt":"2026-03-12T08:06:59","slug":"mastering-chess-defence","status":"publish","type":"product","link":"https:\/\/chessgamesemporium.com\/es\/shop\/libros-ajedrez\/estrategia-y-tactica\/mastering-chess-defence\/","title":{"rendered":"Mastering chess defence"},"content":{"rendered":"<p>Avtor: Johan Hellsten<br \/>\nLeto izdaje: 2025<br \/>\nIdioma: Ingl\u00e9s<br \/>\n\u0160t. strani: 440<br \/>\nFormato: 24 \u00d7 17 cm<br \/>\nEncuadernaci\u00f3n: tapa blanda<\/p>\n<p>Vsi \u0161ahisti vedo, da morajo preu\u010devati taktiko, ra\u010dunanje, kon\u010dnice in otvoritve, a ko gre za obrambo, jih preve\u010d \u010daka, dokler niso pod pritiskom. Resnica je, da je izgubljenih ve\u010d partij zaradi obrambnih napak kot pa zaradi strate\u0161kih.<\/p>\n<p>Z izbolj\u0161anjem svoje obrambe lahko naredite ve\u010d za svojo zmagovalno statistiko kot na kateremkoli drugem podro\u010dju \u0161ahovskega \u0161tudija. Mastering Chess Defence velemojstra Johana Hellstena je u\u010dni program, ki ga potrebujete, da boste pripravljeni in se znali braniti pred napadi \u2013 tako kratkoro\u010dnimi kot dolgoro\u010dnimi.<\/p>\n<p>Knjiga vsebuje 31 poglavij, ki tvorijo pregled vseh obrambnih ve\u0161\u010din, ki se jih morate nau\u010diti.<\/p>\n<p>Natan\u010dneje, nau\u010dili se boste:<\/p>\n<p>uspe\u0161no odvra\u010dati z materialom,<\/p>\n<p>ustvarjati protigro\u017enje \u2013 najbolj\u0161a obramba je dober napad,<\/p>\n<p>izkori\u0161\u010dati zadnjo vrsto kot obrambni element,<\/p>\n<p>razumeti tveganja materializma \u2013 vzeti material ali ga ne vzeti?,<\/p>\n<p>najti varnost na umikajo\u010dih se poljih,<\/p>\n<p>odkriti \u201cre\u0161ilne vrvi\u201d, ki vam omogo\u010dijo pobeg iz na videz brezizhodnih polo\u017eajev.<\/p>\n<p>To je najbolj celovit sodoben priro\u010dnik o obrambnih tehnikah, s stotinami pou\u010dnih primerov in \u0161tevilnimi vajami. Strate\u0161ki mojster Johan Hellsten vas nau\u010di braniti se na mojstrski ravni.<\/p>","protected":false},"excerpt":{"rendered":"<p><a href=\"https:\/\/chessgamesemporium.com\/wp-content\/uploads\/2025\/09\/defence.pdf\" target=\"_blank\" rel=\"noopener\">Extracto en PDF<\/a><\/p>","protected":false},"featured_media":60578,"comment_status":"open","ping_status":"closed","template":"","meta":{"_seopress_robots_primary_cat":"none","_seopress_titles_title":"","_seopress_titles_desc":"","_seopress_robots_index":""},"product_brand":[],"product_cat":[512,608],"product_tag":[],"class_list":{"0":"post-60574","1":"product","2":"type-product","3":"status-publish","4":"has-post-thumbnail","6":"product_cat-sahovske-knjige","7":"product_cat-strategija-in-taktika","8":"pa_avtor-johan-hellsten","9":"pa_leto-izdaje-1034","10":"pa_nivo-knjige-srednji","11":"pa_stran-oboje-nevtralno","12":"pa_tip-knjige-srednja-igra-strategija","13":"pa_zalozba-new-in-chess","15":"entry","16":"has-media","18":"first","19":"instock","20":"taxable","21":"shipping-taxable","22":"purchasable","23":"product-type-simple","24":"has-product-nav","25":"col","26":"span_1_of_4","27":"owp-content-center","28":"item-entry","29":"owp-thumbs-layout-horizontal","30":"owp-btn-normal","31":"owp-tabs-layout-section","32":"has-no-thumbnails"},"wcpa_form_fields":null,"_links":{"self":[{"href":"https:\/\/chessgamesemporium.com\/es\/wp-json\/wp\/v2\/product\/60574","targetHints":{"allow":["GET"]}}],"collection":[{"href":"https:\/\/chessgamesemporium.com\/es\/wp-json\/wp\/v2\/product"}],"about":[{"href":"https:\/\/chessgamesemporium.com\/es\/wp-json\/wp\/v2\/types\/product"}],"replies":[{"embeddable":true,"href":"https:\/\/chessgamesemporium.com\/es\/wp-json\/wp\/v2\/comments?post=60574"}],"version-history":[{"count":0,"href":"https:\/\/chessgamesemporium.com\/es\/wp-json\/wp\/v2\/product\/60574\/revisions"}],"wp:featuredmedia":[{"embeddable":true,"href":"https:\/\/chessgamesemporium.com\/es\/wp-json\/wp\/v2\/media\/60578"}],"wp:attachment":[{"href":"https:\/\/chessgamesemporium.com\/es\/wp-json\/wp\/v2\/media?parent=60574"}],"wp:term":[{"taxonomy":"product_brand","embeddable":true,"href":"https:\/\/chessgamesemporium.com\/es\/wp-json\/wp\/v2\/product_brand?post=60574"},{"taxonomy":"product_cat","embeddable":true,"href":"https:\/\/chessgamesemporium.com\/es\/wp-json\/wp\/v2\/product_cat?post=60574"},{"taxonomy":"product_tag","embeddable":true,"href":"https:\/\/chessgamesemporium.com\/es\/wp-json\/wp\/v2\/product_tag?post=60574"}],"curies":[{"name":"wp","href":"https:\/\/api.w.org\/{rel}","templated":true}]}}