{"id":61186,"date":"2025-12-10T15:15:42","date_gmt":"2025-12-10T15:15:42","guid":{"rendered":"https:\/\/chessgamesemporium.com\/?post_type=product&#038;p=61186"},"modified":"2026-01-06T09:18:12","modified_gmt":"2026-01-06T09:18:12","slug":"remi-karte-sahovske-otvoritve","status":"publish","type":"product","link":"https:\/\/chessgamesemporium.com\/es\/shop\/razno-za-sah\/razno-za-sah-razno-za-sah\/remi-karte-sahovske-otvoritve\/","title":{"rendered":"Naipes - Aperturas de Ajedrez"},"content":{"rendered":"<p data-start=\"306\" data-end=\"662\">El juego de naipes de Aperturas de Ajedrez es una excelente herramienta para jugadores de ajedrez, desde principiantes hasta intermedios, que deseen mejorar su estrategia de apertura de forma r\u00e1pida y eficaz. Incluye 52 cartas con aperturas populares utilizadas por jugadores de todo el mundo en esta fase clave de la partida.<\/p>\n<p data-start=\"664\" data-end=\"688\">Cada carta incluye:<\/p>\n<ul data-start=\"689\" data-end=\"1005\">\n<li data-start=\"689\" data-end=\"763\">\n<p data-start=\"691\" data-end=\"763\"><strong data-start=\"691\" data-end=\"723\">El nombre de la apertura en tres idiomas<\/strong>: ingl\u00e9s, franc\u00e9s y espa\u00f1ol.<\/p>\n<\/li>\n<li data-start=\"764\" data-end=\"818\">\n<p data-start=\"766\" data-end=\"818\"><strong data-start=\"766\" data-end=\"816\">Referencia a la Enciclopedia de Aperturas de Ajedrez (c\u00f3digo ECO).<\/strong><\/p>\n<\/li>\n<li data-start=\"819\" data-end=\"874\">\n<p data-start=\"821\" data-end=\"874\"><strong data-start=\"821\" data-end=\"872\">Diagrama de la posici\u00f3n en el tablero.<\/strong><\/p>\n<\/li>\n<li data-start=\"875\" data-end=\"914\">\n<p data-start=\"877\" data-end=\"914\"><strong data-start=\"877\" data-end=\"912\">Movimientos para blancas y negras.<\/strong><\/p>\n<\/li>\n<li data-start=\"915\" data-end=\"1005\">\n<p data-start=\"917\" data-end=\"1005\"><strong data-start=\"917\" data-end=\"954\">Continuaciones m\u00e1s comunes<\/strong> para una mejor comprensi\u00f3n de los planes de apertura t\u00edpicos.<\/p>\n<\/li>\n<\/ul>\n<p data-start=\"1007\" data-end=\"1305\">Esta es una forma extremadamente pr\u00e1ctica y compacta de memorizar aperturas de ajedrez, mejorar la comprensi\u00f3n de la teor\u00eda ajedrec\u00edstica y aprender diversos sistemas de apertura mediante el juego y la repetici\u00f3n. Tambi\u00e9n es un excelente regalo para jugadores, entrenadores, principiantes u otros jugadores que busquen mejorar su preparaci\u00f3n de aperturas.<\/p>","protected":false},"excerpt":{"rendered":"<p>Remi karte \u0160ahovske otvoritve so odli\u010dno orodje za vse \u0161ahiste \u2013 od za\u010detnikov do naprednih igralcev \u2013 ki \u017eelijo hitro in u\u010dinkovito nau\u010diti \u0161ahovske otvoritve ter izbolj\u0161ati svojo strategijo v otvoritvi. Set vsebuje 52 najpopularnej\u0161ih \u0161ahovskih otvoritev, ki jih igralci po svetu najpogosteje uporabljajo za izbolj\u0161anje poznavanja te klju\u010dne faze igre. Vsaka karta vklju\u010duje: Ime [&hellip;]<\/p>","protected":false},"featured_media":61184,"comment_status":"open","ping_status":"closed","template":"","meta":{"_seopress_robots_primary_cat":"none","_seopress_titles_title":"","_seopress_titles_desc":"","_seopress_robots_index":""},"product_brand":[],"product_cat":[547,548],"product_tag":[],"class_list":{"0":"post-61186","1":"product","2":"type-product","3":"status-publish","4":"has-post-thumbnail","6":"product_cat-razno-za-sah","7":"product_cat-razno-za-sah-razno-za-sah","9":"entry","10":"has-media","12":"first","13":"instock","14":"taxable","15":"shipping-taxable","16":"purchasable","17":"product-type-simple","18":"has-product-nav","19":"col","20":"span_1_of_4","21":"owp-content-center","22":"item-entry","23":"owp-thumbs-layout-horizontal","24":"owp-btn-normal","25":"owp-tabs-layout-section","26":"has-no-thumbnails"},"wcpa_form_fields":null,"_links":{"self":[{"href":"https:\/\/chessgamesemporium.com\/es\/wp-json\/wp\/v2\/product\/61186","targetHints":{"allow":["GET"]}}],"collection":[{"href":"https:\/\/chessgamesemporium.com\/es\/wp-json\/wp\/v2\/product"}],"about":[{"href":"https:\/\/chessgamesemporium.com\/es\/wp-json\/wp\/v2\/types\/product"}],"replies":[{"embeddable":true,"href":"https:\/\/chessgamesemporium.com\/es\/wp-json\/wp\/v2\/comments?post=61186"}],"version-history":[{"count":0,"href":"https:\/\/chessgamesemporium.com\/es\/wp-json\/wp\/v2\/product\/61186\/revisions"}],"wp:featuredmedia":[{"embeddable":true,"href":"https:\/\/chessgamesemporium.com\/es\/wp-json\/wp\/v2\/media\/61184"}],"wp:attachment":[{"href":"https:\/\/chessgamesemporium.com\/es\/wp-json\/wp\/v2\/media?parent=61186"}],"wp:term":[{"taxonomy":"product_brand","embeddable":true,"href":"https:\/\/chessgamesemporium.com\/es\/wp-json\/wp\/v2\/product_brand?post=61186"},{"taxonomy":"product_cat","embeddable":true,"href":"https:\/\/chessgamesemporium.com\/es\/wp-json\/wp\/v2\/product_cat?post=61186"},{"taxonomy":"product_tag","embeddable":true,"href":"https:\/\/chessgamesemporium.com\/es\/wp-json\/wp\/v2\/product_tag?post=61186"}],"curies":[{"name":"wp","href":"https:\/\/api.w.org\/{rel}","templated":true}]}}