{"id":61207,"date":"2025-12-12T07:06:37","date_gmt":"2025-12-12T07:06:37","guid":{"rendered":"https:\/\/chessgamesemporium.com\/?post_type=product&#038;p=61207"},"modified":"2026-01-07T10:08:57","modified_gmt":"2026-01-07T10:08:57","slug":"go-igralna-tabla-deska-za-zvijanje-44-cm","status":"publish","type":"product","link":"https:\/\/chessgamesemporium.com\/es\/shop\/go-igra\/table-kamni-dodatki\/go-igralna-tabla-deska-za-zvijanje-44-cm\/","title":{"rendered":"Tablero de Go - Tapete enrollable de 44 cm"},"content":{"rendered":"<p data-start=\"290\" data-end=\"595\">Este tablero de Go enrollable de 44 cm es una superficie pr\u00e1ctica y duradera para jugar al Go, ideal para principiantes, expertos y aficionados a este juego de mesa tradicional (tambi\u00e9n conocido como Baduk o Weiqi). Gracias a su dise\u00f1o enrollable, es perfecto para usar en casa, de viaje, en colegios, clubes de Go y torneos.<\/p>\n<p data-start=\"597\" data-end=\"909\">El tapete est\u00e1 fabricado con vinilo de alta calidad, similar al de nuestros tableros de ajedrez de vinilo, lo que garantiza una larga vida \u00fatil, una f\u00e1cil limpieza y una excelente legibilidad de la superficie de juego. La cuadr\u00edcula de Go impresa permite una colocaci\u00f3n clara y precisa de las fichas, manteni\u00e9ndose plana incluso despu\u00e9s de enrollarla repetidamente.<\/p>\n<h3 data-start=\"911\" data-end=\"933\">Ventajas principales:<\/h3>\n<ul data-start=\"934\" data-end=\"1231\">\n<li data-start=\"934\" data-end=\"1021\">\n<p data-start=\"936\" data-end=\"1021\">\u2714 F\u00e1cil de guardar y transportar gracias a su dise\u00f1o enrollable.<\/p>\n<\/li>\n<li data-start=\"1022\" data-end=\"1079\">\n<p data-start=\"1024\" data-end=\"1079\">\u2714 Material de vinilo duradero y resistente al desgaste.<\/p>\n<\/li>\n<li data-start=\"1080\" data-end=\"1149\">\n<p data-start=\"1082\" data-end=\"1149\">\u2714 Impresi\u00f3n n\u00edtida de la cuadr\u00edcula de juego, ideal para aprender y jugar en serio.<\/p>\n<\/li>\n<li data-start=\"1150\" data-end=\"1187\">\n<p data-start=\"1152\" data-end=\"1187\">\u2714 Ideal para Go, Baduk y Weiqi.<\/p>\n<\/li>\n<li data-start=\"1188\" data-end=\"1231\">\n<p data-start=\"1190\" data-end=\"1231\">\u2714 Excelente alternativa a los tableros de Go de madera.<\/p>\n<\/li>\n<\/ul>\n<h3 data-start=\"1233\" data-end=\"1260\">Especificaciones t\u00e9cnicas:<\/h3>\n<ul data-start=\"1261\" data-end=\"1365\">\n<li data-start=\"1289\" data-end=\"1312\">\n<p data-start=\"1291\" data-end=\"1312\">Material: Vinilo<\/p>\n<\/li>\n<li data-start=\"1313\" data-end=\"1365\">\n<p data-start=\"1315\" data-end=\"1365\">Impresi\u00f3n: Cuadr\u00edcula de Go impresa<\/p>\n<\/li>\n<\/ul>\n<h4 data-start=\"1367\" data-end=\"1382\">Dimensiones:<\/h4>\n<ul data-start=\"1383\" data-end=\"1541\">\n<li data-start=\"1383\" data-end=\"1431\">\n<p data-start=\"1385\" data-end=\"1431\">Tama\u00f1o de la cuadr\u00edcula:<br data-start=\"1404\" data-end=\"1407\" \/>\u2248 44,2 \u00d7 41,3 cm<\/p>\n<\/li>\n<li data-start=\"1432\" data-end=\"1485\">\n<p data-start=\"1434\" data-end=\"1485\">Marco:<br data-start=\"1450\" data-end=\"1453\" \/>\u2248 3,2 cm en cada lado<\/p>\n<\/li>\n<li data-start=\"1486\" data-end=\"1541\">\n<p data-start=\"1488\" data-end=\"1541\">Tama\u00f1o total del tablero:<br data-start=\"1516\" data-end=\"1519\" \/>\u2248 50,5 \u00d7 47,6 cm<\/p>\n<\/li>\n<\/ul>\n<h3 data-start=\"1543\" data-end=\"1555\">Uso:<\/h3>\n<p data-start=\"1556\" data-end=\"1597\">El tablero de vinilo para Go es adecuado para:<\/p>\n<ul data-start=\"1598\" data-end=\"1764\">\n<li data-start=\"1598\" data-end=\"1619\">\n<p data-start=\"1600\" data-end=\"1619\">Jugar al Go en casa<\/p>\n<\/li>\n<li data-start=\"1620\" data-end=\"1652\">\n<p data-start=\"1622\" data-end=\"1652\">Escuelas y fines educativos<\/p>\n<\/li>\n<li data-start=\"1653\" data-end=\"1677\">\n<p data-start=\"1655\" data-end=\"1677\">Clubes y entrenamientos de Go<\/p>\n<\/li>\n<li data-start=\"1678\" data-end=\"1711\">\n<p data-start=\"1680\" data-end=\"1711\">Viajes y para jugar al Go en cualquier lugar<\/p>\n<\/li>\n<li data-start=\"1712\" data-end=\"1764\">\n<p data-start=\"1714\" data-end=\"1764\">Un regalo ideal para los aficionados a los juegos de estrategia.<\/p>\n<\/li>\n<\/ul>","protected":false},"excerpt":{"rendered":"<p>Go igralna tabla &#8211; deska za zvijanje 44 cm je prakti\u010dna in vzdr\u017eljiva GO igralna podloga, idealna za za\u010detnike, napredne igralce in vse ljubitelje tradicionalne namizne igre Go (Baduk, Weiqi). Zaradi svoje zlo\u017eljive (roll-up) zasnove je popolna izbira za doma\u010do uporabo, potovanja, \u0161ole, Go klube in turnirje. Igralna podloga je izdelana iz kakovostnega vinila, podobno [&hellip;]<\/p>","protected":false},"featured_media":61217,"comment_status":"open","ping_status":"closed","template":"","meta":{"_seopress_robots_primary_cat":"none","_seopress_titles_title":"","_seopress_titles_desc":"","_seopress_robots_index":""},"product_brand":[],"product_cat":[612,613],"product_tag":[],"class_list":{"0":"post-61207","1":"product","2":"type-product","3":"status-publish","4":"has-post-thumbnail","6":"product_cat-go-igra","7":"product_cat-table-kamni-dodatki","9":"entry","10":"has-media","12":"first","13":"instock","14":"taxable","15":"shipping-taxable","16":"purchasable","17":"product-type-simple","18":"has-product-nav","19":"col","20":"span_1_of_4","21":"owp-content-center","22":"item-entry","23":"owp-thumbs-layout-horizontal","24":"owp-btn-normal","25":"owp-tabs-layout-section"},"wcpa_form_fields":null,"_links":{"self":[{"href":"https:\/\/chessgamesemporium.com\/es\/wp-json\/wp\/v2\/product\/61207","targetHints":{"allow":["GET"]}}],"collection":[{"href":"https:\/\/chessgamesemporium.com\/es\/wp-json\/wp\/v2\/product"}],"about":[{"href":"https:\/\/chessgamesemporium.com\/es\/wp-json\/wp\/v2\/types\/product"}],"replies":[{"embeddable":true,"href":"https:\/\/chessgamesemporium.com\/es\/wp-json\/wp\/v2\/comments?post=61207"}],"version-history":[{"count":0,"href":"https:\/\/chessgamesemporium.com\/es\/wp-json\/wp\/v2\/product\/61207\/revisions"}],"wp:featuredmedia":[{"embeddable":true,"href":"https:\/\/chessgamesemporium.com\/es\/wp-json\/wp\/v2\/media\/61217"}],"wp:attachment":[{"href":"https:\/\/chessgamesemporium.com\/es\/wp-json\/wp\/v2\/media?parent=61207"}],"wp:term":[{"taxonomy":"product_brand","embeddable":true,"href":"https:\/\/chessgamesemporium.com\/es\/wp-json\/wp\/v2\/product_brand?post=61207"},{"taxonomy":"product_cat","embeddable":true,"href":"https:\/\/chessgamesemporium.com\/es\/wp-json\/wp\/v2\/product_cat?post=61207"},{"taxonomy":"product_tag","embeddable":true,"href":"https:\/\/chessgamesemporium.com\/es\/wp-json\/wp\/v2\/product_tag?post=61207"}],"curies":[{"name":"wp","href":"https:\/\/api.w.org\/{rel}","templated":true}]}}