{"id":61438,"date":"2026-01-07T07:57:53","date_gmt":"2026-01-07T07:57:53","guid":{"rendered":"https:\/\/chessgamesemporium.com\/?post_type=product&#038;p=61438"},"modified":"2026-03-09T11:20:58","modified_gmt":"2026-03-09T11:20:58","slug":"the-how-to-study-chess-on-your-own-workbook-3","status":"publish","type":"product","link":"https:\/\/chessgamesemporium.com\/es\/shop\/sahovske-knjige\/strategija-in-taktika\/the-how-to-study-chess-on-your-own-workbook-3\/","title":{"rendered":"The how to study chess on your own workbook 3"},"content":{"rendered":"<p>Volume 3<br \/>\nExercises and Training for Ambitious Chess Players (2100+ ELO)<\/p>\n<p>Avtor: Davorin Kuljasevic<br \/>\nLeto izdaje: 2025<br \/>\nIdioma: Ingl\u00e9s<br \/>\n\u0160t. strani: 232<br \/>\nFormato: 24 \u00d7 17 cm<br \/>\nPlatnice: mehke<\/p>\n<p data-start=\"41\" data-end=\"227\">Osupljiv uspeh knjige How To Study Chess on Your Own je jasno pokazal, da si na tiso\u010de \u0161ahistov \u017eeli izbolj\u0161ati svojo igro \u2014 in da radi vsaj del svojega treninga opravljajo samostojno.<\/p>\n<p data-start=\"229\" data-end=\"488\">Uspe\u0161nica velemojstra Kulja\u0161evi\u0107a je ponudila strukturiran pristop in vadbene na\u010drte. Zaradi velikega povpra\u0161evanja je Kulja\u0161evi\u0107 ustvaril serijo spremljevalnih delovnih zvezkov, ki ponujajo vaje in orodja, s katerimi lahko \u0161ahist takoj za\u010dne s treningom.<\/p>\n<p data-start=\"490\" data-end=\"699\">Ve\u010dina delovnih zvezkov ponuja zgolj \u0161ahovske naloge. Kulja\u0161evi\u0107 pa je s pomo\u010djo svojih trenerskih izku\u0161enj zasnoval \u0161ir\u0161i in bolj razgiban vadbeni program. Naloge, kot so naslednje, vas bodo resni\u010dno izzvale:<\/p>\n<ul data-start=\"701\" data-end=\"1042\">\n<li data-start=\"701\" data-end=\"747\">\n<p data-start=\"703\" data-end=\"747\">re\u0161evanje zahtevnih vizualizacijskih nalog<\/p>\n<\/li>\n<li data-start=\"748\" data-end=\"803\">\n<p data-start=\"750\" data-end=\"803\">iskanje \u00bbskrite taktike\u00ab in oblikovanje mini-na\u010drta<\/p>\n<\/li>\n<li data-start=\"804\" data-end=\"929\">\n<p data-start=\"806\" data-end=\"929\">igranje ostre takti\u010dne pozicije \u2013 proti prijatelju ali ra\u010dunalni\u0161kemu programu, pri \u010demer skrbno nastavite ustrezno raven<\/p>\n<\/li>\n<li data-start=\"930\" data-end=\"998\">\n<p data-start=\"932\" data-end=\"998\">simulacija \u2013 \u0161tudij in ponovna analiza strate\u0161ke vzor\u010dne partije<\/p>\n<\/li>\n<li data-start=\"999\" data-end=\"1042\">\n<p data-start=\"1001\" data-end=\"1042\">analiza \u2013 razumevanje tematske kon\u010dnice<\/p>\n<\/li>\n<\/ul>\n<p data-start=\"1044\" data-end=\"1293\">2. zvezek je prilagojen \u0161ahistom z Elo ratingom med 1500 in 1800, vendar je koristen za vse v razponu od 1200 do 2000. 1. zvezek je namenjen igralcem z ratingom 1800\u20132100, 3. zvezek pa bo ustrezal potrebam naprednej\u0161ih klubskih igralcev.<\/p>\n<p data-start=\"1295\" data-end=\"1632\">Davorin Kulja\u0161evi\u0107 je mednarodni velemojster, rojen na Hrva\u0161kem. Diplomiral je na univerzi Texas Tech in je izku\u0161en trener. Njegova prodajna uspe\u0161nica Beyond Material: Ignore the Face Value of Your Pieces je bila finalistka nagrade Boleslavsky\u2013Averbakh za najbolj\u0161o \u0161ahovsko knjigo, ki jo podeljuje FIDE, Mednarodna \u0161ahovska zveza.<\/p>","protected":false},"excerpt":{"rendered":"<p><a href=\"https:\/\/chessgamesemporium.com\/wp-content\/uploads\/2026\/01\/9219.pdf\" target=\"_blank\" rel=\"noopener\">Extracto en PDF<\/a><\/p>","protected":false},"featured_media":61442,"comment_status":"open","ping_status":"closed","template":"","meta":{"_seopress_robots_primary_cat":"none","_seopress_titles_title":"","_seopress_titles_desc":"","_seopress_robots_index":""},"product_brand":[],"product_cat":[608,512],"product_tag":[],"class_list":{"0":"post-61438","1":"product","2":"type-product","3":"status-publish","4":"has-post-thumbnail","6":"product_cat-strategija-in-taktika","7":"product_cat-sahovske-knjige","8":"pa_avtor-davorin-kuljasevic","9":"pa_leto-izdaje-1034","10":"pa_nivo-knjige-srednji","11":"pa_stran-oboje-nevtralno","12":"pa_tip-knjige-trening-vaje","13":"pa_zalozba-new-in-chess","15":"entry","16":"has-media","18":"first","19":"instock","20":"taxable","21":"shipping-taxable","22":"purchasable","23":"product-type-simple","24":"has-product-nav","25":"col","26":"span_1_of_4","27":"owp-content-center","28":"item-entry","29":"owp-thumbs-layout-horizontal","30":"owp-btn-normal","31":"owp-tabs-layout-section","32":"has-no-thumbnails"},"wcpa_form_fields":null,"_links":{"self":[{"href":"https:\/\/chessgamesemporium.com\/es\/wp-json\/wp\/v2\/product\/61438","targetHints":{"allow":["GET"]}}],"collection":[{"href":"https:\/\/chessgamesemporium.com\/es\/wp-json\/wp\/v2\/product"}],"about":[{"href":"https:\/\/chessgamesemporium.com\/es\/wp-json\/wp\/v2\/types\/product"}],"replies":[{"embeddable":true,"href":"https:\/\/chessgamesemporium.com\/es\/wp-json\/wp\/v2\/comments?post=61438"}],"version-history":[{"count":0,"href":"https:\/\/chessgamesemporium.com\/es\/wp-json\/wp\/v2\/product\/61438\/revisions"}],"wp:featuredmedia":[{"embeddable":true,"href":"https:\/\/chessgamesemporium.com\/es\/wp-json\/wp\/v2\/media\/61442"}],"wp:attachment":[{"href":"https:\/\/chessgamesemporium.com\/es\/wp-json\/wp\/v2\/media?parent=61438"}],"wp:term":[{"taxonomy":"product_brand","embeddable":true,"href":"https:\/\/chessgamesemporium.com\/es\/wp-json\/wp\/v2\/product_brand?post=61438"},{"taxonomy":"product_cat","embeddable":true,"href":"https:\/\/chessgamesemporium.com\/es\/wp-json\/wp\/v2\/product_cat?post=61438"},{"taxonomy":"product_tag","embeddable":true,"href":"https:\/\/chessgamesemporium.com\/es\/wp-json\/wp\/v2\/product_tag?post=61438"}],"curies":[{"name":"wp","href":"https:\/\/api.w.org\/{rel}","templated":true}]}}