{"id":62549,"date":"2026-03-11T09:42:19","date_gmt":"2026-03-11T09:42:19","guid":{"rendered":"https:\/\/chessgamesemporium.com\/shop\/nekategorizirano\/practical-chess-beauty\/"},"modified":"2026-03-11T12:32:24","modified_gmt":"2026-03-11T12:32:24","slug":"practical-chess-beauty","status":"publish","type":"product","link":"https:\/\/chessgamesemporium.com\/es\/shop\/libros-ajedrez\/estrategia-y-tactica\/practical-chess-beauty\/","title":{"rendered":"Practical Chess Beauty"},"content":{"rendered":"<p><strong>Autor:<\/strong> Yochanan Afek<br \/>\n<strong>A\u00f1o de publicaci\u00f3n: 2025<\/strong> 2025<br \/>\n<strong>Jezik:<\/strong> Angle\u0161ki<br \/>\n<strong>P\u00e1ginas<\/strong> 512<br \/>\n<strong>Cubierta:<\/strong> Blandas<\/p>\n<p><em>Practical Chess Beauty<\/em> Es una inspiradora colecci\u00f3n de estudios de finales de uno de los mayores autores mundiales de composici\u00f3n ajedrec\u00edstica. El libro combina belleza est\u00e9tica y valor pr\u00e1ctico y ayuda a desarrollar la visualizaci\u00f3n, el c\u00e1lculo y el sentido de la coordinaci\u00f3n de las piezas.<\/p>\n<p>La segunda edici\u00f3n incluye todos los estudios del libro original, as\u00ed como nuevos estudios adicionales que han sido revisados y editados. Es una excelente opci\u00f3n para los jugadores que desean profundizar en la comprensi\u00f3n de los finales y disfrutar del lado creativo del ajedrez.<\/p>","protected":false},"excerpt":{"rendered":"<p>Practical Chess Beauty es la segunda edici\u00f3n del reconocido libro de Yochanan Afek, con una rica colecci\u00f3n de estudios de finales que desarrollan la imaginaci\u00f3n, el c\u00e1lculo y el sentido de la geometr\u00eda del ajedrez.<\/p>\n<p><a href=\"https:\/\/chessgamesemporium.com\/wp-content\/uploads\/2026\/03\/82145.pdf\" target=\"_blank\" rel=\"noopener\">Extracto en PDF<\/a><\/p>","protected":false},"featured_media":62560,"comment_status":"closed","ping_status":"closed","template":"","meta":{"_seopress_robots_primary_cat":"none","_seopress_titles_title":"","_seopress_titles_desc":"%%post_excerpt%%","_seopress_robots_index":""},"product_brand":[],"product_cat":[609,608,512],"product_tag":[],"class_list":{"0":"post-62549","1":"product","2":"type-product","3":"status-publish","4":"has-post-thumbnail","6":"product_cat-koncnice","7":"product_cat-strategija-in-taktika","8":"product_cat-sahovske-knjige","9":"pa_avtor-yochanan-afek","10":"pa_leto-izdaje-1034","11":"pa_nivo-knjige-napredni","12":"pa_nivo-knjige-srednji","13":"pa_stran-oboje-nevtralno","14":"pa_tip-knjige-koncnice","15":"pa_zalozba-quality-chess","17":"entry","18":"has-media","20":"first","21":"instock","22":"taxable","23":"shipping-taxable","24":"purchasable","25":"product-type-simple","26":"has-product-nav","27":"col","28":"span_1_of_4","29":"owp-content-center","30":"item-entry","31":"owp-thumbs-layout-horizontal","32":"owp-btn-normal","33":"owp-tabs-layout-section","34":"has-no-thumbnails"},"wcpa_form_fields":null,"_links":{"self":[{"href":"https:\/\/chessgamesemporium.com\/es\/wp-json\/wp\/v2\/product\/62549","targetHints":{"allow":["GET"]}}],"collection":[{"href":"https:\/\/chessgamesemporium.com\/es\/wp-json\/wp\/v2\/product"}],"about":[{"href":"https:\/\/chessgamesemporium.com\/es\/wp-json\/wp\/v2\/types\/product"}],"replies":[{"embeddable":true,"href":"https:\/\/chessgamesemporium.com\/es\/wp-json\/wp\/v2\/comments?post=62549"}],"version-history":[{"count":0,"href":"https:\/\/chessgamesemporium.com\/es\/wp-json\/wp\/v2\/product\/62549\/revisions"}],"wp:featuredmedia":[{"embeddable":true,"href":"https:\/\/chessgamesemporium.com\/es\/wp-json\/wp\/v2\/media\/62560"}],"wp:attachment":[{"href":"https:\/\/chessgamesemporium.com\/es\/wp-json\/wp\/v2\/media?parent=62549"}],"wp:term":[{"taxonomy":"product_brand","embeddable":true,"href":"https:\/\/chessgamesemporium.com\/es\/wp-json\/wp\/v2\/product_brand?post=62549"},{"taxonomy":"product_cat","embeddable":true,"href":"https:\/\/chessgamesemporium.com\/es\/wp-json\/wp\/v2\/product_cat?post=62549"},{"taxonomy":"product_tag","embeddable":true,"href":"https:\/\/chessgamesemporium.com\/es\/wp-json\/wp\/v2\/product_tag?post=62549"}],"curies":[{"name":"wp","href":"https:\/\/api.w.org\/{rel}","templated":true}]}}