{"id":63490,"date":"2026-04-14T12:23:04","date_gmt":"2026-04-14T12:23:04","guid":{"rendered":"https:\/\/chessgamesemporium.com\/?post_type=product&#038;p=63490"},"modified":"2026-04-16T11:53:31","modified_gmt":"2026-04-16T11:53:31","slug":"win-with-the-french","status":"publish","type":"product","link":"https:\/\/chessgamesemporium.com\/es\/shop\/libros-ajedrez\/aperturas-ajedrez\/win-with-the-french\/","title":{"rendered":"Win with the French!"},"content":{"rendered":"<h3>\ud83e\udde0 Domina la Defensa Francesa<\/h3>\n<p>Win with the French! es una gu\u00eda pr\u00e1ctica de la Defensa Francesa que te ayuda a entender las ideas estrat\u00e9gicas clave. Aprende a jugar de forma s\u00f3lida y eficaz contra 1.e4.<\/p>\n<h3>\u265f\ufe0f Contenido clave<\/h3>\n<p>\u2714 ideas y planes en la Defensa Francesa<br \/>\n\u2714 comprensi\u00f3n de las estructuras de peones t\u00edpicas<br \/>\n\u2714 enfoque estrat\u00e9gico en lugar de teor\u00eda seca<br \/>\n\u2714 ejemplos pr\u00e1cticos de partidas reales<br \/>\n\u2714 desarrollo de contrajuego contra 1.e4<\/p>\n<h3>\ud83c\udfaf \u00bfPara qui\u00e9n es este libro?<\/h3>\n<p>\u2714 jugadores de club<br \/>\n\u2714 jugadores intermedios<br \/>\n\u2714 jugadores que quieren jugar de forma s\u00f3lida contra 1.e4<br \/>\n\u2714 todos los que quieren mejorar su juego posicional<\/p>\n<h3>\ud83c\udf81 \u00bfPor qu\u00e9 elegir este libro?<\/h3>\n<p>\u2714 explicaci\u00f3n clara de la Defensa Francesa<br \/>\n\u2714 enfoque en la comprensi\u00f3n, no en la memorizaci\u00f3n<br \/>\n\u2714 literatura de ajedrez reconocida<br \/>\n\u2714 un regalo perfecto para los amantes del ajedrez<\/p>\n<h3>\ud83c\udfc1 Construye un juego s\u00f3lido desde la apertura<\/h3>\n<p>Si quieres jugar de forma s\u00f3lida contra 1.e4 y tomar el control de la partida poco a poco, este libro es una excelente opci\u00f3n para tu progreso en ajedrez.<\/p>\n<p>\u2753 \u00bfNo sabes qu\u00e9 libro es el adecuado para ti? Prueba nuestro asistente IA y describe tu nivel y tus objetivos. En segundos recibir\u00e1s recomendaciones personalizadas.<\/p>\n<div class=\"book-ai-cta\"><a class=\"book-ai-cta-button\" href=\"https:\/\/chessgamesemporium.com\/es\/ai-knjige\/\">\ud83e\udd16 Asistente IA \u2013 encuentra el libro adecuado<\/a><\/div>\n<div class=\"book-ai-cta\"><a class=\"book-ai-cta-button\" href=\"\/es\/otvoritev-tema\/francoska-obramba\/\">\ud83d\udd17 Ver m\u00e1s libros sobre la Defensa Francesa<\/a><\/div>","protected":false},"excerpt":{"rendered":"<p>Win with the French! es una gu\u00eda pr\u00e1ctica para dominar la Defensa Francesa y comprender las ideas estrat\u00e9gicas clave. Ideal para jugadores ambiciosos que desean jugar de forma s\u00f3lida, segura y eficaz contra 1.e4.<\/p>","protected":false},"featured_media":63613,"comment_status":"open","ping_status":"closed","template":"","meta":{"_seopress_robots_primary_cat":"none","_seopress_titles_title":"Win with the French! \u2013 Obvladajte francosko obrambo | ChessGamesEmporium","_seopress_titles_desc":"Kupite Win with the French! \u2013 prakti\u010den vodnik za igranje francoske obrambe. Nau\u010dite se klju\u010dnih idej, strategij in planov za uspe\u0161no igro. Idealno za ambiciozne \u0161ahiste. Hitra dostava po svetu.","_seopress_robots_index":""},"product_brand":[],"product_cat":[605,512],"product_tag":[],"class_list":{"0":"post-63490","1":"product","2":"type-product","3":"status-publish","4":"has-post-thumbnail","6":"product_cat-otvoritve","7":"product_cat-sahovske-knjige","8":"pa_avtor-vassilios-kotronias","9":"pa_glavna-linija-1-e4-e6-2-d4-d5","10":"pa_leto-izdaje-1091","11":"pa_nivo-knjige-napredni","12":"pa_otvoritev-tema-francoska-obramba","13":"pa_stran-crni","14":"pa_tip-knjige-otvoritve","15":"pa_zalozba-quality-chess","17":"entry","18":"has-media","20":"first","21":"instock","22":"taxable","23":"shipping-taxable","24":"purchasable","25":"product-type-simple","26":"has-product-nav","27":"col","28":"span_1_of_4","29":"owp-content-center","30":"item-entry","31":"owp-thumbs-layout-horizontal","32":"owp-btn-normal","33":"owp-tabs-layout-section","34":"has-no-thumbnails"},"wcpa_form_fields":null,"_links":{"self":[{"href":"https:\/\/chessgamesemporium.com\/es\/wp-json\/wp\/v2\/product\/63490","targetHints":{"allow":["GET"]}}],"collection":[{"href":"https:\/\/chessgamesemporium.com\/es\/wp-json\/wp\/v2\/product"}],"about":[{"href":"https:\/\/chessgamesemporium.com\/es\/wp-json\/wp\/v2\/types\/product"}],"replies":[{"embeddable":true,"href":"https:\/\/chessgamesemporium.com\/es\/wp-json\/wp\/v2\/comments?post=63490"}],"version-history":[{"count":1,"href":"https:\/\/chessgamesemporium.com\/es\/wp-json\/wp\/v2\/product\/63490\/revisions"}],"predecessor-version":[{"id":63633,"href":"https:\/\/chessgamesemporium.com\/es\/wp-json\/wp\/v2\/product\/63490\/revisions\/63633"}],"wp:featuredmedia":[{"embeddable":true,"href":"https:\/\/chessgamesemporium.com\/es\/wp-json\/wp\/v2\/media\/63613"}],"wp:attachment":[{"href":"https:\/\/chessgamesemporium.com\/es\/wp-json\/wp\/v2\/media?parent=63490"}],"wp:term":[{"taxonomy":"product_brand","embeddable":true,"href":"https:\/\/chessgamesemporium.com\/es\/wp-json\/wp\/v2\/product_brand?post=63490"},{"taxonomy":"product_cat","embeddable":true,"href":"https:\/\/chessgamesemporium.com\/es\/wp-json\/wp\/v2\/product_cat?post=63490"},{"taxonomy":"product_tag","embeddable":true,"href":"https:\/\/chessgamesemporium.com\/es\/wp-json\/wp\/v2\/product_tag?post=63490"}],"curies":[{"name":"wp","href":"https:\/\/api.w.org\/{rel}","templated":true}]}}