{"id":43850,"date":"2022-08-04T13:02:56","date_gmt":"2022-08-04T13:02:56","guid":{"rendered":"https:\/\/www.ivh9.si\/Ponudbe\/chess\/?post_type=product&#038;p=43850"},"modified":"2026-04-23T17:13:24","modified_gmt":"2026-04-23T17:13:24","slug":"sahovnica-za-zvijanje-57-mm","status":"publish","type":"product","link":"https:\/\/chessgamesemporium.com\/fr\/shop\/sahovnice\/plasticne-sahovnice\/sahovnica-za-zvijanje-57-mm\/","title":{"rendered":"\u00c9chiquier enroulable 57 mm"},"content":{"rendered":"<h3>\u265f\ufe0f \u00c9chiquier de tournoi professionnel pour un usage quotidien<\/h3>\n<p>\u00c9chiquier enroulable 57 mm<br \/>\nMat\u00e9riau : PVC, toile<br \/>\nDimensions des cases : 57 x 57 mm<br \/>\nDimensions de l'\u00e9chiquier : 50 x 50 cm<br \/>\nLavable<br \/>\nLes cases de 57 x 57 mm de cet \u00e9chiquier sont id\u00e9ales pour les pi\u00e8ces d'\u00e9checs dont la hauteur du roi est comprise entre 95 et 98 mm.<\/p>\n<p>L\u2019\u00e9chiquier enroulable 57 mm est un \u00e9chiquier de tournoi standard utilis\u00e9 dans le monde entier. Il est id\u00e9al pour les \u00e9coles, clubs et comp\u00e9titions.<\/p>\n<h3>\ud83d\udccf Taille standard 57 mm<\/h3>\n<p>La taille de 57 mm correspond au standard des tournois et assure un jeu confortable. Compatible avec les pi\u00e8ces Staunton.<\/p>\n<h3>\ud83c\udfaf \u00c0 qui s\u2019adresse cet \u00e9chiquier ?<\/h3>\n<p>\u2714 za \u0161ole in \u0161ahovske kro\u017eke<br \/>\n\u2714 pour les clubs d\u2019\u00e9checs et les tournois<br \/>\n\u2714 pour l\u2019entra\u00eenement et l\u2019analyse des parties<br \/>\n\u2714 pour d\u00e9butants et joueurs avanc\u00e9s<br \/>\n\u2714 pour la maison ou en d\u00e9placement<\/p>\n<h3>\u2699\ufe0f Principaux avantages :<\/h3>\n<p>\u2714 \u00e9chiquier enroulable pour un transport facile<br \/>\n\u2714 mat\u00e9riau durable pour une longue utilisation<br \/>\n\u2714 l\u00e9ger et pratique<br \/>\n\u2714 adapt\u00e9 \u00e0 diff\u00e9rentes conditions de jeu<br \/>\n\u2714 facile \u00e0 ranger et \u00e0 transporter<\/p>\n<h3>\u2753 Pourquoi choisir un \u00e9chiquier enroulable ?<\/h3>\n<p>Les \u00e9chiquiers enroulables sont un choix populaire pour les joueurs qui recherchent une solution pratique et portable. Par rapport aux \u00e9chiquiers rigides, ils sont plus faciles \u00e0 transporter et \u00e0 utiliser dans diff\u00e9rents environnements, notamment dans les \u00e9coles et les clubs.<\/p>\n<h3>\ud83c\udfc1 Choix id\u00e9al pour les joueurs d\u2019\u00e9checs<\/h3>\n<p>Si vous recherchez un \u00e9chiquier de tournoi pratique et durable, c\u2019est un excellent choix pour un usage quotidien.<\/p>\n<p>Attention ! Ne convient pas aux enfants de moins de 3 ans en raison des petites pi\u00e8ces ! Risque d'\u00e9touffement.<\/p>","protected":false},"excerpt":{"rendered":"<p>Les cases de 57 x 57 mm de cet \u00e9chiquier sont id\u00e9ales pour les pi\u00e8ces d'\u00e9checs dont la hauteur du roi est comprise entre 95 et 98 mm.<\/p>","protected":false},"featured_media":43853,"comment_status":"closed","ping_status":"closed","template":"","meta":{"_seopress_robots_primary_cat":"none","_seopress_titles_title":"Roll-up \u0161ahovnica 57 mm \u2013 turnirska gumijasta | ChessGamesEmporium","_seopress_titles_desc":"Turnirska \u0161ahovnica za zvijanje s polji 57 mm, priljubljena po vsem svetu. Trpe\u017ena gumijasta podlaga, idealna za trening, klube in tekmovanja.","_seopress_robots_index":""},"product_brand":[],"product_cat":[514,523,194],"product_tag":[590],"class_list":{"0":"post-43850","1":"product","2":"type-product","3":"status-publish","4":"has-post-thumbnail","6":"product_cat-sahovnice","7":"product_cat-plasticne-sahovnice","8":"product_cat-vsi-izdelki","9":"product_tag-55mm","11":"entry","12":"has-media","14":"first","15":"instock","16":"taxable","17":"shipping-taxable","18":"purchasable","19":"product-type-simple","20":"has-product-nav","21":"col","22":"span_1_of_4","23":"owp-content-center","24":"item-entry","25":"owp-thumbs-layout-horizontal","26":"owp-btn-normal","27":"owp-tabs-layout-section"},"wcpa_form_fields":null,"_links":{"self":[{"href":"https:\/\/chessgamesemporium.com\/fr\/wp-json\/wp\/v2\/product\/43850","targetHints":{"allow":["GET"]}}],"collection":[{"href":"https:\/\/chessgamesemporium.com\/fr\/wp-json\/wp\/v2\/product"}],"about":[{"href":"https:\/\/chessgamesemporium.com\/fr\/wp-json\/wp\/v2\/types\/product"}],"replies":[{"embeddable":true,"href":"https:\/\/chessgamesemporium.com\/fr\/wp-json\/wp\/v2\/comments?post=43850"}],"version-history":[{"count":0,"href":"https:\/\/chessgamesemporium.com\/fr\/wp-json\/wp\/v2\/product\/43850\/revisions"}],"wp:featuredmedia":[{"embeddable":true,"href":"https:\/\/chessgamesemporium.com\/fr\/wp-json\/wp\/v2\/media\/43853"}],"wp:attachment":[{"href":"https:\/\/chessgamesemporium.com\/fr\/wp-json\/wp\/v2\/media?parent=43850"}],"wp:term":[{"taxonomy":"product_brand","embeddable":true,"href":"https:\/\/chessgamesemporium.com\/fr\/wp-json\/wp\/v2\/product_brand?post=43850"},{"taxonomy":"product_cat","embeddable":true,"href":"https:\/\/chessgamesemporium.com\/fr\/wp-json\/wp\/v2\/product_cat?post=43850"},{"taxonomy":"product_tag","embeddable":true,"href":"https:\/\/chessgamesemporium.com\/fr\/wp-json\/wp\/v2\/product_tag?post=43850"}],"curies":[{"name":"wp","href":"https:\/\/api.w.org\/{rel}","templated":true}]}}