{"id":45051,"date":"2022-08-31T11:25:57","date_gmt":"2022-08-31T11:25:57","guid":{"rendered":"https:\/\/www.ivh9.si\/Ponudbe\/chess\/?post_type=product&#038;p=45051"},"modified":"2024-09-17T11:39:00","modified_gmt":"2024-09-17T11:39:00","slug":"digitalna-sahovska-urarac-dgt-pi","status":"publish","type":"product","link":"https:\/\/chessgamesemporium.com\/fr\/shop\/sahovske-ure\/digitalne-ure\/digitalna-sahovska-urarac-dgt-pi\/","title":{"rendered":"Horloge d'\u00e9checs num\u00e9rique | Ordinateur DGT Pi"},"content":{"rendered":"<p>Le DGT Pi est une horloge d'\u00e9checs <strong>et un ordinateur<\/strong> tout-en-un.<\/p>\n<p>Installez simplement l'\u00e9chiquier, connectez le DGT Pi et commencez \u00e0 jouer. Les coups de l'ordinateur s'affichent sur le grand \u00e9cran.<\/p>\n<p>Huit moteurs d'\u00e9checs diff\u00e9rents sont inclus, offrant un large \u00e9ventail de styles de jeu et de niveaux de difficult\u00e9. Affrontez StockFish, Texel, Arasan, Rodent II, Zurichess, Floyd, Cinnamon et Claudia.<\/p>\n<p>L'\u00e9chiquier \u00e9lectronique DGT et le DGT Pi sont d'excellents outils pour jouer aux \u00e9checs, s'entra\u00eener ou analyser des parties et des positions sur un \u00e9chiquier traditionnel en bois.<\/p>\n<p>Ce nouveau produit innovant de DGT peut \u00e9galement servir d'horloge d'\u00e9checs DGT3000.<\/p>","protected":false},"excerpt":{"rendered":"<ul>\n<li>Le DGT Pi est une horloge d'\u00e9checs qui transforme votre \u00e9chiquier \u00e9lectronique en un redoutable partenaire d'entra\u00eenement.<\/li>\n<li>Huit moteurs d'\u00e9checs diff\u00e9rents sont inclus, offrant une vari\u00e9t\u00e9 de niveaux de difficult\u00e9 et de styles de jeu.<\/li>\n<li>Installez simplement l'\u00e9chiquier, connectez le DGT Pi et commencez \u00e0 jouer. Les coups de l'ordinateur s'affichent sur le grand \u00e9cran. <br>\n\nLes moteurs d'\u00e9checs inclus sont StockFish, Texel, Arasan, Rodent II, Zurichess, Floyd, Cinnamon et Claudia. <br>\n\nPour enrichir votre exp\u00e9rience, nous avons inclus le livre num\u00e9rique \u00ab L'Art de la guerre \u00bb de Sun Tzu sur DVD, enti\u00e8rement remasteris\u00e9 pour le XXIe si\u00e8cle par ChessCentral.<\/li>\n<\/ul>","protected":false},"featured_media":45307,"comment_status":"closed","ping_status":"closed","template":"","meta":{"_seopress_robots_primary_cat":"none","_seopress_titles_title":"","_seopress_titles_desc":"","_seopress_robots_index":""},"product_brand":[],"product_cat":[513,520],"product_tag":[],"class_list":{"0":"post-45051","1":"product","2":"type-product","3":"status-publish","4":"has-post-thumbnail","6":"product_cat-sahovske-ure","7":"product_cat-digitalne-ure","9":"entry","10":"has-media","12":"first","13":"instock","14":"taxable","15":"shipping-taxable","16":"purchasable","17":"product-type-simple","18":"has-product-nav","19":"col","20":"span_1_of_4","21":"owp-content-center","22":"item-entry","23":"owp-thumbs-layout-horizontal","24":"owp-btn-normal","25":"owp-tabs-layout-section"},"wcpa_form_fields":null,"_links":{"self":[{"href":"https:\/\/chessgamesemporium.com\/fr\/wp-json\/wp\/v2\/product\/45051","targetHints":{"allow":["GET"]}}],"collection":[{"href":"https:\/\/chessgamesemporium.com\/fr\/wp-json\/wp\/v2\/product"}],"about":[{"href":"https:\/\/chessgamesemporium.com\/fr\/wp-json\/wp\/v2\/types\/product"}],"replies":[{"embeddable":true,"href":"https:\/\/chessgamesemporium.com\/fr\/wp-json\/wp\/v2\/comments?post=45051"}],"version-history":[{"count":0,"href":"https:\/\/chessgamesemporium.com\/fr\/wp-json\/wp\/v2\/product\/45051\/revisions"}],"wp:featuredmedia":[{"embeddable":true,"href":"https:\/\/chessgamesemporium.com\/fr\/wp-json\/wp\/v2\/media\/45307"}],"wp:attachment":[{"href":"https:\/\/chessgamesemporium.com\/fr\/wp-json\/wp\/v2\/media?parent=45051"}],"wp:term":[{"taxonomy":"product_brand","embeddable":true,"href":"https:\/\/chessgamesemporium.com\/fr\/wp-json\/wp\/v2\/product_brand?post=45051"},{"taxonomy":"product_cat","embeddable":true,"href":"https:\/\/chessgamesemporium.com\/fr\/wp-json\/wp\/v2\/product_cat?post=45051"},{"taxonomy":"product_tag","embeddable":true,"href":"https:\/\/chessgamesemporium.com\/fr\/wp-json\/wp\/v2\/product_tag?post=45051"}],"curies":[{"name":"wp","href":"https:\/\/api.w.org\/{rel}","templated":true}]}}