{"id":45073,"date":"2022-09-06T10:33:51","date_gmt":"2022-09-06T10:33:51","guid":{"rendered":"https:\/\/www.ivh9.si\/Ponudbe\/chess\/?post_type=product&#038;p=45073"},"modified":"2026-04-18T05:14:50","modified_gmt":"2026-04-18T05:14:50","slug":"digitalna-sahovska-ura-dgt-1002-bonus","status":"publish","type":"product","link":"https:\/\/chessgamesemporium.com\/fr\/shop\/sahovske-ure\/digitalne-ure\/digitalna-sahovska-ura-dgt-1002-bonus\/","title":{"rendered":"DGT 1002 Bonus horloge d\u2019\u00e9checs num\u00e9rique \u2013 pour d\u00e9butants"},"content":{"rendered":"<p>L'horloge d'\u00e9checs DGT 1002 est une horloge num\u00e9rique polyvalente et fiable, con\u00e7ue pour am\u00e9liorer l'exp\u00e9rience des joueurs d'\u00e9checs, qu'ils soient d\u00e9butants ou professionnels. Compacte et facile d'utilisation, elle offre de nombreuses fonctionnalit\u00e9s qui en font un outil pr\u00e9cieux pour les tournois, les parties amicales et les entra\u00eenements.<\/p>\n<p>Excellente pour apprendre les \u00e9checs et s\u2019entra\u00eener avec du temps bonus.<\/p>\n<p>Principales caract\u00e9ristiques de l'horloge d'\u00e9checs DGT 1002 :<\/p>\n<p>Affichage num\u00e9rique : Son grand \u00e9cran clair et facile \u00e0 lire permet aux deux joueurs de suivre facilement le temps restant, essentiel pour une partie \u00e9quitable et comp\u00e9titive.<\/p>\n<p>Deux modes de chronom\u00e9trage : L'horloge prend en charge le d\u00e9compte (Fischer) et le comptage (Bronstein). Les joueurs peuvent choisir le mode qui correspond le mieux \u00e0 leurs pr\u00e9f\u00e9rences de jeu ou aux exigences des tournois.<\/p>\n<p>Utilisation simple : Le DGT 1002 est dot\u00e9 d'une interface intuitive, le rendant accessible aux joueurs d'\u00e9checs de tous niveaux. Facile \u00e0 param\u00e9trer et \u00e0 d\u00e9marrer, il dispose de boutons d\u00e9di\u00e9s pour chaque pendule.<\/p>\n<p>Bonus et d\u00e9lai : Le chronom\u00e8tre offre la possibilit\u00e9 d'ajouter du temps bonus (incr\u00e9ment) ou du d\u00e9lai \u00e0 la pendule de chaque joueur, pour une exp\u00e9rience de jeu flexible et personnalis\u00e9e.<\/p>\n<p>Alimentation par piles : Le DGT 1002 fonctionne avec des piles AA standard, garantissant sa portabilit\u00e9 et son utilisation dans divers environnements sans n\u00e9cessiter de prise secteur.<\/p>\n<p>Conception robuste : Con\u00e7u pour durer, ce chronom\u00e8tre d'\u00e9checs r\u00e9siste aux conditions difficiles des parties en club ou en tournoi.<\/p>\n<p>Facile \u00e0 transporter : Compact et l\u00e9ger, il se glisse facilement dans un sac d'\u00e9checs ou m\u00eame une poche, id\u00e9al pour les voyages et les parties improvis\u00e9es.<\/p>\n<p>Le chronom\u00e8tre d'\u00e9checs DGT 1002 est un choix fiable et abordable pour les passionn\u00e9s d'\u00e9checs souhaitant chronom\u00e9trer leurs parties, que ce soit pour le plaisir ou en comp\u00e9tition. Son utilisation intuitive, sa robustesse et sa polyvalence en font un excellent compagnon pour les joueurs de tous niveaux, garantissant des parties fluides et \u00e9quitables.<\/p>","protected":false},"excerpt":{"rendered":"<p>La DGT 1002 Bonus est une horloge d\u2019\u00e9checs simple et fiable pour d\u00e9butants, \u00e9coles et clubs. Elle prend en charge les fonctions de base, y compris le bonus de temps, avec un \u00e9cran clair pour une utilisation facile.<\/p>","protected":false},"featured_media":47740,"comment_status":"closed","ping_status":"closed","template":"","meta":{"_seopress_robots_primary_cat":"none","_seopress_titles_title":"Digitalna \u0161ahovska ura DGT 1002 Bonus \u2013 za za\u010detnike | ChessGamesEmporium","_seopress_titles_desc":"","_seopress_robots_index":""},"product_brand":[],"product_cat":[520,513],"product_tag":[],"class_list":{"0":"post-45073","1":"product","2":"type-product","3":"status-publish","4":"has-post-thumbnail","6":"product_cat-digitalne-ure","7":"product_cat-sahovske-ure","9":"entry","10":"has-media","12":"first","13":"instock","14":"taxable","15":"shipping-taxable","16":"purchasable","17":"product-type-simple","18":"has-product-nav","19":"col","20":"span_1_of_4","21":"owp-content-center","22":"item-entry","23":"owp-thumbs-layout-horizontal","24":"owp-btn-normal","25":"owp-tabs-layout-section"},"wcpa_form_fields":null,"_links":{"self":[{"href":"https:\/\/chessgamesemporium.com\/fr\/wp-json\/wp\/v2\/product\/45073","targetHints":{"allow":["GET"]}}],"collection":[{"href":"https:\/\/chessgamesemporium.com\/fr\/wp-json\/wp\/v2\/product"}],"about":[{"href":"https:\/\/chessgamesemporium.com\/fr\/wp-json\/wp\/v2\/types\/product"}],"replies":[{"embeddable":true,"href":"https:\/\/chessgamesemporium.com\/fr\/wp-json\/wp\/v2\/comments?post=45073"}],"version-history":[{"count":0,"href":"https:\/\/chessgamesemporium.com\/fr\/wp-json\/wp\/v2\/product\/45073\/revisions"}],"wp:featuredmedia":[{"embeddable":true,"href":"https:\/\/chessgamesemporium.com\/fr\/wp-json\/wp\/v2\/media\/47740"}],"wp:attachment":[{"href":"https:\/\/chessgamesemporium.com\/fr\/wp-json\/wp\/v2\/media?parent=45073"}],"wp:term":[{"taxonomy":"product_brand","embeddable":true,"href":"https:\/\/chessgamesemporium.com\/fr\/wp-json\/wp\/v2\/product_brand?post=45073"},{"taxonomy":"product_cat","embeddable":true,"href":"https:\/\/chessgamesemporium.com\/fr\/wp-json\/wp\/v2\/product_cat?post=45073"},{"taxonomy":"product_tag","embeddable":true,"href":"https:\/\/chessgamesemporium.com\/fr\/wp-json\/wp\/v2\/product_tag?post=45073"}],"curies":[{"name":"wp","href":"https:\/\/api.w.org\/{rel}","templated":true}]}}