{"id":45078,"date":"2022-09-06T10:37:25","date_gmt":"2022-09-06T10:37:25","guid":{"rendered":"https:\/\/www.ivh9.si\/Ponudbe\/chess\/?post_type=product&#038;p=45078"},"modified":"2026-04-22T05:38:56","modified_gmt":"2026-04-22T05:38:56","slug":"digitalna-sahovska-ura-leap-kk9908","status":"publish","type":"product","link":"https:\/\/chessgamesemporium.com\/fr\/shop\/sahovske-ure\/digitalne-ure\/digitalna-sahovska-ura-leap-kk9908\/","title":{"rendered":"Horloge d'\u00e9checs num\u00e9rique Leap KK9908"},"content":{"rendered":"<p>Ce tout nouveau chronom\u00e8tre d'\u00e9checs num\u00e9rique est compact, \u00e9l\u00e9gant et homologu\u00e9 FIDE. Ce chronom\u00e8tre pratique offre toutes les fonctionnalit\u00e9s n\u00e9cessaires pour jouer aux \u00e9checs \u00e0 tous les niveaux et dispose de plusieurs r\u00e9glages de temps pr\u00e9programm\u00e9s pour une utilisation optimale.<br \/>\nVous pouvez \u00e9galement programmer vos propres r\u00e9glages favoris et les enregistrer pour une utilisation imm\u00e9diate.<\/p>\n<p>Chronom\u00e8tre d'\u00e9checs num\u00e9rique homologu\u00e9 FIDE LEAP KK9908<\/p>\n<p>Livr\u00e9 dans une bo\u00eete en carton robuste avec fermeture magn\u00e9tique pour une protection optimale.<br \/>\nManuel d'utilisation inclus.<\/p>\n<p>Dimensions : 14 cm x 9,5 cm x 4,5 cm<\/p>\n<p>Fonctionne avec 1 pile AA (non fournie).<\/p>\n<p>La LEAP KK9908 est con\u00e7ue pour que vous puissiez commencer \u00e0 jouer presque imm\u00e9diatement \u2013 la plupart des r\u00e9glages de temps les plus utilis\u00e9s sont d\u00e9j\u00e0 programm\u00e9s, et vous pouvez facilement enregistrer vos pr\u00e9f\u00e9rences. C\u2019est particuli\u00e8rement pratique pour l\u2019entra\u00eenement r\u00e9gulier ou les parties en club, o\u00f9 il est important de changer rapidement de cadence.<\/p>\n<p>Gr\u00e2ce \u00e0 sa fiabilit\u00e9 et \u00e0 son homologation FIDE, cette horloge convient non seulement aux parties informelles mais aussi \u00e0 une utilisation plus s\u00e9rieuse. Son \u00e9cran clair, ses boutons intuitifs et son format compact en font un excellent choix pour les tournois et les d\u00e9placements.<\/p>","protected":false},"excerpt":{"rendered":"<p>Horloge d\u2019\u00e9checs num\u00e9rique homologu\u00e9e FIDE avec 36 programmes pr\u00e9configur\u00e9s. Prend en charge plusieurs p\u00e9riodes, l\u2019incr\u00e9ment (bonus) et le d\u00e9lai.<\/p>","protected":false},"featured_media":45081,"comment_status":"closed","ping_status":"closed","template":"","meta":{"_seopress_robots_primary_cat":"none","_seopress_titles_title":"LEAP KK9908 digitalna \u0161ahovska ura \u2013 FIDE potrjena | ChessGamesEmporium","_seopress_titles_desc":"Digitalna \u0161ahovska ura z dodatkom \u010dasa na potezo, delay funkcijo in jasnim zaslonom. Enostavna za uporabo in primerna za trening, \u0161olo ali klubsko igro.","_seopress_robots_index":""},"product_brand":[],"product_cat":[520,513],"product_tag":[],"class_list":{"0":"post-45078","1":"product","2":"type-product","3":"status-publish","4":"has-post-thumbnail","6":"product_cat-digitalne-ure","7":"product_cat-sahovske-ure","9":"entry","10":"has-media","12":"first","13":"instock","14":"taxable","15":"shipping-taxable","16":"purchasable","17":"product-type-simple","18":"has-product-nav","19":"col","20":"span_1_of_4","21":"owp-content-center","22":"item-entry","23":"owp-thumbs-layout-horizontal","24":"owp-btn-normal","25":"owp-tabs-layout-section"},"wcpa_form_fields":null,"_links":{"self":[{"href":"https:\/\/chessgamesemporium.com\/fr\/wp-json\/wp\/v2\/product\/45078","targetHints":{"allow":["GET"]}}],"collection":[{"href":"https:\/\/chessgamesemporium.com\/fr\/wp-json\/wp\/v2\/product"}],"about":[{"href":"https:\/\/chessgamesemporium.com\/fr\/wp-json\/wp\/v2\/types\/product"}],"replies":[{"embeddable":true,"href":"https:\/\/chessgamesemporium.com\/fr\/wp-json\/wp\/v2\/comments?post=45078"}],"version-history":[{"count":0,"href":"https:\/\/chessgamesemporium.com\/fr\/wp-json\/wp\/v2\/product\/45078\/revisions"}],"wp:featuredmedia":[{"embeddable":true,"href":"https:\/\/chessgamesemporium.com\/fr\/wp-json\/wp\/v2\/media\/45081"}],"wp:attachment":[{"href":"https:\/\/chessgamesemporium.com\/fr\/wp-json\/wp\/v2\/media?parent=45078"}],"wp:term":[{"taxonomy":"product_brand","embeddable":true,"href":"https:\/\/chessgamesemporium.com\/fr\/wp-json\/wp\/v2\/product_brand?post=45078"},{"taxonomy":"product_cat","embeddable":true,"href":"https:\/\/chessgamesemporium.com\/fr\/wp-json\/wp\/v2\/product_cat?post=45078"},{"taxonomy":"product_tag","embeddable":true,"href":"https:\/\/chessgamesemporium.com\/fr\/wp-json\/wp\/v2\/product_tag?post=45078"}],"curies":[{"name":"wp","href":"https:\/\/api.w.org\/{rel}","templated":true}]}}