{"id":45090,"date":"2022-09-06T10:43:26","date_gmt":"2022-09-06T10:43:26","guid":{"rendered":"https:\/\/www.ivh9.si\/Ponudbe\/chess\/?post_type=product&#038;p=45090"},"modified":"2026-03-23T07:44:36","modified_gmt":"2026-03-23T07:44:36","slug":"digitalna-sahovska-ura-leap-pq9921","status":"publish","type":"product","link":"https:\/\/chessgamesemporium.com\/fr\/shop\/sahovske-ure\/digitalne-ure\/digitalna-sahovska-ura-leap-pq9921\/","title":{"rendered":"Horloge d'\u00e9checs num\u00e9rique Leap PQ9921"},"content":{"rendered":"<p>Cette pendule d'\u00e9checs est dot\u00e9e de nombreuses fonctions, dont le compte \u00e0 rebours, le bonus, le d\u00e9lai, le d\u00e9compte des coups, l'alarme, la m\u00e9moire et le byo-yomi. Elle convient \u00e0 tous les joueurs d'\u00e9checs, qu'ils soient professionnels, amateurs ou d\u00e9butants.<br \/>\nLe meilleur choix pour vous<br \/>\nFonction byo-yomi sp\u00e9ciale, compatible avec les r\u00e8gles pr\u00e9d\u00e9finies et personnalis\u00e9es.<br \/>\nRemarque : Cette pendule professionnelle ne prend pas en charge le d\u00e9compte.<\/p>","protected":false},"excerpt":{"rendered":"<ul>\n<li>\u3010MULTIFONCTIONS\u3011 : Cette horloge d'\u00e9checs propose un compte \u00e0 rebours, un bonus, un d\u00e9lai (Fischer), une alarme marche\/arr\u00eat, la fonction Byo-Yomi, le comptage des coups et une m\u00e9moire de r\u00e9glages, jusqu'\u00e0 37 programmes. Elle permet non seulement de v\u00e9rifier les coups des deux joueurs, mais aussi d'ajuster le temps restant. (Remarque : le comptage des coups n'est pas disponible.)<\/li>\n<li>\u3010R\u00c9GLAGE FACILE\u3011 : Mise \u00e0 jour pour 2021, cette horloge d'\u00e9checs offre une interface simple et un grand \u00e9cran pour une \u00e9dition rapide.<\/li>\n<li>\u3010JEUX COMPATIBLES\u3011 : Compatible avec les \u00e9checs internationaux, les \u00e9checs chinois, l'I-GO et d'autres jeux de plateau \u00e0 deux joueurs. Elle a \u00e9t\u00e9 utilis\u00e9e lors de nombreux tournois. Vous pouvez d\u00e9finir un temps de base diff\u00e9rent pour chaque joueur.<\/li>\n<li>\u3010DIMENSIONS ET QUALIT\u00c9\u3011 : Fabriqu\u00e9 avec des composants \u00e9lectroniques et une coque en ABS, ce jeu d'\u00e9checs est \u00e9cologique, durable, l\u00e9ger et portable, facile \u00e0 transporter.<\/li>\n<\/ul>","protected":false},"featured_media":47737,"comment_status":"closed","ping_status":"closed","template":"","meta":{"_seopress_robots_primary_cat":"none","_seopress_titles_title":"","_seopress_titles_desc":"","_seopress_robots_index":""},"product_brand":[],"product_cat":[513,520],"product_tag":[],"class_list":{"0":"post-45090","1":"product","2":"type-product","3":"status-publish","4":"has-post-thumbnail","6":"product_cat-sahovske-ure","7":"product_cat-digitalne-ure","9":"entry","10":"has-media","12":"first","13":"instock","14":"taxable","15":"shipping-taxable","16":"purchasable","17":"product-type-simple","18":"has-product-nav","19":"col","20":"span_1_of_4","21":"owp-content-center","22":"item-entry","23":"owp-thumbs-layout-horizontal","24":"owp-btn-normal","25":"owp-tabs-layout-section"},"wcpa_form_fields":null,"_links":{"self":[{"href":"https:\/\/chessgamesemporium.com\/fr\/wp-json\/wp\/v2\/product\/45090","targetHints":{"allow":["GET"]}}],"collection":[{"href":"https:\/\/chessgamesemporium.com\/fr\/wp-json\/wp\/v2\/product"}],"about":[{"href":"https:\/\/chessgamesemporium.com\/fr\/wp-json\/wp\/v2\/types\/product"}],"replies":[{"embeddable":true,"href":"https:\/\/chessgamesemporium.com\/fr\/wp-json\/wp\/v2\/comments?post=45090"}],"version-history":[{"count":0,"href":"https:\/\/chessgamesemporium.com\/fr\/wp-json\/wp\/v2\/product\/45090\/revisions"}],"wp:featuredmedia":[{"embeddable":true,"href":"https:\/\/chessgamesemporium.com\/fr\/wp-json\/wp\/v2\/media\/47737"}],"wp:attachment":[{"href":"https:\/\/chessgamesemporium.com\/fr\/wp-json\/wp\/v2\/media?parent=45090"}],"wp:term":[{"taxonomy":"product_brand","embeddable":true,"href":"https:\/\/chessgamesemporium.com\/fr\/wp-json\/wp\/v2\/product_brand?post=45090"},{"taxonomy":"product_cat","embeddable":true,"href":"https:\/\/chessgamesemporium.com\/fr\/wp-json\/wp\/v2\/product_cat?post=45090"},{"taxonomy":"product_tag","embeddable":true,"href":"https:\/\/chessgamesemporium.com\/fr\/wp-json\/wp\/v2\/product_tag?post=45090"}],"curies":[{"name":"wp","href":"https:\/\/api.w.org\/{rel}","templated":true}]}}