{"id":45213,"date":"2022-09-08T14:39:21","date_gmt":"2022-09-08T14:39:21","guid":{"rendered":"https:\/\/www.ivh9.si\/Ponudbe\/chess\/?post_type=product&#038;p=45213"},"modified":"2026-05-05T13:15:09","modified_gmt":"2026-05-05T13:15:09","slug":"plasticne-sahovske-figure-dubrovnik-2","status":"publish","type":"product","link":"https:\/\/chessgamesemporium.com\/fr\/shop\/sahovske-figure\/plasticne-figure\/plasticne-sahovske-figure-dubrovnik-2\/","title":{"rendered":"Pi\u00e8ces d'\u00e9checs en plastique DUBROVNIK"},"content":{"rendered":"<p>Socle : Feutr\u00e9<br \/>\nMat\u00e9riau : Plastique<br \/>\nCouleur : Ocre et marron fonc\u00e9<\/p>\n<p>Dimensions : (hauteur | largeur de la base)<br \/>\nRoi :9,1 cm | 3,6 cm<br \/>\nReine : 7,7 cm | 3,5 cm<br \/>\nTour : 5,1 cm | 3,3 cm<br \/>\nFou : 7,1 cm | 3,1 cm<br \/>\nCavalier : 6,6 cm | 3,3 cm<br \/>\nPion : 4,7 cm | 2,9 cm<\/p>\n<p>Le jeu d'\u00e9checs Dubrovnik s'inspire d'un mod\u00e8le c\u00e9l\u00e8bre de 1950, cr\u00e9\u00e9 pour la 9e Olympiade d'\u00e9checs de Dubrovnik. Les pi\u00e8ces sont r\u00e9put\u00e9es pour leur simplicit\u00e9, l'absence de croix du roi, ainsi que pour leur ergonomie et leur facilit\u00e9 d'identification.<\/p>\n<p>Ce mod\u00e8le \u00e9tait particuli\u00e8rement appr\u00e9ci\u00e9 du l\u00e9gendaire champion du monde d'\u00e9checs Bobby Fischer. Il a d\u00e9clar\u00e9 publiquement que les pi\u00e8ces d'\u00e9checs de style Dubrovnik \u00e9taient ses pr\u00e9f\u00e9r\u00e9es et qu'il les utilisait souvent pour ses analyses et ses parties \u00e0 domicile.<\/p>\n<p>&#8220;This is the best set I have ever played on. It is marvellous.&#8221;<br \/>\n- Bobby Fischer \u00e0 propos du jeu Dubrovnik<\/p>\n<p>Notre version en plastique conserve la forme classique de ces pi\u00e8ces c\u00e9l\u00e8bres, mais dans une \u00e9dition plus abordable et plus r\u00e9sistante. Un excellent choix pour les clubs d'\u00e9checs, les d\u00e9butants et les passionn\u00e9s d'histoire des \u00e9checs. Elle convient \u00e9galement \u00e0 un usage quotidien et constitue un cadeau id\u00e9al.<\/p>\n<p>Attention ! Ne convient pas aux enfants de moins de 3 ans en raison des petites pi\u00e8ces ! Risque d'\u00e9touffement.<\/p>","protected":false},"excerpt":{"rendered":"<p>Podlaga: Podlo\u017eene s filcem Material: Plastika Barva: Oker in temno rjava Dimenzije: (vi\u0161ina figure | premer podlage) Kralj: 9,1 cm | 3,6 cm Dama: 7,7 cm | 3,5 cm Top: 5,1 cm | 3,3 cm Lovec: 7,1 cm | 3,1 cm Skaka\u010d: 6,6 cm | 3,3 cm Kmet: 4,7 cm | 2,9 cm Komplet \u0161ahovskih [&hellip;]<\/p>","protected":false},"featured_media":48235,"comment_status":"closed","ping_status":"closed","template":"","meta":{"_seopress_robots_primary_cat":"none","_seopress_titles_title":"","_seopress_titles_desc":"","_seopress_robots_index":""},"product_brand":[],"product_cat":[511,521],"product_tag":[594],"class_list":{"0":"post-45213","1":"product","2":"type-product","3":"status-publish","4":"has-post-thumbnail","6":"product_cat-sahovske-figure","7":"product_cat-plasticne-figure","8":"product_tag-90mm","10":"entry","11":"has-media","13":"first","14":"instock","15":"taxable","16":"shipping-taxable","17":"purchasable","18":"product-type-simple","19":"has-product-nav","20":"col","21":"span_1_of_4","22":"owp-content-center","23":"item-entry","24":"owp-thumbs-layout-horizontal","25":"owp-btn-normal","26":"owp-tabs-layout-section"},"wcpa_form_fields":null,"_links":{"self":[{"href":"https:\/\/chessgamesemporium.com\/fr\/wp-json\/wp\/v2\/product\/45213","targetHints":{"allow":["GET"]}}],"collection":[{"href":"https:\/\/chessgamesemporium.com\/fr\/wp-json\/wp\/v2\/product"}],"about":[{"href":"https:\/\/chessgamesemporium.com\/fr\/wp-json\/wp\/v2\/types\/product"}],"replies":[{"embeddable":true,"href":"https:\/\/chessgamesemporium.com\/fr\/wp-json\/wp\/v2\/comments?post=45213"}],"version-history":[{"count":1,"href":"https:\/\/chessgamesemporium.com\/fr\/wp-json\/wp\/v2\/product\/45213\/revisions"}],"predecessor-version":[{"id":64487,"href":"https:\/\/chessgamesemporium.com\/fr\/wp-json\/wp\/v2\/product\/45213\/revisions\/64487"}],"wp:featuredmedia":[{"embeddable":true,"href":"https:\/\/chessgamesemporium.com\/fr\/wp-json\/wp\/v2\/media\/48235"}],"wp:attachment":[{"href":"https:\/\/chessgamesemporium.com\/fr\/wp-json\/wp\/v2\/media?parent=45213"}],"wp:term":[{"taxonomy":"product_brand","embeddable":true,"href":"https:\/\/chessgamesemporium.com\/fr\/wp-json\/wp\/v2\/product_brand?post=45213"},{"taxonomy":"product_cat","embeddable":true,"href":"https:\/\/chessgamesemporium.com\/fr\/wp-json\/wp\/v2\/product_cat?post=45213"},{"taxonomy":"product_tag","embeddable":true,"href":"https:\/\/chessgamesemporium.com\/fr\/wp-json\/wp\/v2\/product_tag?post=45213"}],"curies":[{"name":"wp","href":"https:\/\/api.w.org\/{rel}","templated":true}]}}