{"id":45291,"date":"2022-09-24T13:10:51","date_gmt":"2022-09-24T13:10:51","guid":{"rendered":"https:\/\/www.ivh9.si\/Ponudbe\/chess\/?post_type=product&#038;p=45291"},"modified":"2026-04-09T14:49:15","modified_gmt":"2026-04-09T14:49:15","slug":"digitalna-sahovska-ura-dgt-3000","status":"publish","type":"product","link":"https:\/\/chessgamesemporium.com\/fr\/shop\/sahovske-ure\/digitalne-ure\/digitalna-sahovska-ura-dgt-3000\/","title":{"rendered":"DGT 3000 horloge d\u2019\u00e9checs num\u00e9rique \u2013 FIDE tournoi"},"content":{"rendered":"<p>Lanc\u00e9e en octobre 2014, l'horloge d'\u00e9checs DGT 3000 est la plus performante de la gamme DGT. Compatible avec tous les \u00e9chiquiers \u00e9lectroniques DGT, elle est enti\u00e8rement conforme aux r\u00e8gles et r\u00e8glements de la FIDE.<\/p>\n<p>L'horloge d'\u00e9checs num\u00e9rique haut de gamme DGT 3000 allie technologie de pointe et ergonomie. Pr\u00e9cise et fiable, elle est tr\u00e8s appr\u00e9ci\u00e9e des joueurs d'\u00e9checs du monde entier.<\/p>\n<p>Gr\u00e2ce \u00e0 ses fonctionnalit\u00e9s sp\u00e9cifiques, comme le r\u00e9glage du temps, les rappels et les d\u00e9lais, la DGT 3000 offre une exp\u00e9rience de jeu flexible et personnalis\u00e9e. Con\u00e7ue pour r\u00e9pondre aux besoins des joueurs d\u00e9butants comme confirm\u00e9s, elle propose une utilisation simple et un affichage clair et lisible.<\/p>\n<p>La technologie num\u00e9rique permet une mesure pr\u00e9cise du temps, un aspect crucial du jeu d'\u00e9checs. La DGT 3000 est \u00e9quip\u00e9e de boutons intuitifs pour un r\u00e9glage facile du temps et des d\u00e9lais. De plus, son design moderne s'int\u00e8gre harmonieusement \u00e0 tout jeu d'\u00e9checs.<\/p>\n<p>La DGT 3000 peut \u00e9galement m\u00e9moriser diff\u00e9rents r\u00e9glages de temps, ce qui la rend extr\u00eamement pratique pour les entra\u00eenements ou les tournois avec des cadences de jeu variables. Toutes ces caract\u00e9ristiques font de la pendule d'\u00e9checs DGT 3000 un outil indispensable pour les joueurs d'\u00e9checs s\u00e9rieux.<\/p>\n<p>Fiabilit\u00e9, simplicit\u00e9 d'utilisation et design contemporain placent la pendule d'\u00e9checs DGT 3000 \u00e0 la pointe des pendules d'\u00e9checs num\u00e9riques sur le march\u00e9. Que vous soyez d\u00e9butant ou joueur confirm\u00e9, la DGT 3000 r\u00e9pondra \u00e0 toutes vos attentes en mati\u00e8re de pendule d'\u00e9checs fiable et performante.<\/p>\n<p>Les avantages sont les suivants :<br \/>\n- \u00c9cran beaucoup plus grand avec plus d\u2019informations<br \/>\n- Le DGT3000 se connecte \u00e0 tous les \u00e9chiquiers \u00e9lectroniques DGT et poss\u00e8de de nombreuses fonctionnalit\u00e9s nouvelles et am\u00e9lior\u00e9es<br \/>\n- Affichage des secondes d\u00e8s le d\u00e9but<br \/>\n- 25 options de chronom\u00e9trage pr\u00e9programm\u00e9es<br \/>\n- 5 emplacements pour des r\u00e9glages personnalis\u00e9s<br \/>\n- Manuel inclus en 6 langues : anglais, fran\u00e7ais, espagnol, n\u00e9erlandais, allemand et russe.<\/p>","protected":false},"excerpt":{"rendered":"<p>La DGT 3000 est une horloge d\u2019\u00e9checs num\u00e9rique homologu\u00e9e par la FIDE pour les tournois. Elle dispose d\u2019un grand \u00e9cran, de 25 syst\u00e8mes de temps et prend en charge l\u2019incr\u00e9ment et le d\u00e9lai. Id\u00e9ale pour les joueurs s\u00e9rieux et les clubs.<\/p>","protected":false},"featured_media":47735,"comment_status":"closed","ping_status":"closed","template":"","meta":{"_seopress_robots_primary_cat":"none","_seopress_titles_title":"","_seopress_titles_desc":"","_seopress_robots_index":""},"product_brand":[],"product_cat":[520,513],"product_tag":[],"class_list":{"0":"post-45291","1":"product","2":"type-product","3":"status-publish","4":"has-post-thumbnail","6":"product_cat-digitalne-ure","7":"product_cat-sahovske-ure","9":"entry","10":"has-media","12":"first","13":"instock","14":"sale","15":"taxable","16":"shipping-taxable","17":"purchasable","18":"product-type-simple","19":"has-product-nav","20":"col","21":"span_1_of_4","22":"owp-content-center","23":"item-entry","24":"owp-thumbs-layout-horizontal","25":"owp-btn-normal","26":"owp-tabs-layout-section"},"wcpa_form_fields":null,"_links":{"self":[{"href":"https:\/\/chessgamesemporium.com\/fr\/wp-json\/wp\/v2\/product\/45291","targetHints":{"allow":["GET"]}}],"collection":[{"href":"https:\/\/chessgamesemporium.com\/fr\/wp-json\/wp\/v2\/product"}],"about":[{"href":"https:\/\/chessgamesemporium.com\/fr\/wp-json\/wp\/v2\/types\/product"}],"replies":[{"embeddable":true,"href":"https:\/\/chessgamesemporium.com\/fr\/wp-json\/wp\/v2\/comments?post=45291"}],"version-history":[{"count":0,"href":"https:\/\/chessgamesemporium.com\/fr\/wp-json\/wp\/v2\/product\/45291\/revisions"}],"wp:featuredmedia":[{"embeddable":true,"href":"https:\/\/chessgamesemporium.com\/fr\/wp-json\/wp\/v2\/media\/47735"}],"wp:attachment":[{"href":"https:\/\/chessgamesemporium.com\/fr\/wp-json\/wp\/v2\/media?parent=45291"}],"wp:term":[{"taxonomy":"product_brand","embeddable":true,"href":"https:\/\/chessgamesemporium.com\/fr\/wp-json\/wp\/v2\/product_brand?post=45291"},{"taxonomy":"product_cat","embeddable":true,"href":"https:\/\/chessgamesemporium.com\/fr\/wp-json\/wp\/v2\/product_cat?post=45291"},{"taxonomy":"product_tag","embeddable":true,"href":"https:\/\/chessgamesemporium.com\/fr\/wp-json\/wp\/v2\/product_tag?post=45291"}],"curies":[{"name":"wp","href":"https:\/\/api.w.org\/{rel}","templated":true}]}}