{"id":45873,"date":"2022-10-13T10:17:12","date_gmt":"2022-10-13T10:17:12","guid":{"rendered":"https:\/\/www.ivh44.si\/Ponudbe\/chess\/?post_type=product&#038;p=45873"},"modified":"2026-04-18T04:12:57","modified_gmt":"2026-04-18T04:12:57","slug":"plasticne-sahovske-figure-crna-bez","status":"publish","type":"product","link":"https:\/\/chessgamesemporium.com\/fr\/shop\/sahovske-figure\/plasticne-figure\/plasticne-sahovske-figure-crna-bez\/","title":{"rendered":"Pi\u00e8ces d'\u00e9checs en plastique NOIR | BEIGE"},"content":{"rendered":"<p>Socle : Feutr\u00e9<br \/>\nMat\u00e9riau : Plastique<br \/>\nCouleur : Ocre et noir<\/p>\n<p>Dimensions : (hauteur | largeur de la base)<br \/>\nRoi : 9,0 cm | 3,5 cm<br \/>\nReine : 9,0 cm | 3,5 cm<br \/>\nTour: 4,7 cm | 3,1 cm<br \/>\nFou : 6,7 cm | 3,1 cm<br \/>\nCavalier : 6,1 cm | 3,1 cm<br \/>\nPion : 4,6 cm | 2,7 cm<\/p>\n<p>Ce jeu d'\u00e9checs STAUNTON en plastique est un choix fiable et abordable pour les \u00e9coles, les clubs ou la maison. Fabriqu\u00e9es en plastique tr\u00e8s r\u00e9sistant, ces pi\u00e8ces supportent une utilisation intensive sans s'ab\u00eemer.<\/p>\n<p>Ce jeu est recommand\u00e9 pour :<\/p>\n<p>les clubs d'\u00e9checs et les clubs scolaires<\/p>\n<p>les \u00e9coles et les \u00e9tablissements d'enseignement<\/p>\n<p>les organisateurs de tournois<\/p>\n<p>les d\u00e9butants et les joueurs occasionnels<\/p>\n<p>Attention ! Ne convient pas aux enfants de moins de 3 ans en raison des petites pi\u00e8ces ! Risque d'\u00e9touffement.<\/p>","protected":false},"excerpt":{"rendered":"<p>Podlaga: Podlo\u017eene s filcem Material: Plastika Barva: oker in \u010drna Dimenzije: (vi\u0161ina | premer podlage) Kralj: 9,0 cm | 3,5 cm Dama: 7,8 cm | 3,5 cm Top: 4,7 cm | 3,1 cm Lovec: 6,7 cm | 3,1 cm Skaka\u010d: 6,1 cm | 3,1 cm Kmet: 4,6 cm | 2,7 cm Komplet plasti\u010dnih \u0161ahovskih figur [&hellip;]<\/p>","protected":false},"featured_media":48251,"comment_status":"closed","ping_status":"closed","template":"","meta":{"_seopress_robots_primary_cat":"none","_seopress_titles_title":"","_seopress_titles_desc":"Elegantne podlo\u017eene \u0161ahovske figure v barvi \u010drna\/be\u017e za tiho in gladko igro. Klasi\u010den dizajn zagotavlja dobro preglednost in prijetno igranje doma ali pri treningu.","_seopress_robots_index":""},"product_brand":[],"product_cat":[511,521],"product_tag":[594],"class_list":{"0":"post-45873","1":"product","2":"type-product","3":"status-publish","4":"has-post-thumbnail","6":"product_cat-sahovske-figure","7":"product_cat-plasticne-figure","8":"product_tag-90mm","10":"entry","11":"has-media","13":"first","14":"instock","15":"taxable","16":"shipping-taxable","17":"purchasable","18":"product-type-simple","19":"has-product-nav","20":"col","21":"span_1_of_4","22":"owp-content-center","23":"item-entry","24":"owp-thumbs-layout-horizontal","25":"owp-btn-normal","26":"owp-tabs-layout-section"},"wcpa_form_fields":null,"_links":{"self":[{"href":"https:\/\/chessgamesemporium.com\/fr\/wp-json\/wp\/v2\/product\/45873","targetHints":{"allow":["GET"]}}],"collection":[{"href":"https:\/\/chessgamesemporium.com\/fr\/wp-json\/wp\/v2\/product"}],"about":[{"href":"https:\/\/chessgamesemporium.com\/fr\/wp-json\/wp\/v2\/types\/product"}],"replies":[{"embeddable":true,"href":"https:\/\/chessgamesemporium.com\/fr\/wp-json\/wp\/v2\/comments?post=45873"}],"version-history":[{"count":0,"href":"https:\/\/chessgamesemporium.com\/fr\/wp-json\/wp\/v2\/product\/45873\/revisions"}],"wp:featuredmedia":[{"embeddable":true,"href":"https:\/\/chessgamesemporium.com\/fr\/wp-json\/wp\/v2\/media\/48251"}],"wp:attachment":[{"href":"https:\/\/chessgamesemporium.com\/fr\/wp-json\/wp\/v2\/media?parent=45873"}],"wp:term":[{"taxonomy":"product_brand","embeddable":true,"href":"https:\/\/chessgamesemporium.com\/fr\/wp-json\/wp\/v2\/product_brand?post=45873"},{"taxonomy":"product_cat","embeddable":true,"href":"https:\/\/chessgamesemporium.com\/fr\/wp-json\/wp\/v2\/product_cat?post=45873"},{"taxonomy":"product_tag","embeddable":true,"href":"https:\/\/chessgamesemporium.com\/fr\/wp-json\/wp\/v2\/product_tag?post=45873"}],"curies":[{"name":"wp","href":"https:\/\/api.w.org\/{rel}","templated":true}]}}