{"id":45880,"date":"2022-10-13T10:26:39","date_gmt":"2022-10-13T10:26:39","guid":{"rendered":"https:\/\/www.ivh44.si\/Ponudbe\/chess\/?post_type=product&#038;p=45880"},"modified":"2026-01-27T06:55:29","modified_gmt":"2026-01-27T06:55:29","slug":"plasticne-sahovske-figure-roman-gold","status":"publish","type":"product","link":"https:\/\/chessgamesemporium.com\/fr\/shop\/sahovske-figure\/plasticne-figure\/plasticne-sahovske-figure-roman-gold\/","title":{"rendered":"Pi\u00e8ces d'\u00e9checs en plastique ROMAN GOLD"},"content":{"rendered":"<p>Socle : Feutr\u00e9<br \/>\nMat\u00e9riau : Plastique<br \/>\nCouleur : noir et or<\/p>\n<p>Dimensions : (hauteur | largeur de la base)<br \/>\nRoi : 9,5 cm | 3,0 cm<br \/>\nReine : 9,3 cm | 3,0 cm<br \/>\nTour: 6,9 cm | 3,0 cm<br \/>\nFou: 8,2 cm | 3,0, cm<br \/>\nCavalier : 7,5 cm | 3,0 cm<br \/>\nPion : 6,2 cm | 2,3 cm<\/p>\n<p>Les pi\u00e8ces d'\u00e9checs Roman Gold arborent un design th\u00e9matique d\u00e9taill\u00e9, inspir\u00e9 de la Rome antique. Bien que cet ensemble soit d\u00e9coratif, les pi\u00e8ces sont de taille r\u00e9glementaire pour les tournois et leur rev\u00eatement en feutre facilite le jeu. Son principal attrait r\u00e9side dans son esth\u00e9tique, mais il n'en est pas moins fonctionnel.<\/p>\n<p>Id\u00e9al pour :<\/p>\n<p>Collectionneurs et passionn\u00e9s d'histoire<\/p>\n<p>Cadeaux ou objets de d\u00e9coration<\/p>\n<p>Parties d\u00e9tendues dans un cadre esth\u00e9tique<\/p>\n<p>Attention ! Ne convient pas aux enfants de moins de 3 ans en raison des petites pi\u00e8ces ! Risque d'\u00e9touffement.<\/p>","protected":false},"excerpt":{"rendered":"<p>Podlaga: Podlo\u017eene s filcem Material: Plastika Barva: zlata in \u010drna Dimenzije: (vi\u0161ina figure | premer podlage) Kralj: 9,5 cm | 3,0 cm Dama: 9,3 cm | 3,0 cm Top: 6,9 cm | 3,0 cm Lovec: 8,2 cm | 3,0, cm Skaka\u010d: 7,5 cm | 3,0 cm Kmet: 6,2 cm | 2,3 cm \u0160ahovske figure Roman [&hellip;]<\/p>","protected":false},"featured_media":48233,"comment_status":"closed","ping_status":"closed","template":"","meta":{"_seopress_robots_primary_cat":"none","_seopress_titles_title":"","_seopress_titles_desc":"","_seopress_robots_index":""},"product_brand":[],"product_cat":[511,521],"product_tag":[595],"class_list":{"0":"post-45880","1":"product","2":"type-product","3":"status-publish","4":"has-post-thumbnail","6":"product_cat-sahovske-figure","7":"product_cat-plasticne-figure","8":"product_tag-95mm","10":"entry","11":"has-media","13":"first","14":"instock","15":"taxable","16":"shipping-taxable","17":"purchasable","18":"product-type-simple","19":"has-product-nav","20":"col","21":"span_1_of_4","22":"owp-content-center","23":"item-entry","24":"owp-thumbs-layout-horizontal","25":"owp-btn-normal","26":"owp-tabs-layout-section"},"wcpa_form_fields":null,"_links":{"self":[{"href":"https:\/\/chessgamesemporium.com\/fr\/wp-json\/wp\/v2\/product\/45880","targetHints":{"allow":["GET"]}}],"collection":[{"href":"https:\/\/chessgamesemporium.com\/fr\/wp-json\/wp\/v2\/product"}],"about":[{"href":"https:\/\/chessgamesemporium.com\/fr\/wp-json\/wp\/v2\/types\/product"}],"replies":[{"embeddable":true,"href":"https:\/\/chessgamesemporium.com\/fr\/wp-json\/wp\/v2\/comments?post=45880"}],"version-history":[{"count":0,"href":"https:\/\/chessgamesemporium.com\/fr\/wp-json\/wp\/v2\/product\/45880\/revisions"}],"wp:featuredmedia":[{"embeddable":true,"href":"https:\/\/chessgamesemporium.com\/fr\/wp-json\/wp\/v2\/media\/48233"}],"wp:attachment":[{"href":"https:\/\/chessgamesemporium.com\/fr\/wp-json\/wp\/v2\/media?parent=45880"}],"wp:term":[{"taxonomy":"product_brand","embeddable":true,"href":"https:\/\/chessgamesemporium.com\/fr\/wp-json\/wp\/v2\/product_brand?post=45880"},{"taxonomy":"product_cat","embeddable":true,"href":"https:\/\/chessgamesemporium.com\/fr\/wp-json\/wp\/v2\/product_cat?post=45880"},{"taxonomy":"product_tag","embeddable":true,"href":"https:\/\/chessgamesemporium.com\/fr\/wp-json\/wp\/v2\/product_tag?post=45880"}],"curies":[{"name":"wp","href":"https:\/\/api.w.org\/{rel}","templated":true}]}}