{"id":45930,"date":"2022-10-13T10:35:20","date_gmt":"2022-10-13T10:35:20","guid":{"rendered":"https:\/\/www.ivh44.si\/Ponudbe\/chess\/?post_type=product&#038;p=45930"},"modified":"2026-05-05T13:10:52","modified_gmt":"2026-05-05T13:10:52","slug":"plasticne-sahovske-figure-staunton-s","status":"publish","type":"product","link":"https:\/\/chessgamesemporium.com\/fr\/shop\/sahovske-figure\/plasticne-figure\/plasticne-sahovske-figure-staunton-s\/","title":{"rendered":"Pi\u00e8ces d'\u00e9checs en plastique STAUNTON S"},"content":{"rendered":"<p>Socle : Feutr\u00e9<br \/>\nMat\u00e9riau : Plastique<br \/>\nCouleur : Beige et noir<\/p>\n<p>Dimensions : (hauteur | largeur de la base)<br \/>\nRoi: 7,9 cm | 3,2 cm<br \/>\nReine : 7,3 cm | 3,1 cm<br \/>\nTour : 4,6 cm | 3,0 cm<br \/>\nFou : 6,2 cm | 2,8 cm<br \/>\nCavalier: 5,5 cm | 2,8 cm<br \/>\nPion : 4,4 cm | 2,7 cm<\/p>\n<p>Le jeu d'\u00e9checs STAUNTON S est un jeu compact en plastique, id\u00e9al pour les clubs scolaires, les d\u00e9butants et les espaces r\u00e9duits. Gr\u00e2ce \u00e0 sa petite taille, il est parfait pour les bureaux d'\u00e9colier, les voyages et l'entra\u00eenement.<\/p>\n<p>Les pi\u00e8ces d'\u00e9checs arborent le design classique Staunton et sont dot\u00e9es d'une base en feutre pour des parties silencieuses et stables. Ce jeu est durable, abordable et convient \u00e0 un usage quotidien.<\/p>\n<p>Attention ! Ne convient pas aux enfants de moins de 3 ans en raison des petites pi\u00e8ces ! Risque d'\u00e9touffement.<\/p>","protected":false},"excerpt":{"rendered":"<p>Podlaga: Podlo\u017eene s filcem Material: Plastika Barva: Be\u017e in \u010drna Dimenzije: (vi\u0161ina figure | premer podlage) Kralj: 7,9 cm | 3,2 cm Dama: 7,3 cm | 3,1 cm Top: 4,6 cm | 3,0 cm Lovec: 6,2 cm | 2,8 cm Skaka\u010d: 5,5 cm | 2,8 cm Kmet: 4,4 cm | 2,7 cm STAUNTON\u202fS je kompakten [&hellip;]<\/p>","protected":false},"featured_media":48248,"comment_status":"closed","ping_status":"closed","template":"","meta":{"_seopress_robots_primary_cat":"none","_seopress_titles_title":"","_seopress_titles_desc":"Trpe\u017een in lahek \u0161ahovski set za \u0161olo, klub ali dom. Klasi\u010den Staunton dizajn omogo\u010da dobro vidljivost, stabilnost figur in prijetno igro.","_seopress_robots_index":""},"product_brand":[],"product_cat":[511,521],"product_tag":[596],"class_list":{"0":"post-45930","1":"product","2":"type-product","3":"status-publish","4":"has-post-thumbnail","6":"product_cat-sahovske-figure","7":"product_cat-plasticne-figure","8":"product_tag-80mm","10":"entry","11":"has-media","13":"first","14":"instock","15":"taxable","16":"shipping-taxable","17":"purchasable","18":"product-type-simple","19":"has-product-nav","20":"col","21":"span_1_of_4","22":"owp-content-center","23":"item-entry","24":"owp-thumbs-layout-horizontal","25":"owp-btn-normal","26":"owp-tabs-layout-section"},"wcpa_form_fields":null,"_links":{"self":[{"href":"https:\/\/chessgamesemporium.com\/fr\/wp-json\/wp\/v2\/product\/45930","targetHints":{"allow":["GET"]}}],"collection":[{"href":"https:\/\/chessgamesemporium.com\/fr\/wp-json\/wp\/v2\/product"}],"about":[{"href":"https:\/\/chessgamesemporium.com\/fr\/wp-json\/wp\/v2\/types\/product"}],"replies":[{"embeddable":true,"href":"https:\/\/chessgamesemporium.com\/fr\/wp-json\/wp\/v2\/comments?post=45930"}],"version-history":[{"count":1,"href":"https:\/\/chessgamesemporium.com\/fr\/wp-json\/wp\/v2\/product\/45930\/revisions"}],"predecessor-version":[{"id":64484,"href":"https:\/\/chessgamesemporium.com\/fr\/wp-json\/wp\/v2\/product\/45930\/revisions\/64484"}],"wp:featuredmedia":[{"embeddable":true,"href":"https:\/\/chessgamesemporium.com\/fr\/wp-json\/wp\/v2\/media\/48248"}],"wp:attachment":[{"href":"https:\/\/chessgamesemporium.com\/fr\/wp-json\/wp\/v2\/media?parent=45930"}],"wp:term":[{"taxonomy":"product_brand","embeddable":true,"href":"https:\/\/chessgamesemporium.com\/fr\/wp-json\/wp\/v2\/product_brand?post=45930"},{"taxonomy":"product_cat","embeddable":true,"href":"https:\/\/chessgamesemporium.com\/fr\/wp-json\/wp\/v2\/product_cat?post=45930"},{"taxonomy":"product_tag","embeddable":true,"href":"https:\/\/chessgamesemporium.com\/fr\/wp-json\/wp\/v2\/product_tag?post=45930"}],"curies":[{"name":"wp","href":"https:\/\/api.w.org\/{rel}","templated":true}]}}