{"id":45973,"date":"2022-10-13T10:57:16","date_gmt":"2022-10-13T10:57:16","guid":{"rendered":"https:\/\/www.ivh44.si\/Ponudbe\/chess\/?post_type=product&#038;p=45973"},"modified":"2026-05-02T21:24:58","modified_gmt":"2026-05-02T21:24:58","slug":"plasticne-sahovske-figure-vikingi","status":"publish","type":"product","link":"https:\/\/chessgamesemporium.com\/fr\/shop\/sahovske-figure\/plasticne-figure\/plasticne-sahovske-figure-vikingi\/","title":{"rendered":"Pi\u00e8ces d'\u00e9checs en plastique VIKINGS"},"content":{"rendered":"<div class=\"cge-desc-tabs\" data-cge-tabs=\"\">\n<div class=\"cge-desc-tab-buttons\">\n<button class=\"active\" type=\"button\" data-tab=\"opis\">Description<\/button><br \/>\n<button type=\"button\" data-tab=\"specifikacije\">Sp\u00e9cifications<\/button><br \/>\n<button type=\"button\" data-tab=\"primernost\">Convient pour<\/button>\n<\/div>\n<p><!-- OPIS --><\/p>\n<div class=\"cge-desc-tab-panel active\" data-panel=\"opis\">\n<p>Ce jeu d'\u00e9checs Viking allie fonctionnalit\u00e9 et esth\u00e9tique. Inspir\u00e9es des motifs de la mythologie nordique et con\u00e7ues dans le style de la culture viking, les pi\u00e8ces offrent une exp\u00e9rience de jeu \u00e0 la fois ludique et historique.<\/p>\n<p>Les pi\u00e8ces d\u2019\u00e9checs Viking offrent une exp\u00e9rience totalement diff\u00e9rente en combinant le jeu avec l\u2019univers des guerriers nordiques. Gr\u00e2ce \u00e0 leur design distinctif et unique, elles sont id\u00e9ales pour ceux qui recherchent une alternative aux pi\u00e8ces Staunton classiques tout en conservant une utilisation pratique. Elles sont souvent choisies pour des collections th\u00e9matiques, des cadeaux ou comme jeu d\u00e9coratif qui attire l\u2019attention.<\/p>\n<p class=\"cge-warning\">Attention ! Ne convient pas aux enfants de moins de 3 ans en raison des petites pi\u00e8ces ! Risque d'\u00e9touffement.<\/p>\n<\/div>\n<p><!-- SPECIFIKACIJE --><\/p>\n<div class=\"cge-desc-tab-panel\" data-panel=\"specifikacije\">\n<div class=\"cge-spec-list\">\n<div><b>Base :<\/b> feutr\u00e9e<\/div>\n<div><b>Lest\u00e9es<\/b> Non<\/div>\n<div><b>Mat\u00e9riau :<\/b> Plastique<\/div>\n<div><b>Couleur :<\/b> Cr\u00e8me et noir<\/div>\n<div><b>Adapt\u00e9 pour \u00e9chiquier :<\/b> Taille des cases env. 45 mm \u00e0 55 mm<\/div>\n<\/div>\n<p class=\"cge-spec-heading\">Dimensions : (hauteur | largeur de la base)<\/p>\n<div class=\"cge-dimensions\">\n<div><b>Roi :<\/b> 9,5 cm | 2,9 cm<\/div>\n<div><b>Reine :<\/b> 8,9 cm | 2,9 cm<\/div>\n<div><b>Tour :<\/b> 6,7 cm | 2,9 cm<\/div>\n<div><b>Fou :<\/b> 7,8 cm | 2,9 cm<\/div>\n<div><b>Cavalier :<\/b> 7,5 cm | 2,9 cm<\/div>\n<div><b>Pion :<\/b> 5,8 cm | 2,4 cm<\/div>\n<\/div>\n<\/div>\n<p><!-- PRIMERNOST --><\/p>\n<div class=\"cge-desc-tab-panel\" data-panel=\"primernost\">\n<div class=\"cge-check-list\">\n<div>\u2713 Les passionn\u00e9s d'histoire et de culture nordiques<\/div>\n<div>\u2713 Collectionneurs<\/div>\n<div>\u2713 Design unique<\/div>\n<div>\u2713 usage \u00e0 domicile<\/div>\n<div>\u2713 Exp\u00e9rience d\u2019\u00e9checs ludique<\/div>\n<\/div>\n<\/div>\n<\/div>","protected":false},"excerpt":{"rendered":"<p>Opis Specifikacije Primernost Komplet \u0161ahovskih figur Vikingi zdru\u017euje uporabno funkcionalnost z umetni\u0161kim oblikovanjem. Figure so navdihnjene z motivi iz nordijske mitologije ter oblikovane v prepoznavnem slogu vikin\u0161ke kulture. Njihova unikatna podoba ustvarja igrivo, a hkrati zgodovinsko obarvano \u0161ahovsko izku\u0161njo. Viking \u0161ahovske figure prina\u0161ajo popolnoma druga\u010dno \u0161ahovsko izku\u0161njo, saj zdru\u017eujejo igro in tematiko nordijskih bojevnikov. Zaradi [&hellip;]<\/p>","protected":false},"featured_media":48244,"comment_status":"closed","ping_status":"closed","template":"","meta":{"_seopress_robots_primary_cat":"none","_seopress_titles_title":"Plasti\u010dne \u0161ahovske figure Vikingi \u2013 tematske figure | \u0160ahovska trgovina Muba","_seopress_titles_desc":"Tematske plasti\u010dne \u0161ahovske figure Vikingi z unikatnim dizajnom. Odli\u010dna izbira za dekoracijo, zbiratelje ali igranje \u0161aha doma in kot darilo.","_seopress_robots_index":""},"product_brand":[],"product_cat":[511,521],"product_tag":[595],"class_list":{"0":"post-45973","1":"product","2":"type-product","3":"status-publish","4":"has-post-thumbnail","6":"product_cat-sahovske-figure","7":"product_cat-plasticne-figure","8":"product_tag-95mm","10":"entry","11":"has-media","13":"first","14":"instock","15":"taxable","16":"shipping-taxable","17":"purchasable","18":"product-type-simple","19":"has-product-nav","20":"col","21":"span_1_of_4","22":"owp-content-center","23":"item-entry","24":"owp-thumbs-layout-horizontal","25":"owp-btn-normal","26":"owp-tabs-layout-section"},"wcpa_form_fields":null,"_links":{"self":[{"href":"https:\/\/chessgamesemporium.com\/fr\/wp-json\/wp\/v2\/product\/45973","targetHints":{"allow":["GET"]}}],"collection":[{"href":"https:\/\/chessgamesemporium.com\/fr\/wp-json\/wp\/v2\/product"}],"about":[{"href":"https:\/\/chessgamesemporium.com\/fr\/wp-json\/wp\/v2\/types\/product"}],"replies":[{"embeddable":true,"href":"https:\/\/chessgamesemporium.com\/fr\/wp-json\/wp\/v2\/comments?post=45973"}],"version-history":[{"count":5,"href":"https:\/\/chessgamesemporium.com\/fr\/wp-json\/wp\/v2\/product\/45973\/revisions"}],"predecessor-version":[{"id":64404,"href":"https:\/\/chessgamesemporium.com\/fr\/wp-json\/wp\/v2\/product\/45973\/revisions\/64404"}],"wp:featuredmedia":[{"embeddable":true,"href":"https:\/\/chessgamesemporium.com\/fr\/wp-json\/wp\/v2\/media\/48244"}],"wp:attachment":[{"href":"https:\/\/chessgamesemporium.com\/fr\/wp-json\/wp\/v2\/media?parent=45973"}],"wp:term":[{"taxonomy":"product_brand","embeddable":true,"href":"https:\/\/chessgamesemporium.com\/fr\/wp-json\/wp\/v2\/product_brand?post=45973"},{"taxonomy":"product_cat","embeddable":true,"href":"https:\/\/chessgamesemporium.com\/fr\/wp-json\/wp\/v2\/product_cat?post=45973"},{"taxonomy":"product_tag","embeddable":true,"href":"https:\/\/chessgamesemporium.com\/fr\/wp-json\/wp\/v2\/product_tag?post=45973"}],"curies":[{"name":"wp","href":"https:\/\/api.w.org\/{rel}","templated":true}]}}