{"id":45981,"date":"2022-10-13T10:59:53","date_gmt":"2022-10-13T10:59:53","guid":{"rendered":"https:\/\/www.ivh44.si\/Ponudbe\/chess\/?post_type=product&#038;p=45981"},"modified":"2025-08-06T09:40:39","modified_gmt":"2025-08-06T09:40:39","slug":"plasticne-sahovske-figure-roman-cream","status":"publish","type":"product","link":"https:\/\/chessgamesemporium.com\/fr\/shop\/sahovske-figure\/plasticne-figure\/plasticne-sahovske-figure-roman-cream\/","title":{"rendered":"Pi\u00e8ces d'\u00e9checs en plastique ROMAN CREAM"},"content":{"rendered":"<p>Socle : Feutr\u00e9<br \/>\nMat\u00e9riau : Plastique<br \/>\nCouleur : cr\u00e8me \/ noir<\/p>\n<p>Dimensions : (hauteur | largeur de la base)<br \/>\nRoi : 9,5 cm | 3,0 cm<br \/>\nReine : 9,3 cm | 3,0 cm<br \/>\nTour: 6,9 cm | 3,0 cm<br \/>\nFou: 8,2 cm | 3,0, cm<br \/>\nCavalier : 7,5 cm | 3,0 cm<br \/>\nPion : 6,2 cm | 2,3 cm<\/p>\n<p>Le jeu d'\u00e9checs \u00ab Cr\u00e8me Romaine \u00bb comprend des pi\u00e8ces th\u00e9matiques inspir\u00e9es de la Rome antique. Chaque pi\u00e8ce est finement d\u00e9taill\u00e9e, cr\u00e9ant une atmosph\u00e8re historique particuli\u00e8re. Leur aspect d\u00e9coratif en fait un excellent choix pour les amateurs de beaux jeux d'\u00e9checs.<\/p>\n<p>Bien que fonctionnelles et de taille adapt\u00e9e au jeu, leur principal atout r\u00e9side sans aucun doute dans leur esth\u00e9tique, ce qui en fait un cadeau id\u00e9al pour les occasions sp\u00e9ciales ou pour les collectionneurs.<\/p>\n<p>Convient pour :<\/p>\n<p>les amateurs de th\u00e8mes historiques,<\/p>\n<p>les cadeaux et les occasions sp\u00e9ciales,<\/p>\n<p>jouer dans un environnement d\u00e9tendu o\u00f9 l'esth\u00e9tique prime sur la praticit\u00e9.<\/p>\n<p>Attention ! Ne convient pas aux enfants de moins de 3 ans en raison des petites pi\u00e8ces ! Risque d'\u00e9touffement.<\/p>","protected":false},"excerpt":{"rendered":"<p>Podlaga: Podlo\u017eene s filcem Material: Plastika Barva: kremna in \u010drna Dimenzije: (vi\u0161ina figure | premer podlage) Kralj: 9,5 cm | 3,0 cm Dama: 9,3 cm | 3,0 cm Top: 6,9 cm | 3,0 cm Lovec: 8,2 cm | 3,0, cm Skaka\u010d: 7,5 cm | 3,0 cm Kmet: 6,2 cm | 2,3 cm Komplet Roman Cream [&hellip;]<\/p>","protected":false},"featured_media":48242,"comment_status":"closed","ping_status":"closed","template":"","meta":{"_seopress_robots_primary_cat":"none","_seopress_titles_title":"","_seopress_titles_desc":"","_seopress_robots_index":""},"product_brand":[],"product_cat":[511,521],"product_tag":[595],"class_list":{"0":"post-45981","1":"product","2":"type-product","3":"status-publish","4":"has-post-thumbnail","6":"product_cat-sahovske-figure","7":"product_cat-plasticne-figure","8":"product_tag-95mm","10":"entry","11":"has-media","13":"first","14":"instock","15":"taxable","16":"shipping-taxable","17":"purchasable","18":"product-type-simple","19":"has-product-nav","20":"col","21":"span_1_of_4","22":"owp-content-center","23":"item-entry","24":"owp-thumbs-layout-horizontal","25":"owp-btn-normal","26":"owp-tabs-layout-section"},"wcpa_form_fields":null,"_links":{"self":[{"href":"https:\/\/chessgamesemporium.com\/fr\/wp-json\/wp\/v2\/product\/45981","targetHints":{"allow":["GET"]}}],"collection":[{"href":"https:\/\/chessgamesemporium.com\/fr\/wp-json\/wp\/v2\/product"}],"about":[{"href":"https:\/\/chessgamesemporium.com\/fr\/wp-json\/wp\/v2\/types\/product"}],"replies":[{"embeddable":true,"href":"https:\/\/chessgamesemporium.com\/fr\/wp-json\/wp\/v2\/comments?post=45981"}],"version-history":[{"count":0,"href":"https:\/\/chessgamesemporium.com\/fr\/wp-json\/wp\/v2\/product\/45981\/revisions"}],"wp:featuredmedia":[{"embeddable":true,"href":"https:\/\/chessgamesemporium.com\/fr\/wp-json\/wp\/v2\/media\/48242"}],"wp:attachment":[{"href":"https:\/\/chessgamesemporium.com\/fr\/wp-json\/wp\/v2\/media?parent=45981"}],"wp:term":[{"taxonomy":"product_brand","embeddable":true,"href":"https:\/\/chessgamesemporium.com\/fr\/wp-json\/wp\/v2\/product_brand?post=45981"},{"taxonomy":"product_cat","embeddable":true,"href":"https:\/\/chessgamesemporium.com\/fr\/wp-json\/wp\/v2\/product_cat?post=45981"},{"taxonomy":"product_tag","embeddable":true,"href":"https:\/\/chessgamesemporium.com\/fr\/wp-json\/wp\/v2\/product_tag?post=45981"}],"curies":[{"name":"wp","href":"https:\/\/api.w.org\/{rel}","templated":true}]}}