{"id":45988,"date":"2022-10-13T11:03:17","date_gmt":"2022-10-13T11:03:17","guid":{"rendered":"https:\/\/www.ivh44.si\/Ponudbe\/chess\/?post_type=product&#038;p=45988"},"modified":"2026-04-30T12:20:09","modified_gmt":"2026-04-30T12:20:09","slug":"plasticne-sahovske-figure-amber-transparent","status":"publish","type":"product","link":"https:\/\/chessgamesemporium.com\/fr\/shop\/sahovske-figure\/plasticne-figure\/plasticne-sahovske-figure-amber-transparent\/","title":{"rendered":"Pi\u00e8ces d'\u00e9checs en plastique AMBRE TRANSPARENT"},"content":{"rendered":"<div class=\"cge-desc-tabs\" data-cge-tabs=\"\">\n<div class=\"cge-desc-tab-buttons\"><button class=\"active\" type=\"button\" data-tab=\"opis\">Description<\/button><br \/>\n<button type=\"button\" data-tab=\"specifikacije\">Sp\u00e9cifications<\/button><br \/>\n<button type=\"button\" data-tab=\"primernost\">Convient pour<\/button><\/div>\n<p><!-- OPIS --><\/p>\n<div class=\"cge-desc-tab-panel active\" data-panel=\"opis\">\n<p>Ces \u00e9l\u00e9gantes pi\u00e8ces d'\u00e9checs Ambre Transparent allient praticit\u00e9 et esth\u00e9tique. Gr\u00e2ce \u00e0 leur plastique transparent \u00e0 l'effet ambr\u00e9, elles attirent le regard, tout en \u00e9tant abordables et fonctionnelles.<\/p>\n<p>Ce jeu est id\u00e9al pour ceux qui recherchent un jeu original \u00e0 petit prix, tout en conservant des dimensions standard.<\/p>\n<p class=\"cge-warning\">Attention ! Ne convient pas aux enfants de moins de 3 ans en raison des petites pi\u00e8ces ! Risque d'\u00e9touffement.<\/p>\n<\/div>\n<p><!-- SPECIFIKACIJE --><\/p>\n<div class=\"cge-desc-tab-panel\" data-panel=\"specifikacije\">\n<div class=\"cge-spec-list\">\n<div><b>Base :<\/b> feutr\u00e9e<\/div>\n<div><b>Lest\u00e9es<\/b> Non<\/div>\n<div><b>Mat\u00e9riau :<\/b> Plastique<\/div>\n<div><b>Couleur :<\/b> Transparent et ambre<\/div>\n<div><b>Adapt\u00e9 pour \u00e9chiquier :<\/b> Polje pribli\u017eno 50 mm do 58 mm<\/div>\n<\/div>\n<p class=\"cge-spec-heading\">Dimensions : (hauteur | largeur de la base)<\/p>\n<div class=\"cge-dimensions\">\n<div><b>Roi :<\/b> 9,5 cm | 3,6 cm<\/div>\n<div><b>Reine :<\/b> 8,5 cm | 3,6 cm<\/div>\n<div><b>Tour :<\/b> 5,6 cm | 3,5 cm<\/div>\n<div><b>Fou :<\/b> 7,1 cm | 3,0 cm<\/div>\n<div><b>Cavalier :<\/b> 6,6 cm | 3,0 cm<\/div>\n<div><b>Pion :<\/b> 5,4 cm | 2,8 cm<\/div>\n<\/div>\n<\/div>\n<p><!-- PRIMERNOST --><\/p>\n<div class=\"cge-desc-tab-panel\" data-panel=\"primernost\">\n<div class=\"cge-check-list\">\n<div>\u2713 d\u00e9butants<\/div>\n<div>\u2713 usage \u00e0 domicile<\/div>\n<div>\u2713 utilisation d\u00e9corative<\/div>\n<div>\u2713 cadeau pour joueurs d\u2019\u00e9checs<\/div>\n<div>\u2713 ensemble de jeu abordable<\/div>\n<\/div>\n<\/div>\n<\/div>","protected":false},"excerpt":{"rendered":"<p>Opis Specifikacije Primernost Elegantne plasti\u010dne \u0161ahovske figure Amber Transparent zdru\u017eujejo prakti\u010dnost in estetski videz \u2013 zahvaljujo\u010d prosojni plastiki z jantar-efektom so vizualno privla\u010dne, hkrati pa cenovno dostopne in funkcionalne. Komplet je prilagojen tistim, ki i\u0161\u010dejo nekaj nekoliko druga\u010dnega, ne da bi se odpovedali standardni velikosti in za to ne bi radi pla\u010dali preve\u010d. OPOZORILO! Ni [&hellip;]<\/p>","protected":false},"featured_media":48239,"comment_status":"closed","ping_status":"closed","template":"","meta":{"_seopress_robots_primary_cat":"none","_seopress_titles_title":"Plasti\u010dne \u0161ahovske figure AMBER TRANSPARENT \u2013 prozorne","_seopress_titles_desc":"Prosojne \u0161ahovske figure v barvi jantarja za edinstven vizualni u\u010dinek igre. Lahke in elegantne, primerne za dekoracijo ali igranje doma.","_seopress_robots_index":""},"product_brand":[],"product_cat":[511,521],"product_tag":[595],"class_list":{"0":"post-45988","1":"product","2":"type-product","3":"status-publish","4":"has-post-thumbnail","6":"product_cat-sahovske-figure","7":"product_cat-plasticne-figure","8":"product_tag-95mm","10":"entry","11":"has-media","13":"first","14":"instock","15":"taxable","16":"shipping-taxable","17":"purchasable","18":"product-type-simple","19":"has-product-nav","20":"col","21":"span_1_of_4","22":"owp-content-center","23":"item-entry","24":"owp-thumbs-layout-horizontal","25":"owp-btn-normal","26":"owp-tabs-layout-section"},"wcpa_form_fields":null,"_links":{"self":[{"href":"https:\/\/chessgamesemporium.com\/fr\/wp-json\/wp\/v2\/product\/45988","targetHints":{"allow":["GET"]}}],"collection":[{"href":"https:\/\/chessgamesemporium.com\/fr\/wp-json\/wp\/v2\/product"}],"about":[{"href":"https:\/\/chessgamesemporium.com\/fr\/wp-json\/wp\/v2\/types\/product"}],"replies":[{"embeddable":true,"href":"https:\/\/chessgamesemporium.com\/fr\/wp-json\/wp\/v2\/comments?post=45988"}],"version-history":[{"count":0,"href":"https:\/\/chessgamesemporium.com\/fr\/wp-json\/wp\/v2\/product\/45988\/revisions"}],"wp:featuredmedia":[{"embeddable":true,"href":"https:\/\/chessgamesemporium.com\/fr\/wp-json\/wp\/v2\/media\/48239"}],"wp:attachment":[{"href":"https:\/\/chessgamesemporium.com\/fr\/wp-json\/wp\/v2\/media?parent=45988"}],"wp:term":[{"taxonomy":"product_brand","embeddable":true,"href":"https:\/\/chessgamesemporium.com\/fr\/wp-json\/wp\/v2\/product_brand?post=45988"},{"taxonomy":"product_cat","embeddable":true,"href":"https:\/\/chessgamesemporium.com\/fr\/wp-json\/wp\/v2\/product_cat?post=45988"},{"taxonomy":"product_tag","embeddable":true,"href":"https:\/\/chessgamesemporium.com\/fr\/wp-json\/wp\/v2\/product_tag?post=45988"}],"curies":[{"name":"wp","href":"https:\/\/api.w.org\/{rel}","templated":true}]}}