{"id":46046,"date":"2022-10-14T08:32:30","date_gmt":"2022-10-14T08:32:30","guid":{"rendered":"https:\/\/www.ivh44.si\/Ponudbe\/chess\/?post_type=product&#038;p=46046"},"modified":"2025-02-24T12:48:34","modified_gmt":"2025-02-24T12:48:34","slug":"wooden-chess-board-antique-large","status":"publish","type":"product","link":"https:\/\/chessgamesemporium.com\/fr\/shop\/sahovnice\/ekskluzivne-sahovnice\/wooden-chess-board-antique-large\/","title":{"rendered":"\u00c9chiquier en bois antique, grand format"},"content":{"rendered":"<p>Un luxueux \u00e9chiquier en bois de noyer orn\u00e9 de mosa\u00efques.<\/p>\n<p>Cet \u00e9chiquier est laiss\u00e9 brut, laissant transpara\u00eetre les couleurs naturelles du bois.<br \/>\nIl est verni pour rehausser son \u00e9clat et prot\u00e9ger le bois.<\/p>\n<p>Dimensions des cases : 55 \u00d7 55 mm<br \/>\nDimensions de l'\u00e9chiquier : 60 \u00d7 60 \u00d7 5 cm<\/p>","protected":false},"excerpt":{"rendered":"<p>Luksuzna \u0161ahovnica iz oreha in umetnosti mozaika \u0160ahovnica ni barvana, vse barve so naravne barve lesa. \u0160ahovnica je le lakirana za za\u0161\u010dito in dodatni lesk. Dimenzije polja: 55 mm Dimenzije \u0161ahovnice: 60 x 60 x 5 cm<\/p>","protected":false},"featured_media":46027,"comment_status":"closed","ping_status":"closed","template":"","meta":{"_seopress_robots_primary_cat":"none","_seopress_titles_title":"","_seopress_titles_desc":"","_seopress_robots_index":""},"product_brand":[],"product_cat":[525],"product_tag":[],"class_list":{"0":"post-46046","1":"product","2":"type-product","3":"status-publish","4":"has-post-thumbnail","6":"product_cat-ekskluzivne-sahovnice","8":"entry","9":"has-media","11":"first","12":"instock","13":"taxable","14":"shipping-taxable","15":"purchasable","16":"product-type-simple","17":"has-product-nav","18":"col","19":"span_1_of_4","20":"owp-content-center","21":"item-entry","22":"owp-thumbs-layout-horizontal","23":"owp-btn-normal","24":"owp-tabs-layout-section","25":"has-no-thumbnails"},"wcpa_form_fields":null,"_links":{"self":[{"href":"https:\/\/chessgamesemporium.com\/fr\/wp-json\/wp\/v2\/product\/46046","targetHints":{"allow":["GET"]}}],"collection":[{"href":"https:\/\/chessgamesemporium.com\/fr\/wp-json\/wp\/v2\/product"}],"about":[{"href":"https:\/\/chessgamesemporium.com\/fr\/wp-json\/wp\/v2\/types\/product"}],"replies":[{"embeddable":true,"href":"https:\/\/chessgamesemporium.com\/fr\/wp-json\/wp\/v2\/comments?post=46046"}],"version-history":[{"count":0,"href":"https:\/\/chessgamesemporium.com\/fr\/wp-json\/wp\/v2\/product\/46046\/revisions"}],"wp:featuredmedia":[{"embeddable":true,"href":"https:\/\/chessgamesemporium.com\/fr\/wp-json\/wp\/v2\/media\/46027"}],"wp:attachment":[{"href":"https:\/\/chessgamesemporium.com\/fr\/wp-json\/wp\/v2\/media?parent=46046"}],"wp:term":[{"taxonomy":"product_brand","embeddable":true,"href":"https:\/\/chessgamesemporium.com\/fr\/wp-json\/wp\/v2\/product_brand?post=46046"},{"taxonomy":"product_cat","embeddable":true,"href":"https:\/\/chessgamesemporium.com\/fr\/wp-json\/wp\/v2\/product_cat?post=46046"},{"taxonomy":"product_tag","embeddable":true,"href":"https:\/\/chessgamesemporium.com\/fr\/wp-json\/wp\/v2\/product_tag?post=46046"}],"curies":[{"name":"wp","href":"https:\/\/api.w.org\/{rel}","templated":true}]}}