{"id":46052,"date":"2022-10-14T09:01:21","date_gmt":"2022-10-14T09:01:21","guid":{"rendered":"https:\/\/www.ivh44.si\/Ponudbe\/chess\/?post_type=product&#038;p=46052"},"modified":"2025-02-24T12:48:22","modified_gmt":"2025-02-24T12:48:22","slug":"sahovnica-s-predalom-za-figure-antique","status":"publish","type":"product","link":"https:\/\/chessgamesemporium.com\/fr\/shop\/sahovnice\/ekskluzivne-sahovnice\/sahovnica-s-predalom-za-figure-antique\/","title":{"rendered":"\u00c9chiquier avec tiroir, style antique"},"content":{"rendered":"<p>Un \u00e9chiquier de luxe en fr\u00eane orn\u00e9 de mosa\u00efques.<\/p>\n<p>Cet \u00e9chiquier est laiss\u00e9 brut, laissant transpara\u00eetre les couleurs naturelles du bois.<\/p>\n<p>Il est verni pour rehausser son \u00e9clat et prot\u00e9ger le bois.<\/p>\n<p>Taille des cases : 41 \u00d7 41 mm<br \/>\nDimensions de l\u2019\u00e9chiquier : 51 x 47 x 8,5 cm<\/p>","protected":false},"excerpt":{"rendered":"<p>Luksuzna \u0161ahovnica iz jesna in umetnosti mozaika \u0160ahovnica ni barvana, vse barve so naravne barve lesa. \u0160ahovnica je le lakirana za za\u0161\u010dito in dodatni lesk. Dimenzije polja: 41 mm Dimenzije \u0161ahovnice: 51 X 47 X 8,5 cm<\/p>","protected":false},"featured_media":46054,"comment_status":"closed","ping_status":"closed","template":"","meta":{"_seopress_robots_primary_cat":"none","_seopress_titles_title":"","_seopress_titles_desc":"","_seopress_robots_index":""},"product_brand":[],"product_cat":[525,514],"product_tag":[],"class_list":{"0":"post-46052","1":"product","2":"type-product","3":"status-publish","4":"has-post-thumbnail","6":"product_cat-ekskluzivne-sahovnice","7":"product_cat-sahovnice","9":"entry","10":"has-media","12":"first","13":"instock","14":"taxable","15":"shipping-taxable","16":"purchasable","17":"product-type-simple","18":"has-product-nav","19":"col","20":"span_1_of_4","21":"owp-content-center","22":"item-entry","23":"owp-thumbs-layout-horizontal","24":"owp-btn-normal","25":"owp-tabs-layout-section","26":"has-no-thumbnails"},"wcpa_form_fields":null,"_links":{"self":[{"href":"https:\/\/chessgamesemporium.com\/fr\/wp-json\/wp\/v2\/product\/46052","targetHints":{"allow":["GET"]}}],"collection":[{"href":"https:\/\/chessgamesemporium.com\/fr\/wp-json\/wp\/v2\/product"}],"about":[{"href":"https:\/\/chessgamesemporium.com\/fr\/wp-json\/wp\/v2\/types\/product"}],"replies":[{"embeddable":true,"href":"https:\/\/chessgamesemporium.com\/fr\/wp-json\/wp\/v2\/comments?post=46052"}],"version-history":[{"count":0,"href":"https:\/\/chessgamesemporium.com\/fr\/wp-json\/wp\/v2\/product\/46052\/revisions"}],"wp:featuredmedia":[{"embeddable":true,"href":"https:\/\/chessgamesemporium.com\/fr\/wp-json\/wp\/v2\/media\/46054"}],"wp:attachment":[{"href":"https:\/\/chessgamesemporium.com\/fr\/wp-json\/wp\/v2\/media?parent=46052"}],"wp:term":[{"taxonomy":"product_brand","embeddable":true,"href":"https:\/\/chessgamesemporium.com\/fr\/wp-json\/wp\/v2\/product_brand?post=46052"},{"taxonomy":"product_cat","embeddable":true,"href":"https:\/\/chessgamesemporium.com\/fr\/wp-json\/wp\/v2\/product_cat?post=46052"},{"taxonomy":"product_tag","embeddable":true,"href":"https:\/\/chessgamesemporium.com\/fr\/wp-json\/wp\/v2\/product_tag?post=46052"}],"curies":[{"name":"wp","href":"https:\/\/api.w.org\/{rel}","templated":true}]}}