{"id":46069,"date":"2022-10-14T11:16:19","date_gmt":"2022-10-14T11:16:19","guid":{"rendered":"https:\/\/www.ivh44.si\/Ponudbe\/chess\/?post_type=product&#038;p=46069"},"modified":"2025-02-25T11:12:26","modified_gmt":"2025-02-25T11:12:26","slug":"sah-dama-backgammon-medium","status":"publish","type":"product","link":"https:\/\/chessgamesemporium.com\/fr\/shop\/sahovski-kompleti\/posebni-sahi\/sah-dama-backgammon-medium\/","title":{"rendered":"\u00c9checs-Dames-Backgammon Medium"},"content":{"rendered":"<p>Set 3 en 1 \u00c9checs - Dames - Backgammon<\/p>\n<p>Pi\u00e8ces d'\u00e9checs<br \/>\nDimensions : (hauteur | largeur de la base) :<br \/>\nRoi : 7,3 cm | 2,6 cm<br \/>\nReine : 6,5 cm | 2,5 cm<br \/>\nTour : 3,8 cm | 2,3 cm<br \/>\nFou : 5,4 cm | 2,4 cm<br \/>\nCavalier : 4,7 cm | 2,4 cm<br \/>\nPion : 3,8 cm | 2,1 cm<\/p>\n<p>Dimensions du jeu (ferm\u00e9) : 42 x 21 x 4,5 cm<\/p>\n<p>Mat\u00e9riau des pi\u00e8ces : charme, sycomore<\/p>\n<p>Mat\u00e9riau du plateau : h\u00eatre, bouleau<\/p>\n<p>Ne convient pas aux enfants de moins de 3 ans.<\/p>","protected":false},"excerpt":{"rendered":"<p>Komplet \u0161ah &#8211; dama &#8211; backgammon \u0160ahovske figure Dimenzije: (vi\u0161ina | premer podlage): Kralj: 7,3 cm | 2,6 cm Dama: 6,5 cm | 2,5 cm Top: 3,8 cm | 2,3 cm Lovec: 5,4 cm | 2,4 cm Skaka\u010d: 4,7 cm | 2,4 cm Kmet: 3,8 cm | 2,1 cm Dimenzije seta:\u00a042x21x4,5 cm Material figur: gaber, [&hellip;]<\/p>","protected":false},"featured_media":46075,"comment_status":"closed","ping_status":"closed","template":"","meta":{"_seopress_robots_primary_cat":"none","_seopress_titles_title":"","_seopress_titles_desc":"","_seopress_robots_index":""},"product_brand":[],"product_cat":[537,510],"product_tag":[],"class_list":{"0":"post-46069","1":"product","2":"type-product","3":"status-publish","4":"has-post-thumbnail","6":"product_cat-posebni-sahi","7":"product_cat-sahovski-kompleti","8":"wcpa_has_options","10":"entry","11":"has-media","13":"first","14":"instock","15":"taxable","16":"shipping-taxable","17":"purchasable","18":"product-type-simple","19":"has-product-nav","20":"col","21":"span_1_of_4","22":"owp-content-center","23":"item-entry","24":"owp-thumbs-layout-horizontal","25":"owp-btn-normal","26":"owp-tabs-layout-section"},"wcpa_form_fields":{"rules":{"pric_overide_base_price":false,"pric_overide_base_price_if_gt_zero":false,"pric_overide_base_price_fully":false,"pric_cal_option_once":false,"pric_use_as_fee":false,"bind_quantity":false,"quantity_bind_formula":false},"fields":[{"type":"text","elementId":"wcpa-text-1666713333654","label":"Gravura ( opcijsko )","description":"Vpi\u0161ite \u017eeljeni tekst za graviranje (npr. Vse najbolj\u0161e, IME, datum ipd.)","desc_type":true,"enablePrice":true,"pricingType":"fixed","price":"7","name":"text-1666713333654","fee_label":"Za naro\u010dnike izven eu, bo davek od\u0161tet na blagajni.","subtype":"text","maxlength":"16","cl_rule":"show","col":6,"relations":false,"form_id":46231,"form_rules":{"pric_cal_option_once":false,"exclude_from_discount":false,"pric_use_as_fee":false,"fee_label":"Fee","render_after_acb":false,"disp_hide_options_price":false}}]},"_links":{"self":[{"href":"https:\/\/chessgamesemporium.com\/fr\/wp-json\/wp\/v2\/product\/46069","targetHints":{"allow":["GET"]}}],"collection":[{"href":"https:\/\/chessgamesemporium.com\/fr\/wp-json\/wp\/v2\/product"}],"about":[{"href":"https:\/\/chessgamesemporium.com\/fr\/wp-json\/wp\/v2\/types\/product"}],"replies":[{"embeddable":true,"href":"https:\/\/chessgamesemporium.com\/fr\/wp-json\/wp\/v2\/comments?post=46069"}],"version-history":[{"count":0,"href":"https:\/\/chessgamesemporium.com\/fr\/wp-json\/wp\/v2\/product\/46069\/revisions"}],"wp:featuredmedia":[{"embeddable":true,"href":"https:\/\/chessgamesemporium.com\/fr\/wp-json\/wp\/v2\/media\/46075"}],"wp:attachment":[{"href":"https:\/\/chessgamesemporium.com\/fr\/wp-json\/wp\/v2\/media?parent=46069"}],"wp:term":[{"taxonomy":"product_brand","embeddable":true,"href":"https:\/\/chessgamesemporium.com\/fr\/wp-json\/wp\/v2\/product_brand?post=46069"},{"taxonomy":"product_cat","embeddable":true,"href":"https:\/\/chessgamesemporium.com\/fr\/wp-json\/wp\/v2\/product_cat?post=46069"},{"taxonomy":"product_tag","embeddable":true,"href":"https:\/\/chessgamesemporium.com\/fr\/wp-json\/wp\/v2\/product_tag?post=46069"}],"curies":[{"name":"wp","href":"https:\/\/api.w.org\/{rel}","templated":true}]}}