{"id":46082,"date":"2022-10-19T12:41:53","date_gmt":"2022-10-19T12:41:53","guid":{"rendered":"https:\/\/www.ivh44.si\/Ponudbe\/chess\/?post_type=product&#038;p=46082"},"modified":"2025-04-01T06:08:03","modified_gmt":"2025-04-01T06:08:03","slug":"orjaske-sahovske-figure-vrtni-sah","status":"publish","type":"product","link":"https:\/\/chessgamesemporium.com\/fr\/shop\/jeux-de-jardin\/vrtni-sahi\/orjaske-sahovske-figure-vrtni-sah\/","title":{"rendered":"Jeu d'\u00e9checs g\u00e9ant pour jardin | \u00c9checs de jardin"},"content":{"rendered":"<p>Un jeu d'\u00e9checs g\u00e9ant pour jardin est un magnifique \u00e9l\u00e9ment de d\u00e9coration qui offre une activit\u00e9 ludique et permet aux enfants de d\u00e9couvrir les \u00e9checs de mani\u00e8re amusante.<\/p>\n<p>Location possible :<br \/>\nNous proposons une location mensuelle pour les pi\u00e8ces et l'\u00e9chiquier.<br \/>\nTarifs de location :<br \/>\n80 \u20ac \u2013 1 mois<br \/>\n130 \u20ac \u2013 2 mois<br \/>\n180 \u20ac \u2013 3 mois<br \/>\nLivraison et retour :<br \/>\nFrais de livraison de 30 \u20ac en Slov\u00e9nie ou retrait et retour sur place.<\/p>\n<p>Description :<br \/>\nLes pi\u00e8ces d'\u00e9checs de jardin sont r\u00e9sistantes aux intemp\u00e9ries et compos\u00e9es de deux segments, ce qui permet de les lester avec de l'eau ou du sable. Elles mesurent de 43 \u00e0 64 cm de haut, avec une base d'environ 22 cm. Elles sont livr\u00e9es dans deux bo\u00eetes en carton robustes.<\/p>\n<p>Hauteur des pi\u00e8ces :<br \/>\nRoi : 64 cm<br \/>\nReine : 58 cm<br \/>\nFou : 56 cm<br \/>\nCavalier : 48 cm<br \/>\nTour : 43 cm<br \/>\nPion : 43 cm<\/p>\n<p>Mat\u00e9riau : Plastique<\/p>\n<p>Taille des cases de l'\u00e9chiquier recommand\u00e9e : 35 \u00e0 50 cm<\/p>\n<p>\u00c9chiquier non inclus.<\/p>","protected":false},"excerpt":{"rendered":"<p>Orja\u0161ki \u0161ah je prijeten vrtni dodatek in omogo\u010da zanimivo pre\u017eivljanje prostega \u010dasa, poleg tega pa je tudi zabaven na\u010din u\u010denja \u0161aha za za\u010detnike. Mo\u017ena izposoja: Nudimo mese\u010dno izposojo figur skupaj s \u0161ahovnico. Cene izposoje: 80 Eur &#8211; 1 mesec 130 Eur &#8211; 2 meseca 180 Eur &#8211; 3 mesece Dostava in prevzem pri izposoji: 30 [&hellip;]<\/p>","protected":false},"featured_media":46086,"comment_status":"closed","ping_status":"closed","template":"","meta":{"_seopress_robots_primary_cat":"none","_seopress_titles_title":"","_seopress_titles_desc":"","_seopress_robots_index":""},"product_brand":[],"product_cat":[538,539],"product_tag":[],"class_list":{"0":"post-46082","1":"product","2":"type-product","3":"status-publish","4":"has-post-thumbnail","6":"product_cat-vrtne-igre","7":"product_cat-vrtni-sahi","9":"entry","10":"has-media","12":"first","13":"instock","14":"taxable","15":"shipping-taxable","16":"purchasable","17":"product-type-simple","18":"has-product-nav","19":"col","20":"span_1_of_4","21":"owp-content-center","22":"item-entry","23":"owp-thumbs-layout-horizontal","24":"owp-btn-normal","25":"owp-tabs-layout-section"},"wcpa_form_fields":null,"_links":{"self":[{"href":"https:\/\/chessgamesemporium.com\/fr\/wp-json\/wp\/v2\/product\/46082","targetHints":{"allow":["GET"]}}],"collection":[{"href":"https:\/\/chessgamesemporium.com\/fr\/wp-json\/wp\/v2\/product"}],"about":[{"href":"https:\/\/chessgamesemporium.com\/fr\/wp-json\/wp\/v2\/types\/product"}],"replies":[{"embeddable":true,"href":"https:\/\/chessgamesemporium.com\/fr\/wp-json\/wp\/v2\/comments?post=46082"}],"version-history":[{"count":0,"href":"https:\/\/chessgamesemporium.com\/fr\/wp-json\/wp\/v2\/product\/46082\/revisions"}],"wp:featuredmedia":[{"embeddable":true,"href":"https:\/\/chessgamesemporium.com\/fr\/wp-json\/wp\/v2\/media\/46086"}],"wp:attachment":[{"href":"https:\/\/chessgamesemporium.com\/fr\/wp-json\/wp\/v2\/media?parent=46082"}],"wp:term":[{"taxonomy":"product_brand","embeddable":true,"href":"https:\/\/chessgamesemporium.com\/fr\/wp-json\/wp\/v2\/product_brand?post=46082"},{"taxonomy":"product_cat","embeddable":true,"href":"https:\/\/chessgamesemporium.com\/fr\/wp-json\/wp\/v2\/product_cat?post=46082"},{"taxonomy":"product_tag","embeddable":true,"href":"https:\/\/chessgamesemporium.com\/fr\/wp-json\/wp\/v2\/product_tag?post=46082"}],"curies":[{"name":"wp","href":"https:\/\/api.w.org\/{rel}","templated":true}]}}