{"id":46097,"date":"2022-10-19T13:09:02","date_gmt":"2022-10-19T13:09:02","guid":{"rendered":"https:\/\/www.ivh44.si\/Ponudbe\/chess\/?post_type=product&#038;p=46097"},"modified":"2025-04-01T06:08:17","modified_gmt":"2025-04-01T06:08:17","slug":"sahovnica-za-orjaske-vrtne-figure","status":"publish","type":"product","link":"https:\/\/chessgamesemporium.com\/fr\/shop\/vrtne-igre\/vrtni-sahi\/sahovnica-za-orjaske-vrtne-figure\/","title":{"rendered":"Grand \u00e9chiquier de jardin"},"content":{"rendered":"<p>L'\u00e9chiquier de jardin se compose de 64 dalles en maille, pr\u00e9servant ainsi la beaut\u00e9 et la couleur de votre pelouse.<\/p>\n<p>Dimensions de l'\u00e9chiquier : 2,88 m x 2,88 m<br \/>\nDimensions des cases : 36 cm x 36 cm<\/p>\n<p>Livr\u00e9 dans un carton robuste.<\/p>\n<p>Pi\u00e8ces compatibles :<br \/>\nPi\u00e8ces d'\u00e9checs grand de jardin<\/p>","protected":false},"excerpt":{"rendered":"<p>Plasti\u010dna \u0161ahovnica je travi prijazna, sestavljena iz 64 \u010dvrstih mre\u017eastih plo\u0161\u010d, ki ohranjajo \u017eivljenje in barvo va\u0161e trate. Velikost: 2,88 x 2,88 m Velikost polja: 36 cm Dostavljena je v trdni kartonski \u0161katli. Figure, ki so primerne za to \u0161ahovnico: Orja\u0161ke \u0161ahovske figure<\/p>","protected":false},"featured_media":46101,"comment_status":"closed","ping_status":"closed","template":"","meta":{"_seopress_robots_primary_cat":"none","_seopress_titles_title":"","_seopress_titles_desc":"","_seopress_robots_index":""},"product_brand":[],"product_cat":[539,538],"product_tag":[],"class_list":{"0":"post-46097","1":"product","2":"type-product","3":"status-publish","4":"has-post-thumbnail","6":"product_cat-vrtni-sahi","7":"product_cat-vrtne-igre","9":"entry","10":"has-media","12":"first","13":"instock","14":"taxable","15":"shipping-taxable","16":"purchasable","17":"product-type-simple","18":"has-product-nav","19":"col","20":"span_1_of_4","21":"owp-content-center","22":"item-entry","23":"owp-thumbs-layout-horizontal","24":"owp-btn-normal","25":"owp-tabs-layout-section"},"wcpa_form_fields":null,"_links":{"self":[{"href":"https:\/\/chessgamesemporium.com\/fr\/wp-json\/wp\/v2\/product\/46097","targetHints":{"allow":["GET"]}}],"collection":[{"href":"https:\/\/chessgamesemporium.com\/fr\/wp-json\/wp\/v2\/product"}],"about":[{"href":"https:\/\/chessgamesemporium.com\/fr\/wp-json\/wp\/v2\/types\/product"}],"replies":[{"embeddable":true,"href":"https:\/\/chessgamesemporium.com\/fr\/wp-json\/wp\/v2\/comments?post=46097"}],"version-history":[{"count":0,"href":"https:\/\/chessgamesemporium.com\/fr\/wp-json\/wp\/v2\/product\/46097\/revisions"}],"wp:featuredmedia":[{"embeddable":true,"href":"https:\/\/chessgamesemporium.com\/fr\/wp-json\/wp\/v2\/media\/46101"}],"wp:attachment":[{"href":"https:\/\/chessgamesemporium.com\/fr\/wp-json\/wp\/v2\/media?parent=46097"}],"wp:term":[{"taxonomy":"product_brand","embeddable":true,"href":"https:\/\/chessgamesemporium.com\/fr\/wp-json\/wp\/v2\/product_brand?post=46097"},{"taxonomy":"product_cat","embeddable":true,"href":"https:\/\/chessgamesemporium.com\/fr\/wp-json\/wp\/v2\/product_cat?post=46097"},{"taxonomy":"product_tag","embeddable":true,"href":"https:\/\/chessgamesemporium.com\/fr\/wp-json\/wp\/v2\/product_tag?post=46097"}],"curies":[{"name":"wp","href":"https:\/\/api.w.org\/{rel}","templated":true}]}}