{"id":46106,"date":"2022-10-20T09:48:04","date_gmt":"2022-10-20T09:48:04","guid":{"rendered":"https:\/\/www.ivh44.si\/Ponudbe\/chess\/?post_type=product&#038;p=46106"},"modified":"2024-04-18T08:34:35","modified_gmt":"2024-04-18T08:34:35","slug":"sahovnica-za-osnovne-vrtne-figure","status":"publish","type":"product","link":"https:\/\/chessgamesemporium.com\/fr\/shop\/vrtne-igre\/vrtni-sahi\/sahovnica-za-osnovne-vrtne-figure\/","title":{"rendered":"\u00c9chiquier de jardin standard"},"content":{"rendered":"<p>L'\u00e9chiquier de jardin se compose de 64 dalles en maille, pr\u00e9servant ainsi la beaut\u00e9 et la couleur de votre pelouse.<\/p>\n<p>Dimensions de l'\u00e9chiquier (assembl\u00e9) : 1,2 m x 1,2 m<\/p>\n<p>Dimensions des cases : 15 cm x 15 cm<\/p>\n<p>Cet \u00e9chiquier est compatible avec les pi\u00e8ces d'\u00e9checs de jardin standard.<\/p>","protected":false},"excerpt":{"rendered":"<p>Podlaga je travi prijazna, sestavljena iz 64 \u010dvrstih mre\u017eastih plo\u0161\u010d, ki ohranjajo \u017eivljenje in barvo va\u0161e trate. Dimenzije \u0161ahovnice (sestavljene): 1,2 x 1,2 m Dimenzije polja: 15 x 15 cm K \u0161ahovnici se najbolje podajo naslednje figure:<\/p>","protected":false},"featured_media":46101,"comment_status":"closed","ping_status":"closed","template":"","meta":{"_seopress_robots_primary_cat":"none","_seopress_titles_title":"","_seopress_titles_desc":"","_seopress_robots_index":""},"product_brand":[],"product_cat":[538,539],"product_tag":[],"class_list":{"0":"post-46106","1":"product","2":"type-product","3":"status-publish","4":"has-post-thumbnail","6":"product_cat-vrtne-igre","7":"product_cat-vrtni-sahi","9":"entry","10":"has-media","12":"first","13":"instock","14":"taxable","15":"shipping-taxable","16":"purchasable","17":"product-type-simple","18":"has-product-nav","19":"col","20":"span_1_of_4","21":"owp-content-center","22":"item-entry","23":"owp-thumbs-layout-horizontal","24":"owp-btn-normal","25":"owp-tabs-layout-section"},"wcpa_form_fields":null,"_links":{"self":[{"href":"https:\/\/chessgamesemporium.com\/fr\/wp-json\/wp\/v2\/product\/46106","targetHints":{"allow":["GET"]}}],"collection":[{"href":"https:\/\/chessgamesemporium.com\/fr\/wp-json\/wp\/v2\/product"}],"about":[{"href":"https:\/\/chessgamesemporium.com\/fr\/wp-json\/wp\/v2\/types\/product"}],"replies":[{"embeddable":true,"href":"https:\/\/chessgamesemporium.com\/fr\/wp-json\/wp\/v2\/comments?post=46106"}],"version-history":[{"count":0,"href":"https:\/\/chessgamesemporium.com\/fr\/wp-json\/wp\/v2\/product\/46106\/revisions"}],"wp:featuredmedia":[{"embeddable":true,"href":"https:\/\/chessgamesemporium.com\/fr\/wp-json\/wp\/v2\/media\/46101"}],"wp:attachment":[{"href":"https:\/\/chessgamesemporium.com\/fr\/wp-json\/wp\/v2\/media?parent=46106"}],"wp:term":[{"taxonomy":"product_brand","embeddable":true,"href":"https:\/\/chessgamesemporium.com\/fr\/wp-json\/wp\/v2\/product_brand?post=46106"},{"taxonomy":"product_cat","embeddable":true,"href":"https:\/\/chessgamesemporium.com\/fr\/wp-json\/wp\/v2\/product_cat?post=46106"},{"taxonomy":"product_tag","embeddable":true,"href":"https:\/\/chessgamesemporium.com\/fr\/wp-json\/wp\/v2\/product_tag?post=46106"}],"curies":[{"name":"wp","href":"https:\/\/api.w.org\/{rel}","templated":true}]}}