{"id":46150,"date":"2022-10-20T12:09:16","date_gmt":"2022-10-20T12:09:16","guid":{"rendered":"https:\/\/www.ivh44.si\/Ponudbe\/chess\/?post_type=product&#038;p=46150"},"modified":"2026-04-14T17:20:28","modified_gmt":"2026-04-14T17:20:28","slug":"zabavna-igra-kubb","status":"publish","type":"product","link":"https:\/\/chessgamesemporium.com\/fr\/shop\/jeux-de-jardin\/vrtne-igre-vrtne-igre\/zabavna-igra-kubb\/","title":{"rendered":"Le jeu de Kubb"},"content":{"rendered":"<p>Le Kubb est un jeu scandinave classique appr\u00e9ci\u00e9 des joueurs de tous \u00e2ges. Con\u00e7u pour \u00eatre jou\u00e9 en ext\u00e9rieur, il allie adresse et strat\u00e9gie. Deux \u00e9quipes s'affrontent pour \u00eatre la premi\u00e8re \u00e0 renverser les blocs de bois adverses \u00e0 l'aide de b\u00e2tonnets.<\/p>\n<p>Chaque \u00e9quipe place cinq blocs de bois, appel\u00e9s \u00ab kubb \u00bb, de son c\u00f4t\u00e9 de l'aire de jeu. L'une des \u00e9quipes commence en lan\u00e7ant ses b\u00e2tonnets sur les blocs adverses, puis les \u00e9quipes jouent \u00e0 tour de r\u00f4le. Le but du jeu est de renverser tous les blocs adverses, puis le \u00ab roi \u00bb, un bloc sp\u00e9cial plac\u00e9 au centre de l'aire de jeu.<\/p>\n<p>Mais le Kubb ne se r\u00e9sume pas \u00e0 lancer des b\u00e2tonnets : bien positionner ses blocs et choisir judicieusement ses cibles sont \u00e9galement des \u00e9l\u00e9ments importants du jeu.<\/p>\n<p>Le Kubb est un excellent jeu pour les sorties en plein air entre amis ou en famille, et promet des heures de divertissement au grand air. Ce jeu comprend tous les \u00e9l\u00e9ments n\u00e9cessaires, notamment des blocs et des b\u00e2tonnets en bois de qualit\u00e9, des piquets pour d\u00e9limiter l'aire de jeu et un livret de r\u00e8gles clair.<\/p>\n<p>Dimensions :<br \/>\n1 roi 245 x 50 x 50 mm, 10 blocs 120 x 40 x 40 mm<br \/>\n6 b\u00e2tonnets 240 x 25 mm, 4 piquets 150 x 20 mm<\/p>\n<p>Nombre de joueurs : 2 \u00e0 12<br \/>\n\u00c2ge recommand\u00e9 : 8 ans et plus<br \/>\nDur\u00e9e d'une partie : Environ 20 minutes<\/p>\n<p>Attention ! Ne convient pas aux enfants de moins de 3 ans en raison des petites pi\u00e8ces ! Risque d'\u00e9touffement.<\/p>","protected":false},"excerpt":{"rendered":"<p>Zabavna Igra Kubb je klasi\u010dna skandinavska dru\u017eabna igra, ki navdu\u0161uje igralce vseh starosti. Zasnovana je za igro na prostem in ponuja odli\u010dno kombinacijo spretnosti in strategije. Igra poteka med dvema ekipama, ki tekmujejo med seboj, da bi podrla lesene bloke na nasprotnikovi strani igri\u0161\u010da s pomo\u010djo metanja lesenih palic. Vsaka ekipa za\u010dne igro s postavitvijo [&hellip;]<\/p>","protected":false},"featured_media":46154,"comment_status":"closed","ping_status":"closed","template":"","meta":{"_seopress_robots_primary_cat":"none","_seopress_titles_title":"","_seopress_titles_desc":"","_seopress_robots_index":""},"product_brand":[],"product_cat":[546,538],"product_tag":[],"class_list":{"0":"post-46150","1":"product","2":"type-product","3":"status-publish","4":"has-post-thumbnail","6":"product_cat-vrtne-igre-vrtne-igre","7":"product_cat-vrtne-igre","9":"entry","10":"has-media","12":"first","13":"instock","14":"taxable","15":"shipping-taxable","16":"purchasable","17":"product-type-simple","18":"has-product-nav","19":"col","20":"span_1_of_4","21":"owp-content-center","22":"item-entry","23":"owp-thumbs-layout-horizontal","24":"owp-btn-normal","25":"owp-tabs-layout-section"},"wcpa_form_fields":null,"_links":{"self":[{"href":"https:\/\/chessgamesemporium.com\/fr\/wp-json\/wp\/v2\/product\/46150","targetHints":{"allow":["GET"]}}],"collection":[{"href":"https:\/\/chessgamesemporium.com\/fr\/wp-json\/wp\/v2\/product"}],"about":[{"href":"https:\/\/chessgamesemporium.com\/fr\/wp-json\/wp\/v2\/types\/product"}],"replies":[{"embeddable":true,"href":"https:\/\/chessgamesemporium.com\/fr\/wp-json\/wp\/v2\/comments?post=46150"}],"version-history":[{"count":0,"href":"https:\/\/chessgamesemporium.com\/fr\/wp-json\/wp\/v2\/product\/46150\/revisions"}],"wp:featuredmedia":[{"embeddable":true,"href":"https:\/\/chessgamesemporium.com\/fr\/wp-json\/wp\/v2\/media\/46154"}],"wp:attachment":[{"href":"https:\/\/chessgamesemporium.com\/fr\/wp-json\/wp\/v2\/media?parent=46150"}],"wp:term":[{"taxonomy":"product_brand","embeddable":true,"href":"https:\/\/chessgamesemporium.com\/fr\/wp-json\/wp\/v2\/product_brand?post=46150"},{"taxonomy":"product_cat","embeddable":true,"href":"https:\/\/chessgamesemporium.com\/fr\/wp-json\/wp\/v2\/product_cat?post=46150"},{"taxonomy":"product_tag","embeddable":true,"href":"https:\/\/chessgamesemporium.com\/fr\/wp-json\/wp\/v2\/product_tag?post=46150"}],"curies":[{"name":"wp","href":"https:\/\/api.w.org\/{rel}","templated":true}]}}