{"id":46156,"date":"2022-10-20T12:12:59","date_gmt":"2022-10-20T12:12:59","guid":{"rendered":"https:\/\/www.ivh44.si\/Ponudbe\/chess\/?post_type=product&#038;p=46156"},"modified":"2024-03-26T08:50:31","modified_gmt":"2024-03-26T08:50:31","slug":"metanje-krogov","status":"publish","type":"product","link":"https:\/\/chessgamesemporium.com\/fr\/shop\/jeux-de-jardin\/vrtne-igre-vrtne-igre\/metanje-krogov\/","title":{"rendered":"Lancer d'anneaux"},"content":{"rendered":"<p>\u00ab Lancer d'anneaux \u00bb - Un classique des jeux d'ext\u00e9rieur !<\/p>\n<p>Rehaussez vos moments de d\u00e9tente en plein air avec le jeu de lancer d'anneaux, un jeu amusant et ind\u00e9modable qui allie adresse, strat\u00e9gie et comp\u00e9tition amicale. Con\u00e7u pour les moments de loisirs et les r\u00e9unions entre amis, ce jeu est id\u00e9al pour les r\u00e9unions de famille, les pique-niques, les sorties \u00e0 la plage et les excursions en pleine nature.<\/p>\n<p>Caract\u00e9ristiques :<\/p>\n<p>Un jeu simple mais comp\u00e9titif : D\u00e9fiez vos amis et votre famille dans une partie de pr\u00e9cision ! Visez, lancez et marquez des points en faisant atterrir vos anneaux sur les cibles.<\/p>\n<p>Du plaisir en plein air : Que vous profitiez du soleil ou que vous vous d\u00e9tendiez sous un ciel \u00e9toil\u00e9, le jeu de lancer d'anneaux vous offre des heures de divertissement. Installez-le simplement dans votre jardin, sur la plage ou dans tout autre espace ext\u00e9rieur et amusez-vous pendant des heures.<\/p>\n<p>Des moments inoubliables : Le jeu de lancer d'anneaux n'est pas qu'un simple jeu ; c'est un catalyseur de souvenirs inoubliables. R\u00e9unissez vos proches, cr\u00e9ez des souvenirs pr\u00e9cieux et souriez en vous amusant dans une comp\u00e9tition amicale.<\/p>\n<p>Caract\u00e9ristiques :<\/p>\n<p>Contenu : 6 anneaux et 1 cible<br \/>\nMat\u00e9riaux : Les anneaux sont en corde de qualit\u00e9 et la cible en bois<br \/>\nDimensions : 49 \u00d7 49 \u00d7 9 cm<br \/>\nConvient pour une utilisation en ext\u00e9rieur<\/p>\n<p>D\u00e9couvrez le plaisir du lancer d\u2019anneaux d\u00e8s aujourd\u2019hui !<\/p>\n<p>&nbsp;<\/p>\n<p>&nbsp;<\/p>","protected":false},"excerpt":{"rendered":"<p>&#8220;Metanje Krogov&#8221; &#8211; Klasika za zabavo na prostem Povzdignite va\u0161a zunanja sre\u010danja s \u010dasovno preizku\u0161eno zabavo &#8220;Metanje Krogov&#8221; &#8211; privla\u010dno igro, ki zdru\u017euje spretnost, strategijo in prijateljsko tekmovanje. Izdelana za trenutke sprostitve in veselo dru\u017eenje, je ta komplet igre popoln za dru\u017einska sre\u010danja, piknike na vrtu, obisk pla\u017ee in izlete v naravo. Lastnosti: Preprosta a [&hellip;]<\/p>","protected":false},"featured_media":46158,"comment_status":"closed","ping_status":"closed","template":"","meta":{"_seopress_robots_primary_cat":"none","_seopress_titles_title":"","_seopress_titles_desc":"","_seopress_robots_index":""},"product_brand":[],"product_cat":[538,546],"product_tag":[],"class_list":{"0":"post-46156","1":"product","2":"type-product","3":"status-publish","4":"has-post-thumbnail","6":"product_cat-vrtne-igre","7":"product_cat-vrtne-igre-vrtne-igre","9":"entry","10":"has-media","12":"first","13":"instock","14":"taxable","15":"shipping-taxable","16":"purchasable","17":"product-type-simple","18":"has-product-nav","19":"col","20":"span_1_of_4","21":"owp-content-center","22":"item-entry","23":"owp-thumbs-layout-horizontal","24":"owp-btn-normal","25":"owp-tabs-layout-section","26":"has-no-thumbnails"},"wcpa_form_fields":null,"_links":{"self":[{"href":"https:\/\/chessgamesemporium.com\/fr\/wp-json\/wp\/v2\/product\/46156","targetHints":{"allow":["GET"]}}],"collection":[{"href":"https:\/\/chessgamesemporium.com\/fr\/wp-json\/wp\/v2\/product"}],"about":[{"href":"https:\/\/chessgamesemporium.com\/fr\/wp-json\/wp\/v2\/types\/product"}],"replies":[{"embeddable":true,"href":"https:\/\/chessgamesemporium.com\/fr\/wp-json\/wp\/v2\/comments?post=46156"}],"version-history":[{"count":0,"href":"https:\/\/chessgamesemporium.com\/fr\/wp-json\/wp\/v2\/product\/46156\/revisions"}],"wp:featuredmedia":[{"embeddable":true,"href":"https:\/\/chessgamesemporium.com\/fr\/wp-json\/wp\/v2\/media\/46158"}],"wp:attachment":[{"href":"https:\/\/chessgamesemporium.com\/fr\/wp-json\/wp\/v2\/media?parent=46156"}],"wp:term":[{"taxonomy":"product_brand","embeddable":true,"href":"https:\/\/chessgamesemporium.com\/fr\/wp-json\/wp\/v2\/product_brand?post=46156"},{"taxonomy":"product_cat","embeddable":true,"href":"https:\/\/chessgamesemporium.com\/fr\/wp-json\/wp\/v2\/product_cat?post=46156"},{"taxonomy":"product_tag","embeddable":true,"href":"https:\/\/chessgamesemporium.com\/fr\/wp-json\/wp\/v2\/product_tag?post=46156"}],"curies":[{"name":"wp","href":"https:\/\/api.w.org\/{rel}","templated":true}]}}