{"id":46160,"date":"2022-10-20T12:32:51","date_gmt":"2022-10-20T12:32:51","guid":{"rendered":"https:\/\/www.ivh44.si\/Ponudbe\/chess\/?post_type=product&#038;p=46160"},"modified":"2025-08-01T07:00:35","modified_gmt":"2025-08-01T07:00:35","slug":"veliki-domino-6","status":"publish","type":"product","link":"https:\/\/chessgamesemporium.com\/fr\/shop\/jeux-de-jardin\/vrtne-igre-vrtne-igre\/veliki-domino-6\/","title":{"rendered":"Grand Domino 6"},"content":{"rendered":"<p><strong>\u00ab Grand Domino \u00bb - Un jeu classique pour toutes les occasions<\/strong><\/p>\n<p>Plongez dans un univers de divertissement et de strat\u00e9gie avec Grand Domino, un jeu de soci\u00e9t\u00e9 populaire qui promet rires, plaisir et d\u00e9fis \u00e0 toute la famille. Gr\u00e2ce \u00e0 ses grands dominos, ce jeu offre une nouvelle exp\u00e9rience du jeu classique, adapt\u00e9e aux joueurs de tous \u00e2ges.<\/p>\n<p><strong>Caract\u00e9ristiques :<\/strong><\/p>\n<ol>\n<li><strong>Dominos exceptionnellement grands :<\/strong> Chaque domino en bois de pin poss\u00e8de de grandes dimensions, ce qui les rend faciles \u00e0 manipuler et offre une meilleure visibilit\u00e9 pendant la partie.<\/li>\n<li><strong>Un jeu classique revisit\u00e9 :<\/strong> Grand Domino conserve les r\u00e8gles classiques, mais y ajoute une touche de fra\u00eecheur et de fun gr\u00e2ce \u00e0 ses grands dominos. Amusez-vous \u00e0 placer les dominos, \u00e0 cr\u00e9er des motifs et \u00e0 \u00e9laborer des strat\u00e9gies pour remporter la victoire !<\/li>\n<li><strong>Id\u00e9al pour toutes les occasions :<\/strong> Que ce soit une r\u00e9union de famille, un pique-nique au parc ou une f\u00eate d'\u00e9t\u00e9 dans le jardin, Grand Domino animera vos moments. Ce jeu ne manquera pas d'attirer l'attention et de faire sourire tous les participants.<\/li>\n<li><strong>Rangement et transport faciles :<\/strong> Le jeu Big Domino comprend un sac de transport pratique qui permet de ranger et d'emporter facilement le jeu partout avec vous. Le plaisir est toujours \u00e0 port\u00e9e de main, o\u00f9 que vous soyez !<\/li>\n<li><strong>Favorise les interactions sociales :<\/strong> Le jeu de dominos est id\u00e9al pour favoriser les \u00e9changes, d\u00e9velopper des comp\u00e9tences et cr\u00e9er des souvenirs inoubliables en famille ou entre amis. Profitez des moments de convivialit\u00e9 et de partage offerts par Big Domino !<\/li>\n<\/ol>\n<p><strong>Contenu :<\/strong><\/p>\n<p>Sac de transport (330 x 105 x 60 mm)<br \/>\n28 dominos en pin<br \/>\nDimensions : 95 \u00d7 45 \u00d7 15 mm<br \/>\nNombre de dominos : 1 \u00e0 6<\/p>\n<p><strong>R\u00e8gles :<\/strong><\/p>\n<p>Le jeu de dominos est un grand classique pour deux \u00e0 quatre joueurs.<br \/>\nLes dominos sont plac\u00e9s sur la table, faces visibles, puis m\u00e9lang\u00e9s. Chaque joueur pioche le m\u00eame nombre de dominos.<br \/>\n\u00c0 tour de r\u00f4le, les joueurs placent un domino contre les dominos d\u00e9j\u00e0 en place. Les dominos ne peuvent \u00eatre plac\u00e9s que contre des tuiles ayant le m\u00eame nombre de points. Le gagnant est le premier joueur \u00e0 poser tous ses dominos.<\/p>\n<p>Attention ! Ne convient pas aux enfants de moins de 3 ans en raison des petites pi\u00e8ces ! Risque d'\u00e9touffement.<\/p>","protected":false},"excerpt":{"rendered":"<p>&#8220;Veliki Domino&#8221; &#8211; Klasi\u010dna dru\u017eabna igra za vsako prilo\u017enost Poglobite se v svet zabave in strategije z &#8220;Velikim Dominom&#8221; &#8211; priljubljeno dru\u017eabno igro, ki prina\u0161a urice smeha, u\u017eitka in izzivov za vso dru\u017eino. S svojimi izjemno velikimi dominami ta set ponuja novo dimenzijo klasi\u010dne igre domino, ki je primerna za igralce vseh starosti. Lastnosti: Izjemno [&hellip;]<\/p>","protected":false},"featured_media":46162,"comment_status":"closed","ping_status":"closed","template":"","meta":{"_seopress_robots_primary_cat":"none","_seopress_titles_title":"","_seopress_titles_desc":"","_seopress_robots_index":""},"product_brand":[],"product_cat":[538,546],"product_tag":[],"class_list":{"0":"post-46160","1":"product","2":"type-product","3":"status-publish","4":"has-post-thumbnail","6":"product_cat-vrtne-igre","7":"product_cat-vrtne-igre-vrtne-igre","9":"entry","10":"has-media","12":"first","13":"instock","14":"taxable","15":"shipping-taxable","16":"purchasable","17":"product-type-simple","18":"has-product-nav","19":"col","20":"span_1_of_4","21":"owp-content-center","22":"item-entry","23":"owp-thumbs-layout-horizontal","24":"owp-btn-normal","25":"owp-tabs-layout-section","26":"has-no-thumbnails"},"wcpa_form_fields":null,"_links":{"self":[{"href":"https:\/\/chessgamesemporium.com\/fr\/wp-json\/wp\/v2\/product\/46160","targetHints":{"allow":["GET"]}}],"collection":[{"href":"https:\/\/chessgamesemporium.com\/fr\/wp-json\/wp\/v2\/product"}],"about":[{"href":"https:\/\/chessgamesemporium.com\/fr\/wp-json\/wp\/v2\/types\/product"}],"replies":[{"embeddable":true,"href":"https:\/\/chessgamesemporium.com\/fr\/wp-json\/wp\/v2\/comments?post=46160"}],"version-history":[{"count":0,"href":"https:\/\/chessgamesemporium.com\/fr\/wp-json\/wp\/v2\/product\/46160\/revisions"}],"wp:featuredmedia":[{"embeddable":true,"href":"https:\/\/chessgamesemporium.com\/fr\/wp-json\/wp\/v2\/media\/46162"}],"wp:attachment":[{"href":"https:\/\/chessgamesemporium.com\/fr\/wp-json\/wp\/v2\/media?parent=46160"}],"wp:term":[{"taxonomy":"product_brand","embeddable":true,"href":"https:\/\/chessgamesemporium.com\/fr\/wp-json\/wp\/v2\/product_brand?post=46160"},{"taxonomy":"product_cat","embeddable":true,"href":"https:\/\/chessgamesemporium.com\/fr\/wp-json\/wp\/v2\/product_cat?post=46160"},{"taxonomy":"product_tag","embeddable":true,"href":"https:\/\/chessgamesemporium.com\/fr\/wp-json\/wp\/v2\/product_tag?post=46160"}],"curies":[{"name":"wp","href":"https:\/\/api.w.org\/{rel}","templated":true}]}}