{"id":46212,"date":"2022-10-21T12:08:42","date_gmt":"2022-10-21T12:08:42","guid":{"rendered":"https:\/\/www.ivh44.si\/Ponudbe\/chess\/?post_type=product&#038;p=46212"},"modified":"2024-05-27T09:02:08","modified_gmt":"2024-05-27T09:02:08","slug":"skatla-za-figure-lux","status":"publish","type":"product","link":"https:\/\/chessgamesemporium.com\/fr\/shop\/razno-za-sah\/sahovske-skatle-torbe\/skatla-za-figure-lux\/","title":{"rendered":"Bo\u00eete \u00e0 \u00e9checs LUX"},"content":{"rendered":"<p>Mat\u00e9riau : bois (aspect bois de racine)<\/p>\n<p>Int\u00e9rieur doubl\u00e9 de feutre.<br \/>\n32 compartiments pour ranger les pi\u00e8ces d'\u00e9checs individuellement.<\/p>\n<p>Id\u00e9ale pour les pi\u00e8ces d'\u00e9checs de taille standard ou plus petites. Peut \u00e9galement servir au rangement d'autres objets.<br \/>\nPi\u00e8ces d'\u00e9checs non incluses.<\/p>\n<p>Dimensions de la bo\u00eete : 43 x 42,5 x 9,5 cm<br \/>\nCompartiments pour les pi\u00e8ces d'\u00e9checs :<br \/>\nGrands compartiments : 16 x 5 x 5 cm<br \/>\nPetits compartiments : 6 x 5 x 5 cm<\/p>","protected":false},"excerpt":{"rendered":"<p>Material: les (videz lesa iz korenine) Notranjost prekrita s filcem. \u0160katla ima 32 prostorov za shranjevanje vsake figure posebej. \u0160katla je primerna za \u0161ahovske figure standardne velikosti ali manj\u0161e, lahko se uporablja tudi za druge stvari. Figure niso vklju\u010dene v ceno. Dimenzije \u0161katle: 43 x 42,5 x 9,5 cm Dimenzije prostorov za shranjevanje figur Veliki [&hellip;]<\/p>","protected":false},"featured_media":47143,"comment_status":"closed","ping_status":"closed","template":"","meta":{"_seopress_robots_primary_cat":"none","_seopress_titles_title":"","_seopress_titles_desc":"","_seopress_robots_index":""},"product_brand":[],"product_cat":[547,578],"product_tag":[],"class_list":{"0":"post-46212","1":"product","2":"type-product","3":"status-publish","4":"has-post-thumbnail","6":"product_cat-razno-za-sah","7":"product_cat-sahovske-skatle-torbe","9":"entry","10":"has-media","12":"first","13":"instock","14":"taxable","15":"shipping-taxable","16":"purchasable","17":"product-type-simple","18":"has-product-nav","19":"col","20":"span_1_of_4","21":"owp-content-center","22":"item-entry","23":"owp-thumbs-layout-horizontal","24":"owp-btn-normal","25":"owp-tabs-layout-section"},"wcpa_form_fields":null,"_links":{"self":[{"href":"https:\/\/chessgamesemporium.com\/fr\/wp-json\/wp\/v2\/product\/46212","targetHints":{"allow":["GET"]}}],"collection":[{"href":"https:\/\/chessgamesemporium.com\/fr\/wp-json\/wp\/v2\/product"}],"about":[{"href":"https:\/\/chessgamesemporium.com\/fr\/wp-json\/wp\/v2\/types\/product"}],"replies":[{"embeddable":true,"href":"https:\/\/chessgamesemporium.com\/fr\/wp-json\/wp\/v2\/comments?post=46212"}],"version-history":[{"count":0,"href":"https:\/\/chessgamesemporium.com\/fr\/wp-json\/wp\/v2\/product\/46212\/revisions"}],"wp:featuredmedia":[{"embeddable":true,"href":"https:\/\/chessgamesemporium.com\/fr\/wp-json\/wp\/v2\/media\/47143"}],"wp:attachment":[{"href":"https:\/\/chessgamesemporium.com\/fr\/wp-json\/wp\/v2\/media?parent=46212"}],"wp:term":[{"taxonomy":"product_brand","embeddable":true,"href":"https:\/\/chessgamesemporium.com\/fr\/wp-json\/wp\/v2\/product_brand?post=46212"},{"taxonomy":"product_cat","embeddable":true,"href":"https:\/\/chessgamesemporium.com\/fr\/wp-json\/wp\/v2\/product_cat?post=46212"},{"taxonomy":"product_tag","embeddable":true,"href":"https:\/\/chessgamesemporium.com\/fr\/wp-json\/wp\/v2\/product_tag?post=46212"}],"curies":[{"name":"wp","href":"https:\/\/api.w.org\/{rel}","templated":true}]}}