{"id":46283,"date":"2022-10-27T12:24:38","date_gmt":"2022-10-27T12:24:38","guid":{"rendered":"https:\/\/www.ivh44.si\/Ponudbe\/chess\/?post_type=product&#038;p=46283"},"modified":"2022-10-27T12:24:38","modified_gmt":"2022-10-27T12:24:38","slug":"backgammon-ura-dgt1006","status":"publish","type":"product","link":"https:\/\/chessgamesemporium.com\/fr\/shop\/backgammon\/backgammon-backgammon\/backgammon-ura-dgt1006\/","title":{"rendered":"Horloge de Backgammon DGT1006"},"content":{"rendered":"<p>Une horloge de backgammon ajoute du piquant \u00e0 vos parties \u00e0 deux joueurs.<br \/>\nCette horloge poss\u00e8de une fonction de temporisation. Une fois r\u00e9gl\u00e9e, elle attend un certain temps avant de lancer le compte \u00e0 rebours.<br \/>\nCette horloge est compatible avec de nombreux jeux, tels que le backgammon, les \u00e9checs, les dames, le poker, le Scrabble\u2122, Lost Cities, Party &amp; Co., les dominos, etc., ou tout autre jeu \u00e0 deux joueurs. Il suffit de l'allumer, de r\u00e9gler la dur\u00e9e souhait\u00e9e et la partie peut commencer.<br \/>\nL'horloge est dot\u00e9e d'un grand \u00e9cran et de boutons pratiques, et est tr\u00e8s facile \u00e0 utiliser.<br \/>\nFonctionne avec une pile AA (fournie) et est garantie 2 ans.<\/p>\n<p>Attention ! Ne convient pas aux enfants de moins de 3 ans en raison des petites pi\u00e8ces ! Risque d'\u00e9touffement.<\/p>","protected":false},"excerpt":{"rendered":"<p>Backgammon ura prina\u0161a dodano vrednost pri vsaki igri med dvema igralcema. Posebnost te ure je mo\u017enost \u010dasovnega zamika. Pri tej nastavitvi ura po\u010daka v naprej dolo\u010den \u010das, preden za\u010dne od\u0161tevati. Uporabite jo lahko pri razli\u010dnih igrah kot so Backgammon, \u0160ah, Dama, Poker, Scrabble, Lost Cities, Party &amp; Co, Dominih itd oz. pri katerikoli igri za [&hellip;]<\/p>","protected":false},"featured_media":46286,"comment_status":"closed","ping_status":"closed","template":"","meta":{"_seopress_robots_primary_cat":"","_seopress_titles_title":"","_seopress_titles_desc":"","_seopress_robots_index":""},"product_brand":[],"product_cat":[551,552],"product_tag":[],"class_list":{"0":"post-46283","1":"product","2":"type-product","3":"status-publish","4":"has-post-thumbnail","6":"product_cat-backgammon","7":"product_cat-backgammon-backgammon","9":"entry","10":"has-media","12":"first","13":"instock","14":"taxable","15":"shipping-taxable","16":"purchasable","17":"product-type-simple","18":"has-product-nav","19":"col","20":"span_1_of_4","21":"owp-content-center","22":"item-entry","23":"owp-thumbs-layout-horizontal","24":"owp-btn-normal","25":"owp-tabs-layout-section"},"wcpa_form_fields":null,"_links":{"self":[{"href":"https:\/\/chessgamesemporium.com\/fr\/wp-json\/wp\/v2\/product\/46283","targetHints":{"allow":["GET"]}}],"collection":[{"href":"https:\/\/chessgamesemporium.com\/fr\/wp-json\/wp\/v2\/product"}],"about":[{"href":"https:\/\/chessgamesemporium.com\/fr\/wp-json\/wp\/v2\/types\/product"}],"replies":[{"embeddable":true,"href":"https:\/\/chessgamesemporium.com\/fr\/wp-json\/wp\/v2\/comments?post=46283"}],"version-history":[{"count":0,"href":"https:\/\/chessgamesemporium.com\/fr\/wp-json\/wp\/v2\/product\/46283\/revisions"}],"wp:featuredmedia":[{"embeddable":true,"href":"https:\/\/chessgamesemporium.com\/fr\/wp-json\/wp\/v2\/media\/46286"}],"wp:attachment":[{"href":"https:\/\/chessgamesemporium.com\/fr\/wp-json\/wp\/v2\/media?parent=46283"}],"wp:term":[{"taxonomy":"product_brand","embeddable":true,"href":"https:\/\/chessgamesemporium.com\/fr\/wp-json\/wp\/v2\/product_brand?post=46283"},{"taxonomy":"product_cat","embeddable":true,"href":"https:\/\/chessgamesemporium.com\/fr\/wp-json\/wp\/v2\/product_cat?post=46283"},{"taxonomy":"product_tag","embeddable":true,"href":"https:\/\/chessgamesemporium.com\/fr\/wp-json\/wp\/v2\/product_tag?post=46283"}],"curies":[{"name":"wp","href":"https:\/\/api.w.org\/{rel}","templated":true}]}}