{"id":46379,"date":"2024-01-13T11:40:24","date_gmt":"2024-01-13T11:40:24","guid":{"rendered":"https:\/\/www.ivh44.si\/Ponudbe\/chess\/?post_type=product&#038;p=46379"},"modified":"2026-04-30T20:11:37","modified_gmt":"2026-04-30T20:11:37","slug":"lesene-sahovske-figure-staunton-standard","status":"publish","type":"product","link":"https:\/\/chessgamesemporium.com\/fr\/shop\/sahovske-figure\/lesene-figure\/lesene-sahovske-figure-staunton-standard\/","title":{"rendered":"Pi\u00e8ces d'\u00e9checs en bois STAUNTON STANDARD"},"content":{"rendered":"<div class=\"cge-desc-tabs\" data-cge-tabs=\"\">\n<div class=\"cge-desc-tab-buttons\">\n<button class=\"active\" type=\"button\" data-tab=\"opis\">Description<\/button><br \/>\n<button type=\"button\" data-tab=\"specifikacije\">Sp\u00e9cifications<\/button><br \/>\n<button type=\"button\" data-tab=\"primernost\">Convient pour<\/button>\n<\/div>\n<p><!-- OPIS --><\/p>\n<div class=\"cge-desc-tab-panel active\" data-panel=\"opis\">\n<p>Exprimez votre passion pour les \u00e9checs avec nos pi\u00e8ces d'\u00e9checs en bois haut de gamme, de style Staunton classique. Fabriqu\u00e9es en bois de haute qualit\u00e9, ces pi\u00e8ces d'une facture exceptionnelle allient durabilit\u00e9 et \u00e9l\u00e9gance. Chaque pi\u00e8ce est d\u00e9coup\u00e9e et fa\u00e7onn\u00e9e \u00e0 la main avec pr\u00e9cision pour obtenir la forme et les d\u00e9tails parfaits, appr\u00e9ci\u00e9s des passionn\u00e9s d'\u00e9checs.<\/p>\n<p>Les pi\u00e8ces en bois sont lest\u00e9es pour une stabilit\u00e9 optimale pendant la partie, ajoutant une dimension suppl\u00e9mentaire \u00e0 vos choix tactiques. Leur forme classique offre une prise en main confortable et famili\u00e8re, embl\u00e9matique de l'exp\u00e9rience \u00e9chiqu\u00e9enne depuis des si\u00e8cles.<\/p>\n<p>L'\u00e9l\u00e9gance du bois naturel apporte chaleur et charme \u00e0 tout \u00e9chiquier. Ces pi\u00e8ces d'\u00e9checs en bois sont con\u00e7ues pour les joueurs exigeants qui appr\u00e9cient la qualit\u00e9 et l'esth\u00e9tique.<\/p>\n<p>Les pi\u00e8ces d\u2019\u00e9checs en bois Staunton Standard figurent parmi les choix les plus populaires pour les joueurs recherchant un jeu d\u2019\u00e9checs fiable et de haute qualit\u00e9 pour une utilisation r\u00e9guli\u00e8re. Le design Staunton classique assure une excellente visibilit\u00e9 sur l\u2019\u00e9chiquier, tandis que les pi\u00e8ces lest\u00e9es et feutr\u00e9es offrent stabilit\u00e9, mouvement silencieux et pr\u00e9cision. Fabriqu\u00e9es en palissandre et buis de qualit\u00e9, elles conviennent pour la maison, les clubs, les tournois ou l\u2019entra\u00eenement s\u00e9rieux.<\/p>\n<p>Si vous recherchez des pi\u00e8ces d\u2019\u00e9checs en bois de haute qualit\u00e9 alliant tradition, esth\u00e9tique et exp\u00e9rience de jeu professionnelle, le mod\u00e8le Staunton Standard est un excellent choix. Les dames suppl\u00e9mentaires permettent un jeu fluide lors des promotions, essentiel dans les parties avanc\u00e9es. Ce set est \u00e9galement id\u00e9al comme cadeau pour les passionn\u00e9s d\u2019\u00e9checs.<\/p>\n<p class=\"cge-warning\">Attention ! Ne convient pas aux enfants de moins de 3 ans en raison des petites pi\u00e8ces ! Risque d'\u00e9touffement.<\/p>\n<\/div>\n<p><!-- SPECIFIKACIJE --><\/p>\n<div class=\"cge-desc-tab-panel\" data-panel=\"specifikacije\">\n<div class=\"cge-spec-list\">\n<div><b>Base :<\/b> Avec feutre<\/div>\n<div><b>Lest\u00e9es<\/b> Oui<\/div>\n<div><b>Laqu\u00e9es<\/b> Oui<\/div>\n<div><b>Mat\u00e9riau :<\/b> Palissandre \/ Buis<\/div>\n<div><b>Couleur :<\/b> couleur naturelle du bois et marron<\/div>\n<div><b>Adapt\u00e9 pour \u00e9chiquier :<\/b> case de 55 mm \u00e0 58 mm<\/div>\n<div><b>Optionnel:<\/b> Possibilit\u00e9 d\u2019acheter des reines suppl\u00e9mentaire<\/div>\n<\/div>\n<p class=\"cge-spec-heading\">Dimensions : (hauteur | largeur de la base)<\/p>\n<div class=\"cge-dimensions\">\n<div><b>Roi :<\/b> 9,5 cm | 3,6 cm<\/div>\n<div><b>Reine :<\/b> 8,2 cm | 3,6 cm<\/div>\n<div><b>Tour :<\/b> 5,6 cm | 3,2 cm<\/div>\n<div><b>Fou :<\/b> 6,9 cm | 3,2 cm<\/div>\n<div><b>Cavalier :<\/b> 6,7 cm | 3,2 cm<\/div>\n<div><b>Pion :<\/b> 4,6 cm | 2,9 cm<\/div>\n<\/div>\n<\/div>\n<p><!-- PRIMERNOST --><\/p>\n<div class=\"cge-desc-tab-panel\" data-panel=\"primernost\">\n<div class=\"cge-check-list\">\n<div>\u2713 usage \u00e0 domicile<\/div>\n<div>\u2713 clubs d\u2019\u00e9checs<\/div>\n<div>\u2713 utilisation en tournoi<\/div>\n<div>\u2713 entra\u00eenement<\/div>\n<div>\u2713 Cadeau prestigieux pour les joueurs d\u2019\u00e9checs<\/div>\n<\/div>\n<\/div>\n<\/div>","protected":false},"excerpt":{"rendered":"<p>Opis Specifikacije Primernost Izrazite svojo strast do \u0161aha z na\u0161imi vrhunskimi lesenimi \u0161ahovskimi figurami v klasi\u010dnem Staunton slogu. Te izjemno izdelane figure so narejene iz visokokakovostnega lesa, ki zagotavlja trajnost in eleganco. Vsaka figura je natan\u010dno izrezana in ro\u010dno obdelana, da dose\u017ee popolno obliko in detajle, ki jih \u0161ahisti cenijo. Lesene \u0161ahovske figure so obte\u017eene [&hellip;]<\/p>","protected":false},"featured_media":47691,"comment_status":"closed","ping_status":"closed","template":"","meta":{"_seopress_robots_primary_cat":"none","_seopress_titles_title":"Lesene \u0161ahovske figure Staunton Standard \u2013 obte\u017eene","_seopress_titles_desc":"Lesene obte\u017eene \u0161ahovske figure Staunton Standard z dodatnimi kraljicami. Klasi\u010den dizajn, stabilnost in kakovost za doma\u010do ali turnirsko igro.","_seopress_robots_index":""},"product_brand":[],"product_cat":[522,511],"product_tag":[595],"class_list":{"0":"post-46379","1":"product","2":"type-product","3":"status-publish","4":"has-post-thumbnail","6":"product_cat-lesene-figure","7":"product_cat-sahovske-figure","8":"product_tag-95mm","9":"wcpa_has_options","11":"entry","12":"has-media","14":"first","15":"instock","16":"taxable","17":"shipping-taxable","18":"purchasable","19":"product-type-variable","20":"has-product-nav","21":"col","22":"span_1_of_4","23":"owp-content-center","24":"item-entry","25":"owp-thumbs-layout-horizontal","26":"owp-btn-normal","27":"owp-tabs-layout-section"},"wcpa_form_fields":{"rules":{"pric_overide_base_price":false,"pric_overide_base_price_if_gt_zero":false,"pric_overide_base_price_fully":false,"pric_cal_option_once":false,"pric_use_as_fee":false,"bind_quantity":false,"quantity_bind_formula":false},"fields":[{"type":"checkbox-group","elementId":"wcpa-checkbox-group-1707738535577","label":"Dodatek","enablePrice":true,"priceOptions":"fixed_for_all","pricingType":"fixed","price":"5","name":"checkbox-group-1707738535577","other_text":"Other","cl_rule":"show","col":6,"values":[{"label":"Dodatni kraljici (bela in \u010drna)","value":"5.00 Eur","price":"","pimage":"","pimage_id":"","pthumb":""}],"relations":false,"form_id":55845,"form_rules":{"pric_cal_option_once":false,"exclude_from_discount":false,"pric_use_as_fee":false,"fee_label":"Fee","render_after_acb":false,"disp_hide_options_price":false}}]},"_links":{"self":[{"href":"https:\/\/chessgamesemporium.com\/fr\/wp-json\/wp\/v2\/product\/46379","targetHints":{"allow":["GET"]}}],"collection":[{"href":"https:\/\/chessgamesemporium.com\/fr\/wp-json\/wp\/v2\/product"}],"about":[{"href":"https:\/\/chessgamesemporium.com\/fr\/wp-json\/wp\/v2\/types\/product"}],"replies":[{"embeddable":true,"href":"https:\/\/chessgamesemporium.com\/fr\/wp-json\/wp\/v2\/comments?post=46379"}],"version-history":[{"count":0,"href":"https:\/\/chessgamesemporium.com\/fr\/wp-json\/wp\/v2\/product\/46379\/revisions"}],"wp:featuredmedia":[{"embeddable":true,"href":"https:\/\/chessgamesemporium.com\/fr\/wp-json\/wp\/v2\/media\/47691"}],"wp:attachment":[{"href":"https:\/\/chessgamesemporium.com\/fr\/wp-json\/wp\/v2\/media?parent=46379"}],"wp:term":[{"taxonomy":"product_brand","embeddable":true,"href":"https:\/\/chessgamesemporium.com\/fr\/wp-json\/wp\/v2\/product_brand?post=46379"},{"taxonomy":"product_cat","embeddable":true,"href":"https:\/\/chessgamesemporium.com\/fr\/wp-json\/wp\/v2\/product_cat?post=46379"},{"taxonomy":"product_tag","embeddable":true,"href":"https:\/\/chessgamesemporium.com\/fr\/wp-json\/wp\/v2\/product_tag?post=46379"}],"curies":[{"name":"wp","href":"https:\/\/api.w.org\/{rel}","templated":true}]}}