{"id":46399,"date":"2023-01-13T11:58:11","date_gmt":"2023-01-13T11:58:11","guid":{"rendered":"https:\/\/www.ivh44.si\/Ponudbe\/chess\/?post_type=product&#038;p=46399"},"modified":"2026-04-30T11:43:55","modified_gmt":"2026-04-30T11:43:55","slug":"lesene-sahovske-figure-tournament-staunton","status":"publish","type":"product","link":"https:\/\/chessgamesemporium.com\/fr\/shop\/sahovske-figure\/lesene-figure\/lesene-sahovske-figure-tournament-staunton\/","title":{"rendered":"Pi\u00e8ces d'\u00e9checs en bois Tournament STAUNTON"},"content":{"rendered":"<div class=\"cge-desc-tabs\" data-cge-tabs=\"\">\n<div class=\"cge-desc-tab-buttons\"><button class=\"active\" type=\"button\" data-tab=\"opis\">Description<\/button><br \/>\n<button type=\"button\" data-tab=\"specifikacije\">Sp\u00e9cifications<\/button><br \/>\n<button type=\"button\" data-tab=\"primernost\">Convient pour<\/button><\/div>\n<p><!-- OPIS --><\/p>\n<div class=\"cge-desc-tab-panel active\" data-panel=\"opis\">\n<p>Les pi\u00e8ces d'\u00e9checs Tournament Staunton 6 en bois constituent un choix de r\u00e9f\u00e9rence pour les joueurs de haut niveau. Elles sont con\u00e7ues dans le style Staunton classique, officiellement reconnu et utilis\u00e9 lors des tournois internationaux.<\/p>\n<p>Leur taille les place dans la cat\u00e9gorie des pi\u00e8ces de tournoi, les rendant ainsi parfaitement adapt\u00e9es aux comp\u00e9titions officielles. Elles sont optimales pour les \u00e9chiquiers dont les cases mesurent entre 55 et 60 mm, offrant une excellente lisibilit\u00e9 et un rendu professionnel.<\/p>\n<p>La fabrication en bois conf\u00e8re \u00e0 ces pi\u00e8ces une apparence prestigieuse et naturelle, tout en assurant leur durabilit\u00e9. Leurs bases feutr\u00e9es permettent un d\u00e9placement rapide, fluide et silencieux sur l'\u00e9chiquier, tout en prot\u00e9geant ce dernier des rayures.<\/p>\n<p>\u010ce i\u0161\u010dete komplet \u0161ahovskih figur, ki izpolnjuje vse turnirske standarde in zdru\u017euje kakovost ter profesionalnost, so Tournament Staunton 6 prava izbira.<\/p>\n<p class=\"cge-warning\">Attention ! Ne convient pas aux enfants de moins de 3 ans en raison des petites pi\u00e8ces ! Risque d'\u00e9touffement.<\/p>\n<\/div>\n<p><!-- SPECIFIKACIJE --><\/p>\n<div class=\"cge-desc-tab-panel\" data-panel=\"specifikacije\">\n<div class=\"cge-spec-list\">\n<div><b>Base :<\/b> feutr\u00e9e<\/div>\n<div><b>Lest\u00e9es<\/b> Oui<\/div>\n<div><b>Mat\u00e9riau :<\/b> les, gaber<\/div>\n<div><b>Couleur :<\/b> couleur naturelle du bois et marron<\/div>\n<div><b>Adapt\u00e9 pour \u00e9chiquier :<\/b> Taille des cases 50 mm \u00e0 58 mm<\/div>\n<\/div>\n<p class=\"cge-spec-heading\">Dimensions : (hauteur | largeur de la base)<\/p>\n<div class=\"cge-dimensions\">\n<div><b>Roi :<\/b> 9,8 cm | 3,6 cm<\/div>\n<div><b>Reine :<\/b> 8,3 cm | 3,6 cm<\/div>\n<div><b>Tour :<\/b> 5,3 cm | 3,2 cm<\/div>\n<div><b>Fou :<\/b> 6,8 cm | 3,2 cm<\/div>\n<div><b>Cavalier :<\/b> 6,4 cm | 3,2 cm<\/div>\n<div><b>Pion :<\/b> 4,5 cm | 2,6 cm<\/div>\n<\/div>\n<\/div>\n<p><!-- PRIMERNOST --><\/p>\n<div class=\"cge-desc-tab-panel\" data-panel=\"primernost\">\n<div class=\"cge-check-list\">\n<div>\u2713 utilisation en tournoi<\/div>\n<div>\u2713 comp\u00e9titions officielles<\/div>\n<div>\u2713 clubs d\u2019\u00e9checs<\/div>\n<div>\u2713 entra\u00eenement et jeu s\u00e9rieux<\/div>\n<div>\u2713 cadeau pour joueurs d\u2019\u00e9checs<\/div>\n<div>\u2713 usage \u00e0 domicile<\/div>\n<div>\u2713 jeu r\u00e9cr\u00e9atif<\/div>\n<\/div>\n<\/div>\n<\/div>","protected":false},"excerpt":{"rendered":"<p><strong>Lesene \u0161ahovske figure Staunton<\/strong> Pi\u00e8ces d\u2019\u00e9checs en bois Staunton pour le jeu en tournoi et \u00e0 domicile. Design classique, fabrication pr\u00e9cise et forme stable pour un jeu agr\u00e9able sur des \u00e9chiquiers avec des cases de 55 \u00e0 60 mm.<\/p>\n<ul>\n<li>\u2714 Standard Staunton (style tournoi)<\/li>\n<li>\u2714 Stables et bien \u00e9quilibr\u00e9es<\/li>\n<li>\u2714 Adapt\u00e9es \u00e0 un usage quotidien<\/li>\n<\/ul>","protected":false},"featured_media":48281,"comment_status":"closed","ping_status":"closed","template":"","meta":{"_seopress_robots_primary_cat":"none","_seopress_titles_title":"Lesene \u0161ahovske figure Tournament Staunton \u2013 turnirske obte\u017eene","_seopress_titles_desc":"Kakovostne lesene \u0161ahovske figure v Staunton slogu za turnirsko igro. Obte\u017eene in podlo\u017eene, idealne za trening, klube in resno igranje \u0161aha.","_seopress_robots_index":""},"product_brand":[],"product_cat":[511,522],"product_tag":[595],"class_list":{"0":"post-46399","1":"product","2":"type-product","3":"status-publish","4":"has-post-thumbnail","6":"product_cat-sahovske-figure","7":"product_cat-lesene-figure","8":"product_tag-95mm","9":"wcpa_has_options","11":"entry","12":"has-media","14":"first","15":"instock","16":"taxable","17":"shipping-taxable","18":"purchasable","19":"product-type-simple","20":"has-product-nav","21":"col","22":"span_1_of_4","23":"owp-content-center","24":"item-entry","25":"owp-thumbs-layout-horizontal","26":"owp-btn-normal","27":"owp-tabs-layout-section"},"wcpa_form_fields":{"rules":{"pric_overide_base_price":false,"pric_overide_base_price_if_gt_zero":false,"pric_overide_base_price_fully":false,"pric_cal_option_once":false,"pric_use_as_fee":false,"bind_quantity":false,"quantity_bind_formula":false},"fields":[{"type":"checkbox-group","elementId":"wcpa-checkbox-group-1707738535577","label":"Dodatek","enablePrice":true,"priceOptions":"fixed_for_all","pricingType":"fixed","price":"5","name":"checkbox-group-1707738535577","other_text":"Other","cl_rule":"show","col":6,"values":[{"label":"Dodatni kraljici (bela in \u010drna)","value":"5.00 Eur","price":"","pimage":"","pimage_id":"","pthumb":""}],"relations":false,"form_id":55845,"form_rules":{"pric_cal_option_once":false,"exclude_from_discount":false,"pric_use_as_fee":false,"fee_label":"Fee","render_after_acb":false,"disp_hide_options_price":false}}]},"_links":{"self":[{"href":"https:\/\/chessgamesemporium.com\/fr\/wp-json\/wp\/v2\/product\/46399","targetHints":{"allow":["GET"]}}],"collection":[{"href":"https:\/\/chessgamesemporium.com\/fr\/wp-json\/wp\/v2\/product"}],"about":[{"href":"https:\/\/chessgamesemporium.com\/fr\/wp-json\/wp\/v2\/types\/product"}],"replies":[{"embeddable":true,"href":"https:\/\/chessgamesemporium.com\/fr\/wp-json\/wp\/v2\/comments?post=46399"}],"version-history":[{"count":0,"href":"https:\/\/chessgamesemporium.com\/fr\/wp-json\/wp\/v2\/product\/46399\/revisions"}],"wp:featuredmedia":[{"embeddable":true,"href":"https:\/\/chessgamesemporium.com\/fr\/wp-json\/wp\/v2\/media\/48281"}],"wp:attachment":[{"href":"https:\/\/chessgamesemporium.com\/fr\/wp-json\/wp\/v2\/media?parent=46399"}],"wp:term":[{"taxonomy":"product_brand","embeddable":true,"href":"https:\/\/chessgamesemporium.com\/fr\/wp-json\/wp\/v2\/product_brand?post=46399"},{"taxonomy":"product_cat","embeddable":true,"href":"https:\/\/chessgamesemporium.com\/fr\/wp-json\/wp\/v2\/product_cat?post=46399"},{"taxonomy":"product_tag","embeddable":true,"href":"https:\/\/chessgamesemporium.com\/fr\/wp-json\/wp\/v2\/product_tag?post=46399"}],"curies":[{"name":"wp","href":"https:\/\/api.w.org\/{rel}","templated":true}]}}