{"id":46415,"date":"2023-01-13T12:04:09","date_gmt":"2023-01-13T12:04:09","guid":{"rendered":"https:\/\/www.ivh44.si\/Ponudbe\/chess\/?post_type=product&#038;p=46415"},"modified":"2026-04-20T08:56:19","modified_gmt":"2026-04-20T08:56:19","slug":"lesene-sahovske-figure-dubrovnik-standard","status":"publish","type":"product","link":"https:\/\/chessgamesemporium.com\/fr\/shop\/sahovske-figure\/lesene-figure\/lesene-sahovske-figure-dubrovnik-standard\/","title":{"rendered":"Pi\u00e8ces d'\u00e9checs en bois DUBROVNIK STANDARD"},"content":{"rendered":"<p>Pi\u00e8ces d'\u00e9checs en bois DUBROVNIK STANDARD<br \/>\nLest\u00e9es, feutr\u00e9es, vernies<\/p>\n<p>Mat\u00e9riau :<br \/>\nSheesham \/ buis<\/p>\n<p>Ces pi\u00e8ces d'\u00e9checs ont une riche histoire qui remonte \u00e0 l'Olympiade d'\u00e9checs de 1950 \u00e0 Dubrovnik. L'une des caract\u00e9ristiques principales de ces pi\u00e8ces d'\u00e9checs est l'absence d'iconographie religieuse. Bobby Fischer a d\u00e9clar\u00e9 \u00e0 plusieurs reprises que ces pi\u00e8ces d'\u00e9checs de Dubrovnik \u00e9taient ses pr\u00e9f\u00e9r\u00e9es.<\/p>\n<p>Dimensions : (hauteur | largeur de la base)<br \/>\nRoi : 9,0 cm | 3,1 cm<br \/>\nReine : 8,0 cm | 3,1 cm<br \/>\nTour : 5,2 cm | 2,9 cm<br \/>\nFou : 7,4 cm | 2,9 cm<br \/>\nCavalier : 6,6 cm | 2,9 cm<br \/>\nPion : 5,4 cm | 2,6 cm<\/p>\n<p>Les pi\u00e8ces d\u2019\u00e9checs en bois Dubrovnik Standard repr\u00e9sentent le sommet de l\u2019artisanat \u00e9chiqu\u00e9en traditionnel et du design intemporel. Inspir\u00e9es par la l\u00e9gendaire Olympiade d\u2019\u00e9checs de Dubrovnik de 1950 et appr\u00e9ci\u00e9es par Bobby Fischer, elles r\u00e9unissent histoire, \u00e9l\u00e9gance et fonctionnalit\u00e9 dans un ensemble harmonieux. Fabriqu\u00e9es en palissandre et en buis s\u00e9lectionn\u00e9s, lest\u00e9es et feutr\u00e9es, elles offrent une stabilit\u00e9 exceptionnelle, un d\u00e9placement silencieux et une sensation de jeu remarquable \u00e0 chaque coup, ce qui les place parmi les pi\u00e8ces d\u2019\u00e9checs en bois les plus admir\u00e9es au monde.<\/p>\n<p>Ce jeu d\u2019\u00e9checs exclusif s\u2019adresse aux joueurs exigeants, aux collectionneurs et \u00e0 tous ceux qui appr\u00e9cient le prestige, la tradition et une qualit\u00e9 sans compromis. Son design \u00e9pur\u00e9, sans symboles superflus, permet une concentration totale sur la partie, tandis que la finition artisanale pr\u00e9cise souligne la valeur artistique de chaque pi\u00e8ce. Les pi\u00e8ces d\u2019\u00e9checs en bois Dubrovnik ne sont pas seulement un \u00e9quipement de jeu, mais aussi une expression du style personnel et un excellent choix pour un cadeau de luxe alliant h\u00e9ritage \u00e9chiqu\u00e9en et \u00e9l\u00e9gance contemporaine.<\/p>\n<p>Attention ! Ne convient pas aux enfants de moins de 3 ans en raison des petites pi\u00e8ces ! Risque d'\u00e9touffement.<\/p>","protected":false},"excerpt":{"rendered":"<p>Lesene \u0160ahovske Figure DUBROVNIK STANDARD Obte\u017eene, podlo\u017eene, lakirane Material: Palisander \/ Pu\u0161pan (sheesham and boxwood) Te figure imajo bogato zgodovino, ki sega v leto 1950, ko je bila v Dubrovniku \u0161ahovska olimpijada. Glavna zna\u010dilnost teh figur je, da so bile oblikovane brez verskih simbolov. Bobby Fischer je ve\u010dkrat poudaril, da so Dubrovnik figure njegove najljub\u0161e. [&hellip;]<\/p>","protected":false},"featured_media":47700,"comment_status":"closed","ping_status":"closed","template":"","meta":{"_seopress_robots_primary_cat":"none","_seopress_titles_title":"Lesene \u0161ahovske figure Dubrovnik Standard \u2013 obte\u017eene","_seopress_titles_desc":"Obte\u017eene lesene \u0161ahovske figure s klasi\u010dnim Staunton slogom, znane po turnirski kakovosti, stabilnosti in zgodovinskem dizajnu, priljubljenem pri \u0161ahistih.","_seopress_robots_index":""},"product_brand":[],"product_cat":[522,511],"product_tag":[],"class_list":{"0":"post-46415","1":"product","2":"type-product","3":"status-publish","4":"has-post-thumbnail","6":"product_cat-lesene-figure","7":"product_cat-sahovske-figure","9":"entry","10":"has-media","12":"first","13":"instock","14":"taxable","15":"shipping-taxable","16":"purchasable","17":"product-type-variable","18":"has-product-nav","19":"col","20":"span_1_of_4","21":"owp-content-center","22":"item-entry","23":"owp-thumbs-layout-horizontal","24":"owp-btn-normal","25":"owp-tabs-layout-section"},"wcpa_form_fields":null,"_links":{"self":[{"href":"https:\/\/chessgamesemporium.com\/fr\/wp-json\/wp\/v2\/product\/46415","targetHints":{"allow":["GET"]}}],"collection":[{"href":"https:\/\/chessgamesemporium.com\/fr\/wp-json\/wp\/v2\/product"}],"about":[{"href":"https:\/\/chessgamesemporium.com\/fr\/wp-json\/wp\/v2\/types\/product"}],"replies":[{"embeddable":true,"href":"https:\/\/chessgamesemporium.com\/fr\/wp-json\/wp\/v2\/comments?post=46415"}],"version-history":[{"count":0,"href":"https:\/\/chessgamesemporium.com\/fr\/wp-json\/wp\/v2\/product\/46415\/revisions"}],"wp:featuredmedia":[{"embeddable":true,"href":"https:\/\/chessgamesemporium.com\/fr\/wp-json\/wp\/v2\/media\/47700"}],"wp:attachment":[{"href":"https:\/\/chessgamesemporium.com\/fr\/wp-json\/wp\/v2\/media?parent=46415"}],"wp:term":[{"taxonomy":"product_brand","embeddable":true,"href":"https:\/\/chessgamesemporium.com\/fr\/wp-json\/wp\/v2\/product_brand?post=46415"},{"taxonomy":"product_cat","embeddable":true,"href":"https:\/\/chessgamesemporium.com\/fr\/wp-json\/wp\/v2\/product_cat?post=46415"},{"taxonomy":"product_tag","embeddable":true,"href":"https:\/\/chessgamesemporium.com\/fr\/wp-json\/wp\/v2\/product_tag?post=46415"}],"curies":[{"name":"wp","href":"https:\/\/api.w.org\/{rel}","templated":true}]}}