{"id":46457,"date":"2023-01-17T11:38:37","date_gmt":"2023-01-17T11:38:37","guid":{"rendered":"https:\/\/www.ivh44.si\/Ponudbe\/chess\/?post_type=product&#038;p=46457"},"modified":"2026-01-26T07:11:31","modified_gmt":"2026-01-26T07:11:31","slug":"lesene-sahovske-figure-dgt-timeless","status":"publish","type":"product","link":"https:\/\/chessgamesemporium.com\/fr\/shop\/sahovske-figure\/lesene-figure\/lesene-sahovske-figure-dgt-timeless\/","title":{"rendered":"Pi\u00e8ces d'\u00e9checs en bois DGT TIMELESS"},"content":{"rendered":"<p>Pi\u00e8ces d'\u00e9checs en bois - Timeless<\/p>\n<p>Identique au jeu \u00e9lectronique Timeless<br \/>\nDames suppl\u00e9mentaires incluses<br \/>\nPi\u00e8ces de taille tournoi, hauteur du roi : 95 mm \/ 3,75 pouces<br \/>\nLes pi\u00e8ces sont lest\u00e9es (870 g)<\/p>\n<p>Attention ! Ne convient pas aux enfants de moins de 3 ans en raison des petites pi\u00e8ces ! Risque d'\u00e9touffement.<\/p>","protected":false},"excerpt":{"rendered":"<p>Lesene \u0161ahovske figure &#8211; Timeless Ista oblika kot pri elektronskih figurah Dodatni dami Turnirska velikost figur z vi\u0161ino kralja 95 mm Figure so obte\u017eene (870 g). OPOZORILO! Ni primerno za otroke pod tretjim letom starosti.<\/p>","protected":false},"featured_media":48269,"comment_status":"closed","ping_status":"closed","template":"","meta":{"_seopress_robots_primary_cat":"none","_seopress_titles_title":"","_seopress_titles_desc":"","_seopress_robots_index":""},"product_brand":[],"product_cat":[511,522],"product_tag":[],"class_list":{"0":"post-46457","1":"product","2":"type-product","3":"status-publish","4":"has-post-thumbnail","6":"product_cat-sahovske-figure","7":"product_cat-lesene-figure","9":"entry","10":"has-media","12":"first","13":"instock","14":"taxable","15":"shipping-taxable","16":"purchasable","17":"product-type-simple","18":"has-product-nav","19":"col","20":"span_1_of_4","21":"owp-content-center","22":"item-entry","23":"owp-thumbs-layout-horizontal","24":"owp-btn-normal","25":"owp-tabs-layout-section"},"wcpa_form_fields":null,"_links":{"self":[{"href":"https:\/\/chessgamesemporium.com\/fr\/wp-json\/wp\/v2\/product\/46457","targetHints":{"allow":["GET"]}}],"collection":[{"href":"https:\/\/chessgamesemporium.com\/fr\/wp-json\/wp\/v2\/product"}],"about":[{"href":"https:\/\/chessgamesemporium.com\/fr\/wp-json\/wp\/v2\/types\/product"}],"replies":[{"embeddable":true,"href":"https:\/\/chessgamesemporium.com\/fr\/wp-json\/wp\/v2\/comments?post=46457"}],"version-history":[{"count":0,"href":"https:\/\/chessgamesemporium.com\/fr\/wp-json\/wp\/v2\/product\/46457\/revisions"}],"wp:featuredmedia":[{"embeddable":true,"href":"https:\/\/chessgamesemporium.com\/fr\/wp-json\/wp\/v2\/media\/48269"}],"wp:attachment":[{"href":"https:\/\/chessgamesemporium.com\/fr\/wp-json\/wp\/v2\/media?parent=46457"}],"wp:term":[{"taxonomy":"product_brand","embeddable":true,"href":"https:\/\/chessgamesemporium.com\/fr\/wp-json\/wp\/v2\/product_brand?post=46457"},{"taxonomy":"product_cat","embeddable":true,"href":"https:\/\/chessgamesemporium.com\/fr\/wp-json\/wp\/v2\/product_cat?post=46457"},{"taxonomy":"product_tag","embeddable":true,"href":"https:\/\/chessgamesemporium.com\/fr\/wp-json\/wp\/v2\/product_tag?post=46457"}],"curies":[{"name":"wp","href":"https:\/\/api.w.org\/{rel}","templated":true}]}}