{"id":46556,"date":"2023-01-19T12:44:47","date_gmt":"2023-01-19T12:44:47","guid":{"rendered":"https:\/\/www.ivh44.si\/Ponudbe\/chess\/?post_type=product&#038;p=46556"},"modified":"2026-05-05T13:05:50","modified_gmt":"2026-05-05T13:05:50","slug":"lesene-sahovske-figure-new-york","status":"publish","type":"product","link":"https:\/\/chessgamesemporium.com\/fr\/shop\/sahovske-figure\/lesene-figure\/lesene-sahovske-figure-new-york\/","title":{"rendered":"Pi\u00e8ces d'\u00e9checs en bois NEW YORK"},"content":{"rendered":"<div class=\"cge-desc-tabs\" data-cge-tabs=\"\">\n<div class=\"cge-desc-tab-buttons\"><button class=\"active\" type=\"button\" data-tab=\"opis\">Description<\/button><br \/>\n<button type=\"button\" data-tab=\"specifikacije\">Sp\u00e9cifications<\/button><br \/>\n<button type=\"button\" data-tab=\"primernost\">Convient pour<\/button><\/div>\n<p><!-- OPIS --><\/p>\n<div class=\"cge-desc-tab-panel active\" data-panel=\"opis\">\n<p>Les pi\u00e8ces d\u2019\u00e9checs en bois de luxe New York se distinguent par leur fabrication artisanale pr\u00e9cise et leur design sculpt\u00e9 d\u00e9taill\u00e9, qui conf\u00e8re \u00e0 chaque set un caract\u00e8re unique. Les pi\u00e8ces lest\u00e9es assurent une excellente stabilit\u00e9, tandis que la finition vernie en plusieurs couches met en valeur la beaut\u00e9 naturelle du bois et garantit une grande durabilit\u00e9. Cette combinaison de qualit\u00e9 et d\u2019esth\u00e9tique les rend id\u00e9ales pour le jeu et la d\u00e9coration.<\/p>\n<p>Le style Staunton classique assure une bonne lisibilit\u00e9 des pi\u00e8ces et un confort de jeu optimal, parfait pour les parties quotidiennes, l\u2019entra\u00eenement ou l\u2019analyse. Ces pi\u00e8ces sont un excellent choix pour les joueurs, les collectionneurs et tous ceux qui appr\u00e9cient la qualit\u00e9 et l\u2019\u00e9l\u00e9gance. Leur apparence luxueuse en fait \u00e9galement un cadeau parfait.<\/p>\n<p class=\"cge-seo\">Les pi\u00e8ces d\u2019\u00e9checs New York en bois sont un choix haut de gamme pour tous ceux qui recherchent des pi\u00e8ces \u00e9l\u00e9gantes et lest\u00e9es en bois naturel pour un usage domestique, les clubs d\u2019\u00e9checs ou comme cadeau prestigieux.<\/p>\n<p class=\"cge-warning\">Attention ! Ne convient pas aux enfants de moins de 3 ans en raison des petites pi\u00e8ces ! Risque d'\u00e9touffement.<\/p>\n<\/div>\n<p><!-- SPECIFIKACIJE --><\/p>\n<div class=\"cge-desc-tab-panel\" data-panel=\"specifikacije\">\n<div class=\"cge-spec-list\">\n<div><b>Base :<\/b> Avec feutre<\/div>\n<div><b>Lest\u00e9es<\/b> Oui<\/div>\n<div><b>Laqu\u00e9es<\/b> Laqu\u00e9es en plusieurs couches<\/div>\n<div><b>Mat\u00e9riau :<\/b> Acacia \/ Buis<\/div>\n<div><b>Couleur :<\/b> couleur naturelle du bois et marron<\/div>\n<div><b>Adapt\u00e9 pour \u00e9chiquier :<\/b> Taille des cases 40 mm \u00e0 50 mm<\/div>\n<div><b>Inclus :<\/b> Reines suppl\u00e9mentaires<\/div>\n<div><b>Caract\u00e9ristique :<\/b> Cavalier sculpt\u00e9 avec des d\u00e9tails<\/div>\n<\/div>\n<p class=\"cge-spec-heading\">Dimensions : (hauteur | largeur de la base)<\/p>\n<div class=\"cge-dimensions\">\n<div><b>Roi :<\/b> 8,3 cm (3.25 in) | 3,6 cm (1.40 in)<\/div>\n<div><b>Reine :<\/b> 6,5 cm (2.55 in) | 3,4 cm (1.35 in)<\/div>\n<div><b>Tour :<\/b> 4,7 cm (1.85 in) | 3,2 cm (1.25 in)<\/div>\n<div><b>Fou :<\/b> 5,8 cm (2.30 in) | 3,2 cm (1.25 in)<\/div>\n<div><b>Cavalier :<\/b> 5,6 cm (2.20 in) | 3,2 cm (1.25 in)<\/div>\n<div><b>Pion :<\/b> 4,5 cm (1.75 in) | 2,5 cm (1.00 in)<\/div>\n<\/div>\n<\/div>\n<p><!-- PRIMERNOST --><\/p>\n<div class=\"cge-desc-tab-panel\" data-panel=\"primernost\">\n<div class=\"cge-check-list\">\n<div>\u2713 Joueurs d\u2019\u00e9checs et collectionneurs<\/div>\n<div>\u2713 usage \u00e0 domicile<\/div>\n<div>\u2713 \u00e9l\u00e9ment d\u00e9coratif<\/div>\n<div>\u2713 entra\u00eenement et jeu s\u00e9rieux<\/div>\n<div>\u2713 Cadeau prestigieux<\/div>\n<\/div>\n<\/div>\n<\/div>","protected":false},"excerpt":{"rendered":"<p>Pi\u00e8ces d\u2019\u00e9checs en bois de luxe sculpt\u00e9es \u00e0 la main, lest\u00e9es et vernies en plusieurs couches, alliant \u00e9l\u00e9gance, qualit\u00e9 et exp\u00e9rience de jeu parfaite.<\/p>","protected":false},"featured_media":47676,"comment_status":"closed","ping_status":"closed","template":"","meta":{"_seopress_robots_primary_cat":"none","_seopress_titles_title":"Luksuzne lesene \u0161ahovske figure New York \u2013 ro\u010dno rezljane","_seopress_titles_desc":"Luksuzne ro\u010dno rezljane lesene \u0161ahovske figure, obte\u017eene in ve\u010dkrat lakirane. Elegantna izbira za zbiratelje, darilo ali dekorativen \u0161ah doma.","_seopress_robots_index":""},"product_brand":[],"product_cat":[511,522],"product_tag":[596],"class_list":{"0":"post-46556","1":"product","2":"type-product","3":"status-publish","4":"has-post-thumbnail","6":"product_cat-sahovske-figure","7":"product_cat-lesene-figure","8":"product_tag-80mm","10":"entry","11":"has-media","13":"first","14":"instock","15":"taxable","16":"shipping-taxable","17":"purchasable","18":"product-type-variable","19":"has-product-nav","20":"col","21":"span_1_of_4","22":"owp-content-center","23":"item-entry","24":"owp-thumbs-layout-horizontal","25":"owp-btn-normal","26":"owp-tabs-layout-section"},"wcpa_form_fields":null,"_links":{"self":[{"href":"https:\/\/chessgamesemporium.com\/fr\/wp-json\/wp\/v2\/product\/46556","targetHints":{"allow":["GET"]}}],"collection":[{"href":"https:\/\/chessgamesemporium.com\/fr\/wp-json\/wp\/v2\/product"}],"about":[{"href":"https:\/\/chessgamesemporium.com\/fr\/wp-json\/wp\/v2\/types\/product"}],"replies":[{"embeddable":true,"href":"https:\/\/chessgamesemporium.com\/fr\/wp-json\/wp\/v2\/comments?post=46556"}],"version-history":[{"count":5,"href":"https:\/\/chessgamesemporium.com\/fr\/wp-json\/wp\/v2\/product\/46556\/revisions"}],"predecessor-version":[{"id":64483,"href":"https:\/\/chessgamesemporium.com\/fr\/wp-json\/wp\/v2\/product\/46556\/revisions\/64483"}],"wp:featuredmedia":[{"embeddable":true,"href":"https:\/\/chessgamesemporium.com\/fr\/wp-json\/wp\/v2\/media\/47676"}],"wp:attachment":[{"href":"https:\/\/chessgamesemporium.com\/fr\/wp-json\/wp\/v2\/media?parent=46556"}],"wp:term":[{"taxonomy":"product_brand","embeddable":true,"href":"https:\/\/chessgamesemporium.com\/fr\/wp-json\/wp\/v2\/product_brand?post=46556"},{"taxonomy":"product_cat","embeddable":true,"href":"https:\/\/chessgamesemporium.com\/fr\/wp-json\/wp\/v2\/product_cat?post=46556"},{"taxonomy":"product_tag","embeddable":true,"href":"https:\/\/chessgamesemporium.com\/fr\/wp-json\/wp\/v2\/product_tag?post=46556"}],"curies":[{"name":"wp","href":"https:\/\/api.w.org\/{rel}","templated":true}]}}