{"id":46696,"date":"2023-01-19T13:42:23","date_gmt":"2023-01-19T13:42:23","guid":{"rendered":"https:\/\/www.ivh44.si\/Ponudbe\/chess\/?post_type=product&#038;p=46696"},"modified":"2026-01-08T11:44:28","modified_gmt":"2026-01-08T11:44:28","slug":"lesene-sahovske-figure-ambasada","status":"publish","type":"product","link":"https:\/\/chessgamesemporium.com\/fr\/shop\/sahovske-figure\/lesene-figure\/lesene-sahovske-figure-ambasada\/","title":{"rendered":"Pi\u00e8ces d'\u00e9checs en bois EMBASSADE"},"content":{"rendered":"<p>Socle : Feutr\u00e9<br \/>\nMat\u00e9riau : Bois, tilleul<br \/>\nCouleur : Bois naturel, brun<\/p>\n<p>Dimensions : (hauteur | largeur de la base)<br \/>\nRoi : 10,8 cm | 3,8 cm<br \/>\nReine : 9,1 cm | 3,8 cm<br \/>\nTour : 6,2 cm | 3,8 cm<br \/>\nFou : 7,2 cm | 3,8 cm<br \/>\nCavalier : 7,1 cm | 3,8 cm<br \/>\nPion : 5,1 cm | 3,1 cm<\/p>\n<p>Les pi\u00e8ces d'\u00e9checs en bois Embassy sont un excellent choix pour ceux qui recherchent \u00e9l\u00e9gance et originalit\u00e9. Chaque pi\u00e8ce est soigneusement fabriqu\u00e9e en bois de tilleul de qualit\u00e9, avec une attention particuli\u00e8re port\u00e9e aux motifs br\u00fbl\u00e9s qui ajoutent une touche artistique. Elles conviennent ainsi aussi bien au jeu qu'\u00e0 la d\u00e9coration de n'importe quelle pi\u00e8ce.<\/p>\n<p>Ces grandes pi\u00e8ces sont id\u00e9ales pour les \u00e9chiquiers \u00e0 cases de 60 mm, pour une visibilit\u00e9 optimale et un confort de jeu maximal. Leur fabrication en bois leur conf\u00e8re robustesse et long\u00e9vit\u00e9, tandis que leurs bases feutr\u00e9es assurent un d\u00e9placement fluide et prot\u00e8gent l'\u00e9chiquier des rayures.<\/p>\n<p>Si vous recherchez des pi\u00e8ces d'\u00e9checs alliant fonctionnalit\u00e9 et esth\u00e9tique, le jeu Embassy est fait pour vous.<\/p>\n<p>Attention ! Ne convient pas aux enfants de moins de 3 ans en raison des petites pi\u00e8ces ! Risque d'\u00e9touffement.<\/p>","protected":false},"excerpt":{"rendered":"<p>Podlaga: Podlo\u017eene s filcem Material: les, lipa Barva: naravna barva lesa in rjava Dimenzije: (vi\u0161ina figure | premer podlage) Kralj: 10,8 cm | 3,8 cm Dama: 9,1 cm | 3,8 cm Top: 6,2 cm | 3,8 cm Lovec: 7,2 cm | 3,8 cm Skaka\u010d: 7,1 cm | 3,8 cm Kmet: 5,1 cm | 3,1 cm [&hellip;]<\/p>","protected":false},"featured_media":48265,"comment_status":"closed","ping_status":"closed","template":"","meta":{"_seopress_robots_primary_cat":"none","_seopress_titles_title":"","_seopress_titles_desc":"","_seopress_robots_index":""},"product_brand":[],"product_cat":[511,522],"product_tag":[595],"class_list":{"0":"post-46696","1":"product","2":"type-product","3":"status-publish","4":"has-post-thumbnail","6":"product_cat-sahovske-figure","7":"product_cat-lesene-figure","8":"product_tag-95mm","10":"entry","11":"has-media","13":"first","14":"instock","15":"taxable","16":"shipping-taxable","17":"purchasable","18":"product-type-simple","19":"has-product-nav","20":"col","21":"span_1_of_4","22":"owp-content-center","23":"item-entry","24":"owp-thumbs-layout-horizontal","25":"owp-btn-normal","26":"owp-tabs-layout-section"},"wcpa_form_fields":null,"_links":{"self":[{"href":"https:\/\/chessgamesemporium.com\/fr\/wp-json\/wp\/v2\/product\/46696","targetHints":{"allow":["GET"]}}],"collection":[{"href":"https:\/\/chessgamesemporium.com\/fr\/wp-json\/wp\/v2\/product"}],"about":[{"href":"https:\/\/chessgamesemporium.com\/fr\/wp-json\/wp\/v2\/types\/product"}],"replies":[{"embeddable":true,"href":"https:\/\/chessgamesemporium.com\/fr\/wp-json\/wp\/v2\/comments?post=46696"}],"version-history":[{"count":0,"href":"https:\/\/chessgamesemporium.com\/fr\/wp-json\/wp\/v2\/product\/46696\/revisions"}],"wp:featuredmedia":[{"embeddable":true,"href":"https:\/\/chessgamesemporium.com\/fr\/wp-json\/wp\/v2\/media\/48265"}],"wp:attachment":[{"href":"https:\/\/chessgamesemporium.com\/fr\/wp-json\/wp\/v2\/media?parent=46696"}],"wp:term":[{"taxonomy":"product_brand","embeddable":true,"href":"https:\/\/chessgamesemporium.com\/fr\/wp-json\/wp\/v2\/product_brand?post=46696"},{"taxonomy":"product_cat","embeddable":true,"href":"https:\/\/chessgamesemporium.com\/fr\/wp-json\/wp\/v2\/product_cat?post=46696"},{"taxonomy":"product_tag","embeddable":true,"href":"https:\/\/chessgamesemporium.com\/fr\/wp-json\/wp\/v2\/product_tag?post=46696"}],"curies":[{"name":"wp","href":"https:\/\/api.w.org\/{rel}","templated":true}]}}