{"id":46762,"date":"2023-01-20T13:24:35","date_gmt":"2023-01-20T13:24:35","guid":{"rendered":"https:\/\/www.ivh44.si\/Ponudbe\/chess\/?post_type=product&#038;p=46762"},"modified":"2026-05-06T07:42:54","modified_gmt":"2026-05-06T07:42:54","slug":"lesene-sahovske-figure-firence","status":"publish","type":"product","link":"https:\/\/chessgamesemporium.com\/fr\/shop\/sahovske-figure\/lesene-figure\/lesene-sahovske-figure-firence\/","title":{"rendered":"Pi\u00e8ces d'\u00e9checs en bois FLORENCE"},"content":{"rendered":"<p>Un magnifique jeu d'\u00e9checs.<br \/>\nCouleur : marron \/ naturel,<br \/>\nMat\u00e9riaux : palissandre\/buis<\/p>\n<p>Dimensions : (hauteur | largeur de la base)<br \/>\nRoi : 9,5 cm | 3,4 cm<br \/>\nReine : 8,1 cm | 3,0 cm<br \/>\nTour : 6,3 cm | 3,0 cm<br \/>\nFou : 7,2 cm | 3,0 cm<br \/>\nCavalier : 7,2 cm | 3,0 cm<br \/>\nPion : 4,5 cm | 2,9 cm<\/p>\n<p>Attention ! Ne convient pas aux enfants de moins de 3 ans en raison des petites pi\u00e8ces ! Risque d'\u00e9touffement.<\/p>","protected":false},"excerpt":{"rendered":"<p>Lepo oblikovane \u0161ahovske figure. Barva: Rjava\/naravna Material: Palisander\/pu\u0161pan Dimenzije: (vi\u0161ina figure | premer baze) Kralj: 9,5 cm | 3,4 cm Dama: 8,1 cm | 3,0 cm Top: 6,3 cm | 3,0 cm Lovec: 7,2 cm | 3,0 cm Skaka\u010d: 7,2 cm | 3,0 cm Kmet: 4,5 cm | 2,9 cm OPOZORILO! Ni primerno za otroke [&hellip;]<\/p>","protected":false},"featured_media":48259,"comment_status":"closed","ping_status":"closed","template":"","meta":{"_seopress_robots_primary_cat":"none","_seopress_titles_title":"","_seopress_titles_desc":"","_seopress_robots_index":""},"product_brand":[],"product_cat":[511,522],"product_tag":[595],"class_list":{"0":"post-46762","1":"product","2":"type-product","3":"status-publish","4":"has-post-thumbnail","6":"product_cat-sahovske-figure","7":"product_cat-lesene-figure","8":"product_tag-95mm","10":"entry","11":"has-media","13":"first","14":"instock","15":"taxable","16":"shipping-taxable","17":"purchasable","18":"product-type-simple","19":"has-product-nav","20":"col","21":"span_1_of_4","22":"owp-content-center","23":"item-entry","24":"owp-thumbs-layout-horizontal","25":"owp-btn-normal","26":"owp-tabs-layout-section"},"wcpa_form_fields":null,"_links":{"self":[{"href":"https:\/\/chessgamesemporium.com\/fr\/wp-json\/wp\/v2\/product\/46762","targetHints":{"allow":["GET"]}}],"collection":[{"href":"https:\/\/chessgamesemporium.com\/fr\/wp-json\/wp\/v2\/product"}],"about":[{"href":"https:\/\/chessgamesemporium.com\/fr\/wp-json\/wp\/v2\/types\/product"}],"replies":[{"embeddable":true,"href":"https:\/\/chessgamesemporium.com\/fr\/wp-json\/wp\/v2\/comments?post=46762"}],"version-history":[{"count":1,"href":"https:\/\/chessgamesemporium.com\/fr\/wp-json\/wp\/v2\/product\/46762\/revisions"}],"predecessor-version":[{"id":64512,"href":"https:\/\/chessgamesemporium.com\/fr\/wp-json\/wp\/v2\/product\/46762\/revisions\/64512"}],"wp:featuredmedia":[{"embeddable":true,"href":"https:\/\/chessgamesemporium.com\/fr\/wp-json\/wp\/v2\/media\/48259"}],"wp:attachment":[{"href":"https:\/\/chessgamesemporium.com\/fr\/wp-json\/wp\/v2\/media?parent=46762"}],"wp:term":[{"taxonomy":"product_brand","embeddable":true,"href":"https:\/\/chessgamesemporium.com\/fr\/wp-json\/wp\/v2\/product_brand?post=46762"},{"taxonomy":"product_cat","embeddable":true,"href":"https:\/\/chessgamesemporium.com\/fr\/wp-json\/wp\/v2\/product_cat?post=46762"},{"taxonomy":"product_tag","embeddable":true,"href":"https:\/\/chessgamesemporium.com\/fr\/wp-json\/wp\/v2\/product_tag?post=46762"}],"curies":[{"name":"wp","href":"https:\/\/api.w.org\/{rel}","templated":true}]}}