{"id":46819,"date":"2023-01-24T13:31:54","date_gmt":"2023-01-24T13:31:54","guid":{"rendered":"https:\/\/www.ivh44.si\/Ponudbe\/chess\/?post_type=product&#038;p=46819"},"modified":"2024-04-15T11:27:38","modified_gmt":"2024-04-15T11:27:38","slug":"turnirska-sahovska-torba","status":"publish","type":"product","link":"https:\/\/chessgamesemporium.com\/fr\/shop\/razno-za-sah\/sahovske-skatle-torbe\/turnirska-sahovska-torba\/","title":{"rendered":"Sac de rangement pour jeux d'\u00e9checs de tournoi"},"content":{"rendered":"<p>Mati\u00e8re : Toile de nylon<br \/>\nDimensions : 52,5 x 21,5 x 7,5 cm<br \/>\nDouble fermeture \u00e9clair sur 3 c\u00f4t\u00e9s pour un acc\u00e8s facile \u00e0 l'int\u00e9rieur<br \/>\nPoign\u00e9e et bandouli\u00e8re amovible pour un transport ais\u00e9<br \/>\n2 poches int\u00e9rieures zipp\u00e9es pour ranger les pi\u00e8ces d'\u00e9checs<br \/>\nPoche zipp\u00e9e pour ranger la chronom\u00e8tre d'\u00e9checs<br \/>\nSangles \u00e9lastiques pour maintenir l'\u00e9chiquier enroulable<br \/>\nGrande poche int\u00e9rieure pour ranger les carnets de score.<\/p>\n<p>Ce sac pour jeux d'\u00e9checs de tournoi est con\u00e7u de mani\u00e8re optimale pour contenir tout le mat\u00e9riel n\u00e9cessaire au joueur et faciliter son transport jusqu'\u00e0 la prochaine partie. Fabriqu\u00e9 en nylon \u00e9pais et r\u00e9sistant, il est durable et supportera l'usure des voyages pendant de nombreuses ann\u00e9es. Ce sac est muni d'une poign\u00e9e et d'une bandouli\u00e8re amovible pour un transport ais\u00e9, ainsi que d'une double fermeture \u00e9clair permettant une ouverture sur trois c\u00f4t\u00e9s pour un acc\u00e8s facile au contenu. \u00c0 l'int\u00e9rieur, deux compartiments zipp\u00e9s permettent de ranger s\u00e9par\u00e9ment les pi\u00e8ces noires et blanches, et un grand compartiment zipp\u00e9 central peut accueillir un chronom\u00e8tre d'\u00e9checs de grande taille. Deux sangles \u00e9lastiques maintiennent en place un \u00e9chiquier enroulable, et une poche sur toute la longueur du sac permet de ranger les carnets de score et autres accessoires.<\/p>","protected":false},"excerpt":{"rendered":"<p>Material: najlonsko platno Mere: 23,5&#8243; x 8,5&#8243; x 3&#8243; \/ 52,5 x 21,5 x 7,5 cm Dvojna zadrga na 3 straneh za enostaven dostop do notranjosti Ro\u010daj in snemljiv naramni pas za enostavno prena\u0161anje 2 notranja \u017eepa z zadrgo za shranjevanje \u0161ahovskih figur \u017dep z zadrgo za shranjevanje \u0161ahovske ure Elasti\u010dni trakovi za pritrditev \u0161ahovnice [&hellip;]<\/p>","protected":false},"featured_media":56868,"comment_status":"closed","ping_status":"closed","template":"","meta":{"_seopress_robots_primary_cat":"none","_seopress_titles_title":"","_seopress_titles_desc":"","_seopress_robots_index":""},"product_brand":[],"product_cat":[578,547],"product_tag":[],"class_list":{"0":"post-46819","1":"product","2":"type-product","3":"status-publish","4":"has-post-thumbnail","6":"product_cat-sahovske-skatle-torbe","7":"product_cat-razno-za-sah","9":"entry","10":"has-media","12":"first","13":"instock","14":"taxable","15":"shipping-taxable","16":"purchasable","17":"product-type-variable","18":"has-product-nav","19":"col","20":"span_1_of_4","21":"owp-content-center","22":"item-entry","23":"owp-thumbs-layout-horizontal","24":"owp-btn-normal","25":"owp-tabs-layout-section"},"wcpa_form_fields":null,"_links":{"self":[{"href":"https:\/\/chessgamesemporium.com\/fr\/wp-json\/wp\/v2\/product\/46819","targetHints":{"allow":["GET"]}}],"collection":[{"href":"https:\/\/chessgamesemporium.com\/fr\/wp-json\/wp\/v2\/product"}],"about":[{"href":"https:\/\/chessgamesemporium.com\/fr\/wp-json\/wp\/v2\/types\/product"}],"replies":[{"embeddable":true,"href":"https:\/\/chessgamesemporium.com\/fr\/wp-json\/wp\/v2\/comments?post=46819"}],"version-history":[{"count":0,"href":"https:\/\/chessgamesemporium.com\/fr\/wp-json\/wp\/v2\/product\/46819\/revisions"}],"wp:featuredmedia":[{"embeddable":true,"href":"https:\/\/chessgamesemporium.com\/fr\/wp-json\/wp\/v2\/media\/56868"}],"wp:attachment":[{"href":"https:\/\/chessgamesemporium.com\/fr\/wp-json\/wp\/v2\/media?parent=46819"}],"wp:term":[{"taxonomy":"product_brand","embeddable":true,"href":"https:\/\/chessgamesemporium.com\/fr\/wp-json\/wp\/v2\/product_brand?post=46819"},{"taxonomy":"product_cat","embeddable":true,"href":"https:\/\/chessgamesemporium.com\/fr\/wp-json\/wp\/v2\/product_cat?post=46819"},{"taxonomy":"product_tag","embeddable":true,"href":"https:\/\/chessgamesemporium.com\/fr\/wp-json\/wp\/v2\/product_tag?post=46819"}],"curies":[{"name":"wp","href":"https:\/\/api.w.org\/{rel}","templated":true}]}}