{"id":47008,"date":"2023-01-25T13:36:27","date_gmt":"2023-01-25T13:36:27","guid":{"rendered":"https:\/\/www.ivh44.si\/Ponudbe\/chess\/?post_type=product&#038;p=47008"},"modified":"2025-08-09T04:52:45","modified_gmt":"2025-08-09T04:52:45","slug":"skatla-za-figure-oliva","status":"publish","type":"product","link":"https:\/\/chessgamesemporium.com\/fr\/shop\/razno-za-sah\/sahovske-skatle-torbe\/skatla-za-figure-oliva\/","title":{"rendered":"Coffret \u00e0 pi\u00e8ces d'\u00e9checs OLIVE"},"content":{"rendered":"<p>Un magnifique coffret en bois pr\u00e9cieux pour ranger vos pi\u00e8ces d'\u00e9checs.<br \/>\nCe coffret est id\u00e9al pour les pi\u00e8ces dont le roi mesure 90 mm ou moins. La plupart des pi\u00e8ces de taille standard (roi de 95 mm) peuvent y \u00eatre rang\u00e9es, mais l'espacement risque d'\u00eatre restreint et un empilement pr\u00e9cis peut s'av\u00e9rer n\u00e9cessaire.<\/p>\n<p>Mat\u00e9riau : Bois d'olivier<br \/>\nDimensions : 24 x 17 x 8 cm<br \/>\nLe fond int\u00e9rieur est doubl\u00e9 de feutre.<br \/>\nCe coffret peut \u00e9galement servir de bo\u00eete \u00e0 bijoux, de bo\u00eete de rangement ou de coffret cadeau.<\/p>","protected":false},"excerpt":{"rendered":"<p>Lepa, kvalitetna \u0161katla, presti\u017enega videza je odli\u010dna za shranjevanje figur. \u0160katla je najbolj primerna za \u0161ahovske figure z vi\u0161ino kralja 90 mm ali manj. Sicer je mo\u017eno shranjevati tudi figure standardnih dimenzij (vi\u0161ina kralja 95 mm), a se v tem primeru figure v \u0161katlo zlo\u017eijo bolj na tesno. Material: Les &#8211; Oljka Dimenzije: 24 x [&hellip;]<\/p>","protected":false},"featured_media":47147,"comment_status":"closed","ping_status":"closed","template":"","meta":{"_seopress_robots_primary_cat":"none","_seopress_titles_title":"","_seopress_titles_desc":"","_seopress_robots_index":""},"product_brand":[],"product_cat":[578,547],"product_tag":[],"class_list":{"0":"post-47008","1":"product","2":"type-product","3":"status-publish","4":"has-post-thumbnail","6":"product_cat-sahovske-skatle-torbe","7":"product_cat-razno-za-sah","8":"wcpa_has_options","10":"entry","11":"has-media","13":"first","14":"instock","15":"taxable","16":"shipping-taxable","17":"purchasable","18":"product-type-simple","19":"has-product-nav","20":"col","21":"span_1_of_4","22":"owp-content-center","23":"item-entry","24":"owp-thumbs-layout-horizontal","25":"owp-btn-normal","26":"owp-tabs-layout-section"},"wcpa_form_fields":{"rules":{"pric_overide_base_price":false,"pric_overide_base_price_if_gt_zero":false,"pric_overide_base_price_fully":false,"pric_cal_option_once":false,"pric_use_as_fee":false,"bind_quantity":false,"quantity_bind_formula":false},"fields":[{"type":"text","elementId":"wcpa-text-1666713333654","label":"Gravura ( opcijsko )","description":"Vpi\u0161ite \u017eeljeni tekst za graviranje (npr. Vse najbolj\u0161e, IME, datum ipd.)","desc_type":true,"enablePrice":true,"pricingType":"fixed","price":"7","name":"text-1666713333654","fee_label":"Za naro\u010dnike izven eu, bo davek od\u0161tet na blagajni.","subtype":"text","maxlength":"16","cl_rule":"show","col":6,"relations":false,"form_id":46231,"form_rules":{"pric_cal_option_once":false,"exclude_from_discount":false,"pric_use_as_fee":false,"fee_label":"Fee","render_after_acb":false,"disp_hide_options_price":false}}]},"_links":{"self":[{"href":"https:\/\/chessgamesemporium.com\/fr\/wp-json\/wp\/v2\/product\/47008","targetHints":{"allow":["GET"]}}],"collection":[{"href":"https:\/\/chessgamesemporium.com\/fr\/wp-json\/wp\/v2\/product"}],"about":[{"href":"https:\/\/chessgamesemporium.com\/fr\/wp-json\/wp\/v2\/types\/product"}],"replies":[{"embeddable":true,"href":"https:\/\/chessgamesemporium.com\/fr\/wp-json\/wp\/v2\/comments?post=47008"}],"version-history":[{"count":0,"href":"https:\/\/chessgamesemporium.com\/fr\/wp-json\/wp\/v2\/product\/47008\/revisions"}],"wp:featuredmedia":[{"embeddable":true,"href":"https:\/\/chessgamesemporium.com\/fr\/wp-json\/wp\/v2\/media\/47147"}],"wp:attachment":[{"href":"https:\/\/chessgamesemporium.com\/fr\/wp-json\/wp\/v2\/media?parent=47008"}],"wp:term":[{"taxonomy":"product_brand","embeddable":true,"href":"https:\/\/chessgamesemporium.com\/fr\/wp-json\/wp\/v2\/product_brand?post=47008"},{"taxonomy":"product_cat","embeddable":true,"href":"https:\/\/chessgamesemporium.com\/fr\/wp-json\/wp\/v2\/product_cat?post=47008"},{"taxonomy":"product_tag","embeddable":true,"href":"https:\/\/chessgamesemporium.com\/fr\/wp-json\/wp\/v2\/product_tag?post=47008"}],"curies":[{"name":"wp","href":"https:\/\/api.w.org\/{rel}","templated":true}]}}