{"id":47199,"date":"2023-01-27T10:15:12","date_gmt":"2023-01-27T10:15:12","guid":{"rendered":"https:\/\/www.ivh44.si\/Ponudbe\/chess\/?post_type=product&#038;p=47199"},"modified":"2023-11-22T11:34:07","modified_gmt":"2023-11-22T11:34:07","slug":"dgt-torba-za-leseno-sahovnico-figure-in-uro","status":"publish","type":"product","link":"https:\/\/chessgamesemporium.com\/fr\/shop\/razno-za-sah\/sahovske-skatle-torbe\/dgt-torba-za-leseno-sahovnico-figure-in-uro\/","title":{"rendered":"Sac de rangement pour jeux d'\u00e9checs DGT"},"content":{"rendered":"<p>Ces sacs de transport DGT personnalis\u00e9s offrent un espace suffisant pour un \u00e9chiquier \u00e9lectronique DGT, des pi\u00e8ces d'\u00e9checs, une pendule et des accessoires.<br \/>\nSolides et r\u00e9sistants, ils sont fabriqu\u00e9s en toile robuste avec un rembourrage renforc\u00e9 : la solution id\u00e9ale pour transporter et ranger votre pr\u00e9cieux mat\u00e9riel d'\u00e9checs en toute s\u00e9curit\u00e9.<\/p>\n<p>Deux petits sacs pour les pi\u00e8ces sont inclus.<br \/>\n\u00c9chiquier, pi\u00e8ces et pendule non inclus.<\/p>\n<p>&nbsp;<\/p>\n<p>&nbsp;<\/p>\n<p>&nbsp;<\/p>","protected":false},"excerpt":{"rendered":"<p>DGT Torba ponuja prostor za leseno \u0161ahovnico standardnih dimenzij, \u0161ahovske figure, uro in druge dodatke. Torba je izdelana iz robustnega prlatna z oja\u010danim oblazinjenim materialom: popoln na\u010din za varno prena\u0161anje in shranjevanje va\u0161ega najljub\u0161ega \u0161ahovskega kompleta. K torbi sta dodani tudi 2 \u0161ahovski vre\u010dki za figure. \u0160ahovnica, figure in ura niso vklju\u010deni v ceno. &nbsp; [&hellip;]<\/p>","protected":false},"featured_media":47202,"comment_status":"closed","ping_status":"closed","template":"","meta":{"_seopress_robots_primary_cat":"none","_seopress_titles_title":"","_seopress_titles_desc":"","_seopress_robots_index":""},"product_brand":[],"product_cat":[578,547],"product_tag":[],"class_list":{"0":"post-47199","1":"product","2":"type-product","3":"status-publish","4":"has-post-thumbnail","6":"product_cat-sahovske-skatle-torbe","7":"product_cat-razno-za-sah","9":"entry","10":"has-media","12":"first","13":"instock","14":"taxable","15":"shipping-taxable","16":"purchasable","17":"product-type-simple","18":"has-product-nav","19":"col","20":"span_1_of_4","21":"owp-content-center","22":"item-entry","23":"owp-thumbs-layout-horizontal","24":"owp-btn-normal","25":"owp-tabs-layout-section"},"wcpa_form_fields":null,"_links":{"self":[{"href":"https:\/\/chessgamesemporium.com\/fr\/wp-json\/wp\/v2\/product\/47199","targetHints":{"allow":["GET"]}}],"collection":[{"href":"https:\/\/chessgamesemporium.com\/fr\/wp-json\/wp\/v2\/product"}],"about":[{"href":"https:\/\/chessgamesemporium.com\/fr\/wp-json\/wp\/v2\/types\/product"}],"replies":[{"embeddable":true,"href":"https:\/\/chessgamesemporium.com\/fr\/wp-json\/wp\/v2\/comments?post=47199"}],"version-history":[{"count":0,"href":"https:\/\/chessgamesemporium.com\/fr\/wp-json\/wp\/v2\/product\/47199\/revisions"}],"wp:featuredmedia":[{"embeddable":true,"href":"https:\/\/chessgamesemporium.com\/fr\/wp-json\/wp\/v2\/media\/47202"}],"wp:attachment":[{"href":"https:\/\/chessgamesemporium.com\/fr\/wp-json\/wp\/v2\/media?parent=47199"}],"wp:term":[{"taxonomy":"product_brand","embeddable":true,"href":"https:\/\/chessgamesemporium.com\/fr\/wp-json\/wp\/v2\/product_brand?post=47199"},{"taxonomy":"product_cat","embeddable":true,"href":"https:\/\/chessgamesemporium.com\/fr\/wp-json\/wp\/v2\/product_cat?post=47199"},{"taxonomy":"product_tag","embeddable":true,"href":"https:\/\/chessgamesemporium.com\/fr\/wp-json\/wp\/v2\/product_tag?post=47199"}],"curies":[{"name":"wp","href":"https:\/\/api.w.org\/{rel}","templated":true}]}}