{"id":47205,"date":"2023-01-27T10:54:30","date_gmt":"2023-01-27T10:54:30","guid":{"rendered":"https:\/\/www.ivh44.si\/Ponudbe\/chess\/?post_type=product&#038;p=47205"},"modified":"2023-11-22T11:33:43","modified_gmt":"2023-11-22T11:33:43","slug":"dgt-torba-za-dgt-centaur","status":"publish","type":"product","link":"https:\/\/chessgamesemporium.com\/fr\/shop\/razno-za-sah\/sahovske-skatle-torbe\/dgt-torba-za-dgt-centaur\/","title":{"rendered":"Sac de voyage DGT pour DGT Centaur"},"content":{"rendered":"<p>Sac de transport pour ordinateur d'\u00e9checs DGT Centaur.<\/p>\n<p>Convient \u00e9galement aux jeux d'\u00e9checs dont le plateau mesure jusqu'\u00e0 40 x 40 cm (16\u00ab x 16 \u00bb).\nEmportez le DGT Centaur partout avec vous.\nSac de voyage sp\u00e9cialement con\u00e7u.<br \/>\nEn plus du plateau, les pi\u00e8ces et le chargeur peuvent \u00eatre rang\u00e9s proprement.<\/p>","protected":false},"excerpt":{"rendered":"<p>Potovalna torba za \u0161ahovski ra\u010dunalnik DGT Centaur Torba je primerna za \u0161ahovske garniture najve\u010djih dimenzij 40 x 40 cm. S pomo\u010djo torbe lahko vzamete s seboj na pot ali turnir. V torbi je dovolj prostora tudi za adapter in figure.<\/p>","protected":false},"featured_media":47208,"comment_status":"closed","ping_status":"closed","template":"","meta":{"_seopress_robots_primary_cat":"none","_seopress_titles_title":"","_seopress_titles_desc":"","_seopress_robots_index":""},"product_brand":[],"product_cat":[547,578],"product_tag":[],"class_list":{"0":"post-47205","1":"product","2":"type-product","3":"status-publish","4":"has-post-thumbnail","6":"product_cat-razno-za-sah","7":"product_cat-sahovske-skatle-torbe","9":"entry","10":"has-media","12":"first","13":"instock","14":"taxable","15":"shipping-taxable","16":"purchasable","17":"product-type-simple","18":"has-product-nav","19":"col","20":"span_1_of_4","21":"owp-content-center","22":"item-entry","23":"owp-thumbs-layout-horizontal","24":"owp-btn-normal","25":"owp-tabs-layout-section","26":"has-no-thumbnails"},"wcpa_form_fields":null,"_links":{"self":[{"href":"https:\/\/chessgamesemporium.com\/fr\/wp-json\/wp\/v2\/product\/47205","targetHints":{"allow":["GET"]}}],"collection":[{"href":"https:\/\/chessgamesemporium.com\/fr\/wp-json\/wp\/v2\/product"}],"about":[{"href":"https:\/\/chessgamesemporium.com\/fr\/wp-json\/wp\/v2\/types\/product"}],"replies":[{"embeddable":true,"href":"https:\/\/chessgamesemporium.com\/fr\/wp-json\/wp\/v2\/comments?post=47205"}],"version-history":[{"count":0,"href":"https:\/\/chessgamesemporium.com\/fr\/wp-json\/wp\/v2\/product\/47205\/revisions"}],"wp:featuredmedia":[{"embeddable":true,"href":"https:\/\/chessgamesemporium.com\/fr\/wp-json\/wp\/v2\/media\/47208"}],"wp:attachment":[{"href":"https:\/\/chessgamesemporium.com\/fr\/wp-json\/wp\/v2\/media?parent=47205"}],"wp:term":[{"taxonomy":"product_brand","embeddable":true,"href":"https:\/\/chessgamesemporium.com\/fr\/wp-json\/wp\/v2\/product_brand?post=47205"},{"taxonomy":"product_cat","embeddable":true,"href":"https:\/\/chessgamesemporium.com\/fr\/wp-json\/wp\/v2\/product_cat?post=47205"},{"taxonomy":"product_tag","embeddable":true,"href":"https:\/\/chessgamesemporium.com\/fr\/wp-json\/wp\/v2\/product_tag?post=47205"}],"curies":[{"name":"wp","href":"https:\/\/api.w.org\/{rel}","templated":true}]}}