{"id":47220,"date":"2023-01-27T12:04:16","date_gmt":"2023-01-27T12:04:16","guid":{"rendered":"https:\/\/www.ivh44.si\/Ponudbe\/chess\/?post_type=product&#038;p=47220"},"modified":"2026-01-23T11:55:37","modified_gmt":"2026-01-23T11:55:37","slug":"preklopna-garnitura-new-york","status":"publish","type":"product","link":"https:\/\/chessgamesemporium.com\/fr\/shop\/sahovski-kompleti\/zlozljive-garniture\/preklopna-garnitura-new-york\/","title":{"rendered":"Jeu d'\u00e9checs pliable en bois NEW YORK"},"content":{"rendered":"<p>D\u00e9couvrez notre jeu d'\u00e9checs pliable en bois NEW YORK, fabriqu\u00e9 \u00e0 partir de bois de premi\u00e8re qualit\u00e9 pour une exp\u00e9rience de jeu optimale. Ce jeu est con\u00e7u pour tous les passionn\u00e9s d'\u00e9checs qui appr\u00e9cient l'\u00e9l\u00e9gance, la qualit\u00e9 et un style intemporel.<\/p>\n<p>Son design pliable facilite le rangement et le transport, ce qui le rend id\u00e9al pour les joueurs d'\u00e9checs qui aiment jouer dans diff\u00e9rents lieux.<\/p>\n<p>Ce jeu se distingue par le design intemporel et artisanal des pi\u00e8ces, qui s'harmonisent parfaitement avec l'\u00e9chiquier en bois dans n'importe quel espace. Son raffinement et son esth\u00e9tique ne manqueront pas de vous s\u00e9duire.<\/p>\n<p>Le jeu d'\u00e9checs pliable en bois NEW YORK est le choix id\u00e9al pour ceux qui souhaitent jouer aux \u00e9checs avec style et \u00e9l\u00e9gance. Quel que soit votre niveau, ce jeu d'\u00e9checs en bois apportera joie et charme \u00e0 vos parties.<\/p>\n<p>Pi\u00e8ces d'\u00e9checs<br \/>\nPi\u00e8ces d'\u00e9checs en bois feutr\u00e9 de qualit\u00e9. Doublement lest\u00e9es et vernies. Les pi\u00e8ces noires sont peintes.<br \/>\nMat\u00e9riau : Palissandre<\/p>\n<p>Dimensions : (hauteur | largeur de la base)<br \/>\nRoi : 8,2 cm | 3,4 cm<br \/>\nReine : 6,7 cm | 3,2 cm<br \/>\nTour : 4,6 cm | 3,0 cm<br \/>\nFou : 6,2 cm | 3,0 cm<br \/>\nCavalier : 6,0 cm | 3,0 cm<br \/>\nPion : 4,7 cm | 2,8 cm<\/p>\n<p>\u00c9chiquier pliable :<br \/>\nCet \u00e9chiquier pliable en bois est dot\u00e9 d'un plateau de rangement pour les pi\u00e8ces.\n\nDimensions des cases : 5,0 x 5,0 cm<br \/>\nDimensions du jeu (ferm\u00e9) : 48 x 24 x 5 cm<\/p>\n<p>Attention ! Ne convient pas aux enfants de moins de 3 ans en raison des petites pi\u00e8ces ! Risque d'\u00e9touffement.<\/p>","protected":false},"excerpt":{"rendered":"<p>Predstavljamo na\u0161o leseno PREKLOPNO GARNITURO NEW YORK, izdelano iz prvovrstnega lesa, ki zagotavlja vrhunsko izku\u0161njo igranja \u0161aha. Ta \u0161ahovski komplet je ustvarjen za vse ljubitelje \u0161aha, ki cenijo eleganco, kakovost in brez\u010dasen slog. Zlo\u017eljiva zasnova omogo\u010da enostavno shranjevanje in prena\u0161anje, kar je idealno za \u0161ahiste, ki radi igrajo na razli\u010dnih mestih. PREKLOPNA GARNITURA NEW YORK [&hellip;]<\/p>","protected":false},"featured_media":48302,"comment_status":"closed","ping_status":"closed","template":"","meta":{"_seopress_robots_primary_cat":"none","_seopress_titles_title":"","_seopress_titles_desc":"","_seopress_robots_index":""},"product_brand":[],"product_cat":[510,518],"product_tag":[],"class_list":{"0":"post-47220","1":"product","2":"type-product","3":"status-publish","4":"has-post-thumbnail","6":"product_cat-sahovski-kompleti","7":"product_cat-zlozljive-garniture","8":"wcpa_has_options","10":"entry","11":"has-media","13":"first","14":"instock","15":"taxable","16":"shipping-taxable","17":"purchasable","18":"product-type-variable","19":"has-product-nav","20":"col","21":"span_1_of_4","22":"owp-content-center","23":"item-entry","24":"owp-thumbs-layout-horizontal","25":"owp-btn-normal","26":"owp-tabs-layout-section"},"wcpa_form_fields":{"rules":{"pric_overide_base_price":false,"pric_overide_base_price_if_gt_zero":false,"pric_overide_base_price_fully":false,"pric_cal_option_once":false,"pric_use_as_fee":false,"bind_quantity":false,"quantity_bind_formula":false},"fields":[{"type":"text","elementId":"wcpa-text-1666713333654","label":"Gravura ( opcijsko )","description":"Vpi\u0161ite \u017eeljeni tekst za graviranje (npr. Vse najbolj\u0161e, IME, datum ipd.)","desc_type":true,"enablePrice":true,"pricingType":"fixed","price":"7","name":"text-1666713333654","fee_label":"Za naro\u010dnike izven eu, bo davek od\u0161tet na blagajni.","subtype":"text","maxlength":"16","cl_rule":"show","col":6,"relations":false,"form_id":46231,"form_rules":{"pric_cal_option_once":false,"exclude_from_discount":false,"pric_use_as_fee":false,"fee_label":"Fee","render_after_acb":false,"disp_hide_options_price":false}}]},"_links":{"self":[{"href":"https:\/\/chessgamesemporium.com\/fr\/wp-json\/wp\/v2\/product\/47220","targetHints":{"allow":["GET"]}}],"collection":[{"href":"https:\/\/chessgamesemporium.com\/fr\/wp-json\/wp\/v2\/product"}],"about":[{"href":"https:\/\/chessgamesemporium.com\/fr\/wp-json\/wp\/v2\/types\/product"}],"replies":[{"embeddable":true,"href":"https:\/\/chessgamesemporium.com\/fr\/wp-json\/wp\/v2\/comments?post=47220"}],"version-history":[{"count":0,"href":"https:\/\/chessgamesemporium.com\/fr\/wp-json\/wp\/v2\/product\/47220\/revisions"}],"wp:featuredmedia":[{"embeddable":true,"href":"https:\/\/chessgamesemporium.com\/fr\/wp-json\/wp\/v2\/media\/48302"}],"wp:attachment":[{"href":"https:\/\/chessgamesemporium.com\/fr\/wp-json\/wp\/v2\/media?parent=47220"}],"wp:term":[{"taxonomy":"product_brand","embeddable":true,"href":"https:\/\/chessgamesemporium.com\/fr\/wp-json\/wp\/v2\/product_brand?post=47220"},{"taxonomy":"product_cat","embeddable":true,"href":"https:\/\/chessgamesemporium.com\/fr\/wp-json\/wp\/v2\/product_cat?post=47220"},{"taxonomy":"product_tag","embeddable":true,"href":"https:\/\/chessgamesemporium.com\/fr\/wp-json\/wp\/v2\/product_tag?post=47220"}],"curies":[{"name":"wp","href":"https:\/\/api.w.org\/{rel}","templated":true}]}}